{"id":2761,"date":"2024-06-11T17:52:13","date_gmt":"2024-06-11T17:52:13","guid":{"rendered":"https:\/\/ba-cup.com\/app\/?page_id=2761"},"modified":"2025-11-17T18:44:39","modified_gmt":"2025-11-17T18:44:39","slug":"info-copa-baires-port","status":"publish","type":"page","link":"https:\/\/ba-cup.com\/app\/info-copa-baires-port\/","title":{"rendered":"Info copa Baires PORT"},"content":{"rendered":"<p>[vc_row css_animation=\u00bb\u00bb row_type=\u00bbrow\u00bb use_row_as_full_screen_section=\u00bbno\u00bb type=\u00bbfull_width\u00bb angled_section=\u00bbno\u00bb text_align=\u00bbleft\u00bb background_image_as_pattern=\u00bbwithout_pattern\u00bb css=\u00bb.vc_custom_1689546000323{background-color: #ffffff !important;}\u00bb z_index=\u00bb\u00bb][vc_column][vc_empty_space][\/vc_column][\/vc_row][vc_row css_animation=\u00bb\u00bb row_type=\u00bbrow\u00bb use_row_as_full_screen_section=\u00bbno\u00bb type=\u00bbgrid\u00bb angled_section=\u00bbno\u00bb text_align=\u00bbleft\u00bb background_image_as_pattern=\u00bbwithout_pattern\u00bb z_index=\u00bb\u00bb padding_top=\u00bb40&#8243; padding_bottom=\u00bb40&#8243; css=\u00bb.vc_custom_1658152364359{background-color: #bbeada !important;}\u00bb][vc_column][vc_column_text]<\/p>\n<h3><span style=\"color: #ff6600;\">LEMBRETE:<\/span><\/h3>\n<p>[\/vc_column_text][vc_column_text]<b>REQUISITOS OBRIGAT\u00d3RIOS\u00a0<\/b><\/p>\n<p><strong>1. Camisas \u2013 trazer 02 conjuntos ou 01 conjunto e coletes. \u2028<\/strong><strong>2. Cal\u00e7ado: est\u00e1 na escolha do jogador.<\/strong><strong>3. Caneleiras.<br \/>\n<\/strong><\/p>\n<p><strong>4. Bolas \u2013 todas as equipes devem trazer para realizar suas pr\u00e1ticas e movimentos pr\u00e9-competitivos (a BA Cup s\u00f3 disponibiliza bolas durante as partidas do torneio)\u2028.<\/strong><\/p>\n<p><strong>5. Passaporte ou Documento de Identifica\u00e7\u00e3o v\u00e1lida, com uma fotoc\u00f3pia. \u2028<\/strong><\/p>\n<p><strong>6. A lista de inscri\u00e7\u00e3o, as regras e contrata\u00e7\u00e3o de pacotes BA Cup assinadas a traves do nosso sistema online. .\u2028<\/strong><\/p>\n<p><strong>7. Pulseira de Identifica\u00e7\u00e3o \u2013 damos uma pulseira aos participantes que contrataram o pacote de servi\u00e7os BA Cup. Para poder usar o transporte, almo\u00e7ar e jantar, \u00e9 necess\u00e1rio o uso dessa pulseira durante todo o torneio.<\/strong><\/p>\n<p><span class=\"Apple-converted-space\">LEMBRETE DE RECOMENDA\u00c7\u00d5ES:e\u00bb&gt;\u00a0<\/span><\/p>\n<p><strong>1. Trazer bandeira\/lembrancinhas de sua equipe e\/ou pa\u00eds para o desfile e tamb\u00e9m para trocar com outros jogadores durante as partidas.\u2028\u00a0<\/strong><strong>2. Trazer roupa para trocas durante o dia.<\/strong><\/p>\n<p><strong>3. Toalha para tomar banho nos vesti\u00e1rios.<\/strong><\/p>\n<p><strong>4. Roupa agasalhada, casaco imperme\u00e1vel, casaco corta-vento.<\/strong><\/p>\n<p><strong>5. C\u00e2mera fotogr\u00e1fica.<\/strong><\/p>\n<p><strong>6. Adaptadores el\u00e9tricos (para tomadas).\u2028<\/strong><\/p>\n<p><strong>7. Caderno, caneta, etc, para os semin\u00e1rios.\u2028<\/strong><\/p>\n<p><strong>8. Protetor solar.<\/strong>[\/vc_column_text][\/vc_column][\/vc_row][vc_row css_animation=\u00bb\u00bb row_type=\u00bbrow\u00bb use_row_as_full_screen_section=\u00bbno\u00bb type=\u00bbgrid\u00bb angled_section=\u00bbno\u00bb text_align=\u00bbleft\u00bb background_image_as_pattern=\u00bbwithout_pattern\u00bb z_index=\u00bb\u00bb padding_top=\u00bb40&#8243; padding_bottom=\u00bb40&#8243;][vc_column][vc_column_text]<\/p>\n<h3><span style=\"color: #ff6600;\">COMO CHEGAR A GEBA<\/span><\/h3>\n<p>[\/vc_column_text][vc_column_text]<em>Todos os jogos, eventos, cl\u00ednicas, acontecer\u00e3o<span class=\"Apple-converted-space\">\u00a0 <\/span>no clube GEBA. Av. Figueroa Alcorta 5575, (ver mapa na pr\u00f3xima p\u00e1gina. <strong>Entrada pela Rua Julio Argentino Noble, antiga Rua Guerrico) Cidade de Buenos Aires.<\/strong><\/em><\/p>\n<p><b>De Carro<\/b><\/p>\n<p>Consulte a pr\u00f3xima p\u00e1gina para obter um mapa de como chegar e onde estacionar.<\/p>\n<p><b>De Transporte P\u00fablico do CENTRO \u2013 GEBA<\/b><\/p>\n<p>Os \u00f4nibus 34, 37, 130, 160 v\u00e3o diretamente para o complexo. A p\u00e1gina Mapa.Buenosaires.gov.ar permite que voc\u00ea insira seu endere\u00e7o e veja a melhor forma de chegar l\u00e1.<\/p>\n<p><b>De T\u00e1xi<span class=\"Apple-converted-space\">\u00a0<\/span><\/b><\/p>\n<p>Recomendamos utilizar a R\u00e1dio T\u00e1xi (5280-0000 ou 4374-6666) ou o aplicativo CABIFY.<\/p>\n<p>Informe ao motorista o endere\u00e7o do GEBA (Figueroa Alcorta 5575) e que a entrada para entrar \u00e9 pela Rua Julio Argentino Noble.<span class=\"Apple-converted-space\">\u00a0 <\/span>L\u00e1 voc\u00ea achar\u00e1 a equipe da recep\u00e7\u00e3o da BA Cup.<\/p>\n<p><b>De Transporte Oficial BA CUP<\/b><\/p>\n<p>Para os times que contratarem transporte oficial da<span class=\"Apple-converted-space\">\u00a0 <\/span>BA Cup , haver\u00e1 pontos de encontro para pegar nosso servi\u00e7o de \u00f4nibus e micro-\u00f4nibus de suas acomoda\u00e7\u00f5es ( hot\u00e9is ) at\u00e9 o complexo do GEBA.<span class=\"Apple-converted-space\">\u00a0 <\/span>O mesmo para retornar em hor\u00e1rio de sua conveni\u00eancia.[\/vc_column_text][vc_single_image image=\u00bb409&#8243; img_size=\u00bbfull\u00bb alignment=\u00bbcenter\u00bb onclick=\u00bbzoom\u00bb qode_css_animation=\u00bb\u00bb][vc_empty_space height=\u00bb12px\u00bb][\/vc_column][\/vc_row][vc_row css_animation=\u00bb\u00bb row_type=\u00bbrow\u00bb use_row_as_full_screen_section=\u00bbno\u00bb type=\u00bbfull_width\u00bb angled_section=\u00bbno\u00bb text_align=\u00bbleft\u00bb background_image_as_pattern=\u00bbwithout_pattern\u00bb z_index=\u00bb\u00bb side_padding=\u00bb2&#8243; padding_top=\u00bb40&#8243; padding_bottom=\u00bb40&#8243;][vc_column][vc_column_text]<\/p>\n<h3><span style=\"color: #ff6600;\">HOSPEDAGEM<\/span><\/h3>\n<p>[\/vc_column_text][vc_column_text]As equipes que contratarem pacotes da \u00a0Copa BA Cup \u00a0ficar\u00e3o hospedadas em \u00a0hot\u00e9is oficiais da copa.[\/vc_column_text][\/vc_column][\/vc_row][vc_row css_animation=\u00bb\u00bb row_type=\u00bbrow\u00bb use_row_as_full_screen_section=\u00bbno\u00bb type=\u00bbfull_width\u00bb angled_section=\u00bbno\u00bb text_align=\u00bbleft\u00bb background_image_as_pattern=\u00bbwithout_pattern\u00bb z_index=\u00bb\u00bb side_padding=\u00bb2&#8243; padding_top=\u00bb40&#8243; padding_bottom=\u00bb40&#8243;][vc_column][vc_column_text]<\/p>\n<h3><span style=\"color: #ff6600;\">SERVI\u00c7OS E ATIVIDADES<br \/>\n<\/span><\/h3>\n<p>[\/vc_column_text][vc_column_text]<em>Oferecemos diversos servi\u00e7os para que voc\u00ea fique mais confort\u00e1vel durante o torneio e possa relembrar sua experi\u00eancia na<span class=\"Apple-converted-space\">\u00a0 <\/span>BA Cup.<\/em><\/p>\n<p><b>Alimenta\u00e7\u00e3o<\/b>: Podemos oferecer dois restaurantes e v\u00e1rios quiosques para qualquer necessidade que voc\u00ea possa ter. Contate-nos para reservar seu almo\u00e7o completo com a promo\u00e7\u00e3o BA Cup. As equipes que contrataram o pacote com refei\u00e7\u00f5es jantar\u00e3o em restaurantes designados pr\u00f3ximos ao seu<span class=\"Apple-converted-space\">\u00a0 <\/span>hotel.<span class=\"Apple-converted-space\">\u00a0 <\/span>O almo\u00e7o \u00e9 servido nos restaurantes do clube GEBA ou em restaurante pr\u00f3ximo ao hotel.<span class=\"Apple-converted-space\">\u00a0 <\/span>Cada menu inclui prato principal, acompanhamentos, bebida e sobremesa.<span class=\"Apple-converted-space\">\u00a0<\/span><\/p>\n<p><b>M\u00e9dicos:<\/b> Teremos m\u00e9dicos e ambul\u00e2ncia \u00e0 disposi\u00e7\u00e3o durante as partidas do torneio. Eles estar\u00e3o l\u00e1 para nos ajudar em qualquer emerg\u00eancia que surgir.<\/p>\n<p><b>Fotografia:<\/b> Nossa equipe de fot\u00f3grafos estar\u00e1 presente para capturar seus melhores momentos e tirar fotos em a\u00e7\u00e3o. Publicaremos todas as fotos em nossas redes sociais.<\/p>\n<p><b>Merchandising oficial da BA Cup:<\/b> N\u00e3o perca a oportunidade de usar produtos exclusivos da BA Cup. Visite o estande de informa\u00e7\u00f5es para escolher camisetas, jaquetas, luvas, chaveiros e muito mais.<span class=\"Apple-converted-space\">\u00a0<\/span><\/p>\n<p><b>Excurs\u00f5es em Buenos Aires:<\/b> Oferecemos a possibilidade de desfrutar de um city tour, tour pelos est\u00e1dios Boca Juniors e River Plate, show de tango, tour Tigre e muito mais. Durante a copa uma ag\u00eancia oficial estar\u00e1 presente para todas as suas necessidades no seu tempo livre.[\/vc_column_text][\/vc_column][\/vc_row][vc_row css_animation=\u00bb\u00bb row_type=\u00bbrow\u00bb use_row_as_full_screen_section=\u00bbno\u00bb type=\u00bbfull_width\u00bb angled_section=\u00bbno\u00bb text_align=\u00bbleft\u00bb background_image_as_pattern=\u00bbwithout_pattern\u00bb z_index=\u00bb\u00bb side_padding=\u00bb2&#8243; padding_top=\u00bb40&#8243; padding_bottom=\u00bb40&#8243;][vc_column][vc_column_text]<\/p>\n<h3><span style=\"color: #ff6600;\"> MAIS SERVI\u00c7OS E ATIVIDADES <\/span><\/h3>\n<p>[\/vc_column_text][vc_column_text]<strong>Museus Boca Juniors e River Plate:<\/strong> Os est\u00e1dios nos abrem suas portas para um passeio pelo museu para conhecer sua impressionante hist\u00f3ria como um dos clubes mais importantes do mundo. Contacte-nos em info@ba-cup.com ou visite o balc\u00e3o de informa\u00e7\u00f5es para comprar o seu bilhete a um pre\u00e7o preferencial.<\/p>\n<p><b>R\u00e1dio Copa BA Cup<span class=\"Apple-converted-space\">\u00a0 <\/span>ao vivo com transmiss\u00e3o online<\/b>: Para todos aqueles que n\u00e3o podem comparecer \u00e0 copa, mas que torcem pelo seu time de longe, voc\u00eas podem acompanh\u00e1-los pela nossa R\u00e1dio! De 22 a 26 de julho transmitiremos de nosso complexo esportivo das 11h \u00e0s 19h (hor\u00e1rio da Argentina).<span class=\"Apple-converted-space\">\u00a0 <\/span>No dia 26 de julho acompanharemos ao vivo as finais da copa. Aproveite e viva a paix\u00e3o da BA Cup sem importar a dist\u00e2ncia!<\/p>\n<p><b>Hino Oficial da Copa BA:<span class=\"Apple-converted-space\">\u00a0<\/span><\/b><\/p>\n<p>Como toda copa internacional que tem sua m\u00fasica oficial para seus jogadores e torcedores, n\u00e3o poder\u00edamos deix\u00e1-los sem ela tamb\u00e9m!<\/p>\n<p><b>Check-in Hoteis<\/b>: O check-in nos hot\u00e9is \u00e9 \u00e0s 15h00 hs. Se houver quartos dispon\u00edveis mais cedo voc\u00ea poder\u00e1 ingressar. Isto ser\u00e1 acordado com o hotel no dia da chegada.<\/p>\n<p><b>Setor de Atividades Recreativas: <\/b>O torneio conta com um setor de Atividades Recreativas onde as equipes encontrar\u00e3o campos de pebolim, quadras de futebol-t\u00eanis, pequenos jogos e muito mais atividades. H\u00e1 tamb\u00e9m atividades para treinadores e pais. O setor est\u00e1 \u00e0 sua disposi\u00e7\u00e3o todos os dias das 11h \u00e0s 17h. Todos devem trazer chuteiras, vontade de se divertir e fazer novas amizades com os demais times.[\/vc_column_text][\/vc_column][\/vc_row][vc_row css_animation=\u00bb\u00bb row_type=\u00bbrow\u00bb use_row_as_full_screen_section=\u00bbno\u00bb type=\u00bbfull_width\u00bb angled_section=\u00bbno\u00bb text_align=\u00bbleft\u00bb background_image_as_pattern=\u00bbwithout_pattern\u00bb z_index=\u00bb\u00bb side_padding=\u00bb2&#8243; padding_top=\u00bb40&#8243; padding_bottom=\u00bb40&#8243;][vc_column][vc_column_text]<\/p>\n<h3><span style=\"color: #ff6600;\"> INFORMA\u00c7\u00c3O ADICIONAL <\/span><\/h3>\n<p>[\/vc_column_text][vc_column_text]<b>Sorteio:<\/b> Oferecemos diversas oportunidades de arrecada\u00e7\u00e3o de fundos que ajudar\u00e3o a todos os jogadores, times e torcedores a cobrir todo o custo da viagem sem gastar nada!<span class=\"Apple-converted-space\">\u00a0 <\/span>Uma das formas \u00e9 participar de um grande sorteio onde vamos sortear uma viagem de 5 noites para 2 pessoas para Buenos Aires ou Salta, o sorteio \u00e9 realizado na cerim\u00f4nia de abertura.<span class=\"Apple-converted-space\">\u00a0 <\/span>A BA Cup faz quest\u00e3o para que a sua viagem seja uma experi\u00eancia memor\u00e1vel e inesquec\u00edvel.<span class=\"Apple-converted-space\">\u00a0 <\/span>Para mais informa\u00e7\u00f5es, visite nossa p\u00e1gina de arrecada\u00e7\u00e3o de fundos: www.ba-cup.com\/rifa\/.<\/p>\n<p><b>Dica:<\/b> \u00c9 costume dar gorjeta de 10% em restaurantes, mas n\u00e3o \u00e9 obrigat\u00f3rio. Gorjetas n\u00e3o s\u00e3o deixadas em t\u00e1xis.<\/p>\n<p><b>Dinheiro Argentino:<\/b> Recomendamos n\u00e3o trocar dinheiro na rua. Voc\u00eas poder\u00e3o trocar no seu pais de origem (antes de sair )<span class=\"Apple-converted-space\">\u00a0 <\/span>ou atrav\u00e9s da casa de c\u00e2mbio que estar\u00e1 no torneio.<span class=\"Apple-converted-space\">\u00a0 <\/span>Na tenda de merchandising estar\u00e1 presente o pessoal para o troco de dinheiro entre as 10 e 16 h.<span class=\"Apple-converted-space\">\u00a0 <\/span>As empresas que prestam servi\u00e7os durante o torneio aceitar\u00e3o apenas pesos argentinos. Em um dia normal, recomendamos que voc\u00ea tenha cerca de $ 70.000 pesos para viajar, comer e curtir Buenos Aires.<\/p>\n<p><b>Seguran\u00e7a:<\/b> Buenos Aires \u00e9 uma cidade segura. A \u00fanica recomenda\u00e7\u00e3o que fazemos \u00e9 que voc\u00ea n\u00e3o tenha objetos de valor vis\u00edveis, n\u00e3o deixe suas malas ou carteiras sozinhas, nem seus celulares onde seja f\u00e1cil lev\u00e1-los.<span class=\"Apple-converted-space\">\u00a0 <\/span>O complexo est\u00e1 fechado e todos que v\u00e3o ingressando devem estar cadastrados em uma lista. A BA Cup n\u00e3o se responsabiliza por roubos ou danos causados \u200b\u200bdurante o torneio a qualquer integrante como jogadores, comiss\u00e3o t\u00e9cnica, acompanhantes pertencentes a cada equipe.<\/p>\n<p><b>Entrada no GEBA<\/b>: Ainda este ano em colabora\u00e7\u00e3o com a ONG FUNDAGOL, cobraremos de todos os acompanhantes uma entrada de $10000 pesos por dia. Aposentados e Crian\u00e7as entre 8 e 12 anos custam $5000 pesos por dia. Crian\u00e7as menores de 8 anos t\u00eam entrada gratuita. Todo o valor arrecadado \u00e9 doado \u00e0 Funda\u00e7\u00e3o Gol para ajudar crian\u00e7as carentes a terem a oportunidade de praticar esportes em um ambiente seguro.<span class=\"Apple-converted-space\">\u00a0<\/span><\/p>\n<p><b>Traslados desde o Aeroporto<\/b>: Recomendamos que voc\u00ea utilize uma ag\u00eancia de transporte localizada dentro do aeroporto (EZEIZA). Para quem contratou o pacote de servi\u00e7os da<span class=\"Apple-converted-space\">\u00a0 <\/span>BA Cup<span class=\"Apple-converted-space\">\u00a0 <\/span>o transporte ida e volta est\u00e1 incluso no servi\u00e7o. Procure a placa da<span class=\"Apple-converted-space\">\u00a0 <\/span>BA<span class=\"Apple-converted-space\">\u00a0 <\/span>Cup com o nome do seu time para identificar a pessoa do nosso staff que est\u00e1 esperando por voc\u00ea.<\/p>\n<p><b>O Clima:<\/b> No ver\u00e3o, Buenos Aires costuma ter temperaturas altas, geralmente variando entre 25\u00b0C e 33\u00b0C, com dias muito ensolarados e algumas chuvas ou tempestades isoladas. Lembrem-se de levar roupas leves, protetor solar, bon\u00e9\/chap\u00e9u e de se manterem bem hidratados.<\/p>\n<p><b>N\u00fameros de nossa equipe<\/b>. Deve estar marcado desde Buenos Aires: Dami\u00e1n: 15 3401 5954 \/ ANNA: +1 415 710 5025 \/ Jack: 15 3558 4943 \/ CESAR: 15 226 2465 530 \/ Santiago: 15 226 2539 853 \/ Mat\u00edas: 226 2 15 61 6462 \/ Eug\u00e9nia: 2262 15 59 7237<\/p>\n<p>Para ligar para a Argentina do exterior, s\u00e3o necess\u00e1rios o c\u00f3digo do pa\u00eds (54) e o c\u00f3digo da cidade (11).<span class=\"Apple-converted-space\">\u00a0 <\/span>Para ligar para um celular, voc\u00ea deve adicionar um 9 antes do c\u00f3digo da cidade.<\/p>\n<p>Exemplo : +549 11 59 7237.<\/p>\n<p>Telefones de emerg\u00eancia: A Argentina tamb\u00e9m usa o padr\u00e3o 911 para qualquer emerg\u00eancia.[\/vc_column_text][\/vc_column][\/vc_row]<\/p>\n","protected":false},"excerpt":{"rendered":"<p>[vc_row css_animation=\u00bb\u00bb row_type=\u00bbrow\u00bb use_row_as_full_screen_section=\u00bbno\u00bb type=\u00bbfull_width\u00bb angled_section=\u00bbno\u00bb text_align=\u00bbleft\u00bb background_image_as_pattern=\u00bbwithout_pattern\u00bb css=\u00bb.vc_custom_1689546000323{background-color: #ffffff !important;}\u00bb z_index=\u00bb\u00bb][vc_column][vc_empty_space][\/vc_column][\/vc_row][vc_row css_animation=\u00bb\u00bb row_type=\u00bbrow\u00bb use_row_as_full_screen_section=\u00bbno\u00bb type=\u00bbgrid\u00bb angled_section=\u00bbno\u00bb text_align=\u00bbleft\u00bb background_image_as_pattern=\u00bbwithout_pattern\u00bb z_index=\u00bb\u00bb padding_top=\u00bb40&#8243; padding_bottom=\u00bb40&#8243; css=\u00bb.vc_custom_1658152364359{background-color: #bbeada !important;}\u00bb][vc_column][vc_column_text] LEMBRETE: [\/vc_column_text][vc_column_text]REQUISITOS OBRIGAT\u00d3RIOS\u00a0 1. Camisas \u2013 trazer 02 conjuntos ou 01 conjunto e coletes. \u20282. Cal\u00e7ado: est\u00e1 na escolha do&#8230;<\/p>\n","protected":false},"author":2,"featured_media":0,"parent":0,"menu_order":0,"comment_status":"closed","ping_status":"closed","template":"landing_page.php","meta":{"footnotes":""},"class_list":["post-2761","page","type-page","status-publish","hentry"],"_links":{"self":[{"href":"https:\/\/ba-cup.com\/app\/wp-json\/wp\/v2\/pages\/2761","targetHints":{"allow":["GET"]}}],"collection":[{"href":"https:\/\/ba-cup.com\/app\/wp-json\/wp\/v2\/pages"}],"about":[{"href":"https:\/\/ba-cup.com\/app\/wp-json\/wp\/v2\/types\/page"}],"author":[{"embeddable":true,"href":"https:\/\/ba-cup.com\/app\/wp-json\/wp\/v2\/users\/2"}],"replies":[{"embeddable":true,"href":"https:\/\/ba-cup.com\/app\/wp-json\/wp\/v2\/comments?post=2761"}],"version-history":[{"count":11,"href":"https:\/\/ba-cup.com\/app\/wp-json\/wp\/v2\/pages\/2761\/revisions"}],"predecessor-version":[{"id":4906,"href":"https:\/\/ba-cup.com\/app\/wp-json\/wp\/v2\/pages\/2761\/revisions\/4906"}],"wp:attachment":[{"href":"https:\/\/ba-cup.com\/app\/wp-json\/wp\/v2\/media?parent=2761"}],"curies":[{"name":"wp","href":"https:\/\/api.w.org\/{rel}","templated":true}]}}