{"id":3591,"date":"2025-01-27T19:28:50","date_gmt":"2025-01-27T19:28:50","guid":{"rendered":"https:\/\/ba-cup.com\/app\/?page_id=3591"},"modified":"2025-01-31T15:03:46","modified_gmt":"2025-01-31T15:03:46","slug":"info-de-la-copa-riviera-port","status":"publish","type":"page","link":"https:\/\/ba-cup.com\/app\/info-de-la-copa-riviera-port\/","title":{"rendered":"Info de la Copa Riviera Port"},"content":{"rendered":"<p>[vc_row css_animation=\u00bb\u00bb row_type=\u00bbrow\u00bb use_row_as_full_screen_section=\u00bbno\u00bb type=\u00bbfull_width\u00bb angled_section=\u00bbno\u00bb text_align=\u00bbleft\u00bb background_image_as_pattern=\u00bbwithout_pattern\u00bb z_index=\u00bb\u00bb side_padding=\u00bb2&#8243;][vc_column][vc_empty_space][vc_column_text]<\/p>\n<div class=\"page\" title=\"Page 1\">\n<div class=\"layoutArea\">\n<div class=\"column\">\n<h3>BEM-VINDOS \u00c0 BA CUP CARIBE<\/h3>\n<\/div>\n<\/div>\n<\/div>\n<p>[\/vc_column_text][vc_column_text]<\/p>\n<div class=\"page\" title=\"Page 1\">\n<div class=\"layoutArea\">\n<div class=\"column\">\n<p>Em 2025, ser\u00e3o realizadas simultaneamente duas edi\u00e7\u00f5es da BA Cup Caribe em Canc\u00fan, M\u00e9xico.<br \/>\nUma copa para crian\u00e7as e outra para adultos. Os eventos contar\u00e3o com mais de 500 jogadores da Argentina, Austr\u00e1lia, Brasil, Canad\u00e1, Col\u00f4mbia, Costa Rica, Equador, EUA, Laos, M\u00e9xico, Porto Rico, Su\u00e9cia e Peru. Todos ter\u00e3o a oportunidade de demonstrar seu talento e se divertir, convivendo com pessoas de diferentes culturas e tradi\u00e7\u00f5es, que poder\u00e3o ser compartilhadas dentro e fora dos campos de jogo.<\/p>\n<p>&nbsp;<\/p>\n<p>A seguir, voc\u00eas encontrar\u00e3o informa\u00e7\u00f5es com todos os dados necess\u00e1rios, como hor\u00e1rios, endere\u00e7os e todos os servi\u00e7os que possam precisar, al\u00e9m de lembretes sobre documentos, acess\u00f3rios e outros itens que dever\u00e3o trazer para o campeonato.<\/p>\n<p>&nbsp;<\/p>\n<p>Esperamos voc\u00eas de bra\u00e7os abertos e com a melhor atitude, para que possam viver uma experi\u00eancia inesquec\u00edvel. S\u00f3 precisam vir com vontade de jogar e suar pela camisa!<\/p>\n<\/div>\n<\/div>\n<\/div>\n<p>[\/vc_column_text][vc_empty_space][\/vc_column][\/vc_row][vc_row css_animation=\u00bb\u00bb row_type=\u00bbrow\u00bb use_row_as_full_screen_section=\u00bbno\u00bb type=\u00bbfull_width\u00bb angled_section=\u00bbno\u00bb text_align=\u00bbleft\u00bb background_image_as_pattern=\u00bbwithout_pattern\u00bb z_index=\u00bb\u00bb side_padding=\u00bb2&#8243; css=\u00bb.vc_custom_1673622917729{background-color: #ceefed !important;}\u00bb][vc_column][vc_empty_space][vc_column_text]<\/p>\n<div class=\"page\" title=\"Page 2\">\n<div class=\"layoutArea\">\n<div class=\"column\">\n<h4>LEMBRETE<\/h4>\n<\/div>\n<\/div>\n<\/div>\n<p>[\/vc_column_text][vc_column_text]<\/p>\n<div class=\"page\" title=\"Page 2\">\n<div class=\"layoutArea\">\n<div class=\"column\">\n<p><b>Al\u00e9m da documenta\u00e7\u00e3o que puderem precisar:<span class=\"Apple-converted-space\">\u00a0<\/span><\/b><b><\/b><\/p>\n<ul>\n<li>Camisetas \u2013 trazer 2 conjuntos ou um conjunto e coletes.<\/li>\n<li>Chuteiras com cravos para grama natural.<\/li>\n<li>Caneleiras.<\/li>\n<li>Bolas: todos os times devem trazer suas pr\u00f3prias bolas para realizar os treinos e aquecimentos pr\u00e9-competi\u00e7\u00e3o (a BA CUP fornece bolas apenas durante as partidas do torneio).<\/li>\n<li>Passaporte ou documento de identifica\u00e7\u00e3o.<\/li>\n<li>Ler as regras do jogo e o cronograma da copa.<\/li>\n<li>Pulseira de Identifica\u00e7\u00e3o \u2013 Fornecemos uma pulseira para cada participante que contratou o pacote de hospedagem da BA Cup. Para ter acesso ao campo de jogo e aos transportes, \u00e9 necess\u00e1rio usar a pulseira durante todo o torneio. Ela tem validade de 1 semana e n\u00e3o deve ser retirada ou cortada do pulso durante esse per\u00edodo.<\/li>\n<\/ul>\n<\/div>\n<\/div>\n<\/div>\n<p>[\/vc_column_text][vc_empty_space][vc_column_text]<\/p>\n<div class=\"page\" title=\"Page 2\">\n<div class=\"layoutArea\">\n<div class=\"column\">\n<h4>SUGEST\u00d5ES IMPORTANTES PARA CONSIDERAR<\/h4>\n<\/div>\n<\/div>\n<\/div>\n<p>[\/vc_column_text][vc_column_text]\u2022 Trazer bandeira do seu clube e\/ou pa\u00eds<br \/>\n\u2022 Troca de roupa durante o dia<br \/>\n\u2022 Toalha para o banho nos vesti\u00e1rios <b>(N\u00e3o \u00e9 permitido levar as toalhas dos quartos para o campo)<\/b><br \/>\n\u2022 Traje de banho<br \/>\n\u2022 C\u00e2mera fotogr\u00e1fica<br \/>\n\u2022 Adaptadores el\u00e9tricos. O M\u00e9xico usa uma voltagem de 110V.<br \/>\n\u2022 Caderno, caneta, etc. para as cl\u00ednicas<br \/>\n\u2022 Protetor solar[\/vc_column_text][vc_empty_space][\/vc_column][\/vc_row][vc_row css_animation=\u00bb\u00bb row_type=\u00bbrow\u00bb use_row_as_full_screen_section=\u00bbno\u00bb type=\u00bbfull_width\u00bb angled_section=\u00bbno\u00bb text_align=\u00bbleft\u00bb background_image_as_pattern=\u00bbwithout_pattern\u00bb z_index=\u00bb\u00bb side_padding=\u00bb2&#8243;][vc_column][vc_empty_space][vc_column_text]<\/p>\n<div class=\"page\" title=\"Page 1\">\n<div class=\"layoutArea\">\n<div class=\"column\">\n<h4>INFORMA\u00c7\u00d5ES DO HOTEL<\/h4>\n<\/div>\n<\/div>\n<\/div>\n<p>[\/vc_column_text][vc_column_text]A apenas 14 km do Aeroporto Internacional de Canc\u00fan, M\u00e9xico, o Iberostar Selection Canc\u00fan \u00e9 um luxuoso resort localizado na Zona Hoteleira, \u00e0 beira da Playa Delfines e da Laguna Nichupt\u00e9. Conta com uma praia de v\u00e1rios quil\u00f4metros a apenas alguns passos e um museu pr\u00e9-colombiano. O resort oferece comodidades como v\u00e1rias piscinas, restaurantes, bares, spa e acesso direto \u00e0 praia. Os quartos s\u00e3o espa\u00e7osos, bem equipados e o complexo oferece op\u00e7\u00f5es para atividades recreativas e entretenimento.<span class=\"Apple-converted-space\">\u00a0<\/span><\/p>\n<p>&nbsp;<\/p>\n<p><b>Na chegada: <\/b>Voc\u00ea ser\u00e1 recebido pela nossa equipe da BA Cup e pelos funcion\u00e1rios do hotel, que ajudar\u00e3o a guardar a bagagem e o conduzir\u00e3o at\u00e9 a recep\u00e7\u00e3o para o check-in.<\/p>\n<p>&nbsp;<\/p>\n<p><b>O check-in \u00e9 realizado \u00e0s 15:00hs.<\/b> Caso chegue antes desse hor\u00e1rio, pode deixar suas malas no lobby e utilizar as instala\u00e7\u00f5es. Voc\u00ea pode usar os vesti\u00e1rios do Spa e tamb\u00e9m comer no buffet. O hotel n\u00e3o oferece o servi\u00e7o de early check-in.<\/p>\n<p>&nbsp;<\/p>\n<p><b>O check-out \u00e9 realizado \u00e0s 12:00hs. <\/b>A sa\u00edda do hotel pode ser at\u00e9 \u00e0s 18:00hs (fazendo consumo nas instala\u00e7\u00f5es). O late check-out tem um custo de $15 USD por quarto por hora, e a disponibilidade pode ser verificada um dia antes da sa\u00edda.<\/p>\n<p>&nbsp;<\/p>\n<p><b>Nota: <\/b>Voc\u00ea pode guardar sua bagagem antes do check-in ou depois do check-out no lobby do hotel. Normalmente, a equipe do hotel levar\u00e1 suas malas at\u00e9 o seu quarto. Embora a gorjeta seja opcional e dependa da qualidade do servi\u00e7o, uma gorjeta de 1 a 2 d\u00f3lares geralmente \u00e9 considerada apropriada.<\/p>\n<p>&nbsp;<\/p>\n<p><b>Registro na Recep\u00e7\u00e3o: <\/b>Tenha seu passaporte pronto, pois ele ser\u00e1 escaneado. Tamb\u00e9m ser\u00e1 solicitado um e-mail e sua assinatura no cart\u00e3o de registro, que confirma que todos os seus dados s\u00e3o confidenciais, al\u00e9m de fornecer informa\u00e7\u00f5es sobre os servi\u00e7os oferecidos pelo hotel.<\/p>\n<p>&nbsp;<\/p>\n<p><b>As pulseiras <\/b>ser\u00e3o entregues no momento do check-in e devem ser usadas durante toda a estadia at\u00e9 a sa\u00edda. <b>Qualquer altera\u00e7\u00e3o nas pulseiras e\/ou reposi\u00e7\u00e3o implicar\u00e1 em cobran\u00e7a adicional.<\/b>[\/vc_column_text][vc_empty_space][vc_column_text]<\/p>\n<h4>CAMPO DE FUTEBOL, ESPORTES E LAZER<\/h4>\n<p>[\/vc_column_text][vc_column_text]<\/p>\n<div class=\"page\" title=\"Page 1\">\n<div class=\"layoutArea\">\n<div class=\"column\">\n<div class=\"page\" title=\"Page 3\">\n<div class=\"layoutArea\">\n<div class=\"column\">\n<div class=\"page\" title=\"Page 4\">\n<div class=\"layoutArea\">\n<div class=\"column\">\n<p>A experi\u00eancia BA Cup ser\u00e1 realizada no campo de futebol de tamanho profissional, conforme as regras da FIFA, localizado no pr\u00f3prio Hotel Iberostar. Todas as partidas ser\u00e3o jogadas nesse campo.<\/p>\n<p>O hotel conta com um campo de golfe de 18 buracos, um dos melhores lugares para jogar e se divertir. Al\u00e9m disso, disp\u00f5e de um spa com \u00e1reas de hidroterapia e tratamentos, 2 quadras de t\u00eanis, quadra de basquete, v\u00f4lei, sala de fitness (para maiores de 16 anos), Centro de Mergulho certificado PADI, piscinas infantis e um programa de atividades para crian\u00e7as, o Star Camp. Tamb\u00e9m encontrar\u00e3o \u00abO Teatro\u00bb, que abre das 17:00 \u00e0s 00:00, oferecendo diversas atividades.<\/p>\n<p>&nbsp;<\/p>\n<p><b><i>Spa &amp; Golf Esses servi\u00e7os n\u00e3o est\u00e3o inclu\u00eddos, no entanto, se desejar mais informa\u00e7\u00f5es ou fazer uma reserva, por favor, dirija-se ao concierge localizado no lobby.<span class=\"Apple-converted-space\">\u00a0<\/span><\/i><\/b><\/p>\n<\/div>\n<\/div>\n<\/div>\n<\/div>\n<\/div>\n<\/div>\n<\/div>\n<\/div>\n<\/div>\n<p>[\/vc_column_text][vc_empty_space][vc_single_image image=\u00bb1983&#8243; img_size=\u00bbfull\u00bb alignment=\u00bbcenter\u00bb qode_css_animation=\u00bb\u00bb][vc_empty_space][vc_column_text]<\/p>\n<div class=\"page\" title=\"Page 1\">\n<div class=\"layoutArea\">\n<div class=\"column\">\n<h4>RESTAURANTES &amp; CENTROS DE CONSUMO<\/h4>\n<\/div>\n<\/div>\n<\/div>\n<p>[\/vc_column_text][vc_column_text]<\/p>\n<ul>\n<li>O buffet est\u00e1 aberto nos seguintes hor\u00e1rios:<br \/>\n6:30 a.m. a 11:00 a.m. para o caf\u00e9 da manh\u00e3<br \/>\n1:00 p.m. a 4:00 p.m. para o almo\u00e7o<br \/>\n6:00 p.m. a 10:00 p.m para o jantar<\/li>\n<li>Petiscos e bares na praia e na piscina das 11:00 a.m. \u00e0s 6:00 p.m.<span class=\"Apple-converted-space\">\u00a0<\/span><\/li>\n<li>Bar principal de 8:00 a.m. a 1:00 a.m.<span class=\"Apple-converted-space\">\u00a0<\/span><\/li>\n<li>O Star Caf\u00e9 est\u00e1 aberto 24 hrs<\/li>\n<li>Os restaurantes especializados abrem das 17:30 \u00e0s 22:00 (\u00faltimo acesso \u00e0s 21:30).<\/li>\n<li>Para os restaurantes de Carnes, Mexicano, Italiano e American Bistro n\u00e3o \u00e9 necess\u00e1rio fazer reserva.<\/li>\n<li>Para jantar no restaurante Japon\u00eas, \u00e9 necess\u00e1rio fazer reserva na recep\u00e7\u00e3o do Concierge.<\/li>\n<\/ul>\n<p><b>Para reservas de grupos grandes, entre em contato por e-mail com o concierge em cunrp1@iberostar.com, alguns dias antes da sua chegada. As reservas devem ser feitas individualmente e para no m\u00e1ximo 12 pessoas.<\/b><\/p>\n<p><b><i>Recomendamos baixar o aplicativo Iberostar para localizar os restaurantes e ficar por dentro da programa\u00e7\u00e3o das atividades di\u00e1rias.<\/i><\/b>[\/vc_column_text][vc_empty_space][\/vc_column][\/vc_row][vc_row css_animation=\u00bb\u00bb row_type=\u00bbrow\u00bb use_row_as_full_screen_section=\u00bbno\u00bb type=\u00bbfull_width\u00bb angled_section=\u00bbno\u00bb text_align=\u00bbleft\u00bb background_image_as_pattern=\u00bbwithout_pattern\u00bb z_index=\u00bb\u00bb side_padding=\u00bb2&#8243;][vc_column][vc_column_text]<\/p>\n<h4>LAVANDERIA<\/h4>\n<p>[\/vc_column_text][vc_column_text]O hotel oferece um servi\u00e7o de lavanderia com custo adicional, com um prazo de 24 a 48 horas para a entrega.[\/vc_column_text][vc_empty_space][\/vc_column][\/vc_row][vc_row css_animation=\u00bb\u00bb row_type=\u00bbrow\u00bb use_row_as_full_screen_section=\u00bbno\u00bb type=\u00bbfull_width\u00bb angled_section=\u00bbno\u00bb text_align=\u00bbleft\u00bb background_image_as_pattern=\u00bbwithout_pattern\u00bb z_index=\u00bb\u00bb side_padding=\u00bb2&#8243;][vc_column][vc_column_text]<\/p>\n<h4>ATENDIMENTO M\u00c9DICO (com custo adicional)<\/h4>\n<p>[\/vc_column_text][vc_column_text]O hotel oferece atendimento m\u00e9dico com custo adicional. A BA Cup ter\u00e1 um param\u00e9dico privado no campo de jogo durante o torneio. Todos os times devem ter um seguro m\u00e9dico e\/ou seguro de les\u00f5es pessoais ativo e atualizado para cobrir a participa\u00e7\u00e3o no evento. Cada participante \u00e9 respons\u00e1vel por quaisquer despesas m\u00e9dicas relacionadas \u00e0 sua participa\u00e7\u00e3o no evento, incluindo, mas n\u00e3o se limitando a, todas as atividades esportivas e recreativas, bem como o transporte de ida e volta entre elas. Al\u00e9m disso, cada participante deve certificar-se de que est\u00e1 em condi\u00e7\u00f5es adequadas para participar de todas as atividades esportivas e recreativas programadas durante a estadia.[\/vc_column_text][vc_empty_space][\/vc_column][\/vc_row][vc_row css_animation=\u00bb\u00bb row_type=\u00bbrow\u00bb use_row_as_full_screen_section=\u00bbno\u00bb type=\u00bbfull_width\u00bb angled_section=\u00bbno\u00bb text_align=\u00bbleft\u00bb background_image_as_pattern=\u00bbwithout_pattern\u00bb z_index=\u00bb\u00bb side_padding=\u00bb2&#8243;][vc_column][vc_column_text]<\/p>\n<h4>TOURS E TRANSPORTE<\/h4>\n<p>[\/vc_column_text][vc_column_text]A <b>BA Cup<\/b>, em parceria com seu parceiro no M\u00e9xico, <b>BonVoyage DMC<\/b>, oferece os seguintes <b>tours <\/b>e <b>excurs\u00f5es<\/b>. Por favor, consulte-nos sobre pre\u00e7os preferenciais e op\u00e7\u00f5es dispon\u00edveis durante a sua estadia na mesa da <b>BonVoyage DMC<\/b>, localizada perto do lobby do hotel.<span class=\"Apple-converted-space\">\u00a0<\/span><\/p>\n<ul>\n<li>Shopping Tour de Playa del Carmen<span class=\"Apple-converted-space\">\u00a0<\/span><\/li>\n<li>Visita a um cenote<span class=\"Apple-converted-space\">\u00a0<\/span><\/li>\n<li>Tulum<span class=\"Apple-converted-space\">\u00a0<\/span><\/li>\n<li>Encontro com golfinhos<span class=\"Apple-converted-space\">\u00a0<\/span><\/li>\n<li>Xel-Ha \/ Xenotes \/ Xplor \/ Xochimilco \/ Xcaret<span class=\"Apple-converted-space\">\u00a0<\/span><\/li>\n<li>ATV Extreme e Zip Line<span class=\"Apple-converted-space\">\u00a0<\/span><\/li>\n<li>Chich\u00e9n itz\u00e1<span class=\"Apple-converted-space\">\u00a0<\/span><\/li>\n<li>Bacalar<span class=\"Apple-converted-space\">\u00a0<\/span><\/li>\n<li>Buceo<span class=\"Apple-converted-space\">\u00a0<\/span><\/li>\n<\/ul>\n<p>[\/vc_column_text][vc_empty_space][\/vc_column][\/vc_row][vc_row css_animation=\u00bb\u00bb row_type=\u00bbrow\u00bb use_row_as_full_screen_section=\u00bbno\u00bb type=\u00bbfull_width\u00bb angled_section=\u00bbno\u00bb text_align=\u00bbleft\u00bb background_image_as_pattern=\u00bbwithout_pattern\u00bb z_index=\u00bb\u00bb side_padding=\u00bb2&#8243;][vc_column][vc_single_image image=\u00bb1982&#8243; img_size=\u00bbfull\u00bb alignment=\u00bbcenter\u00bb qode_css_animation=\u00bb\u00bb][vc_empty_space][\/vc_column][\/vc_row][vc_row css_animation=\u00bb\u00bb row_type=\u00bbrow\u00bb use_row_as_full_screen_section=\u00bbno\u00bb type=\u00bbfull_width\u00bb angled_section=\u00bbno\u00bb text_align=\u00bbleft\u00bb background_image_as_pattern=\u00bbwithout_pattern\u00bb z_index=\u00bb\u00bb side_padding=\u00bb2&#8243;][vc_column][vc_column_text]<\/p>\n<h3>INFORMA\u00c7\u00d5ES ADICIONAIS<\/h3>\n<p>[\/vc_column_text][vc_empty_space][vc_column_text]<\/p>\n<h5>O APLICATIVO OFICIAL DA BA CUP<\/h5>\n<p>O aplicativo da BA Cup \u00e9 o seu recurso para consultar o <b>cronograma<\/b>, resultados, informa\u00e7\u00f5es importantes e o regulamento da copa. Por favor,<span class=\"Apple-converted-space\">\u00a0<\/span> <a href=\"https:\/\/apps.apple.com\/ar\/app\/ba-cup\/id1632452383?l=en\">BAIXE NOSSO APLICATIVO<\/a> (para iOS) <a href=\"https:\/\/ba-cup.com\/new\/android\/\">BAIXE NOSSO APLICATIVO<\/a>(para Android) antes de viajar. Pode ser encontrado na <b>App Store <\/b>buscando pelo nome \u201c<b>BA Cup<\/b>\u201d.<span class=\"Apple-converted-space\">\u00a0<\/span><\/p>\n<p>&nbsp;<\/p>\n<h5><b>HINO OFICIAL DA BA CUP<span class=\"Apple-converted-space\">\u00a0<\/span><\/b><b><\/b><\/h5>\n<p>\u00a1Como toda copa internacional que tem sua m\u00fasica oficial para jogadores e f\u00e3s, n\u00f3s n\u00e3o poder\u00edamos deix\u00e1-los sem uma! Clique aqui para ouvi-la e aprenda o refr\u00e3o que voc\u00ea vai cantar no show de abertura.:<span class=\"Apple-converted-space\">\u00a0<\/span> <a href=\"https:\/\/www.youtube.com\/watch?v=DXU6jQ_pNYU\">HINO OFICIAL DE BA CUP<\/a><\/p>\n<p>&nbsp;<\/p>\n<h5><b>FIXTURE ONLINE<span class=\"Apple-converted-space\">\u00a0<\/span><\/b><b><\/b><\/h5>\n<p>Atrav\u00e9s do nosso aplicativo ou do nosso site: <a href=\"https:\/\/ba-cup.com\/new\/pt\/inicio-portugues\/\"><b>www.ba-cup.com<\/b><\/a>, voc\u00ea encontra o <b>cronograma <\/b>e os <b>resultados <\/b>de todas as partidas.<span class=\"Apple-converted-space\">\u00a0<\/span><\/p>\n<p>&nbsp;<\/p>\n<h5><b>FACEBOOK, YOUTUBE, E INSTAGRAM<span class=\"Apple-converted-space\">\u00a0<\/span><\/b><b><\/b><\/h5>\n<p>Atrav\u00e9s do nosso canal no YouTube: <a href=\"https:\/\/www.youtube.com\/@BACupSoccer\">BACupSoccer<\/a>, nossa p\u00e1gina no <a href=\"https:\/\/www.facebook.com\/BACup.Argentina\">Facebook<\/a> o nossa conta no <a href=\"https:\/\/www.instagram.com\/bacup.argentina\/\">Instagram<\/a> poder\u00e3o ver os melhores momentos do torneio, para que seus amigos e familiares que n\u00e3o puderem estar presentes possam vivenciar todos esses momentos emocionantes.<span class=\"Apple-converted-space\">\u00a0<\/span><\/p>\n<p>&nbsp;<\/p>\n<h5><b>RIFA<span class=\"Apple-converted-space\">\u00a0<\/span><\/b><b><\/b><\/h5>\n<p>Oferecemos v\u00e1rias oportunidades para arrecadar fundos que ajudar\u00e3o todos os jogadores, equipes e f\u00e3s a cobrir o custo total da viagem sem gastar nada! Uma das formas \u00e9 participar de uma grande rifa, onde vamos sortear uma viagem de 5 noites para 2 pessoas a Buenos Aires ou Salta. O sorteio ser\u00e1 realizado na cerim\u00f4nia de abertura da Copa anual em Buenos Aires. A <b>BA Cup<\/b> est\u00e1 comprometida em tornar sua viagem uma experi\u00eancia memor\u00e1vel e inesquec\u00edvel. Para mais informa\u00e7\u00f5es, visite nossa p\u00e1gina de arrecada\u00e7\u00e3o de fundos: <a href=\"https:\/\/ba-cup.com\/new\/pt\/rifapt-translation\/\">https:\/\/ba-cup.com\/rifa<span class=\"Apple-converted-space\">\u00a0<\/span><\/a><\/p>\n<p>&nbsp;<\/p>\n<h5><b>GORJETA<span class=\"Apple-converted-space\">\u00a0<\/span><\/b><b><\/b><\/h5>\n<p>\u00c9 costume dar uma gorjeta de 10% em restaurantes, mas n\u00e3o \u00e9 obrigat\u00f3ria. N\u00e3o se costuma deixar gorjeta em t\u00e1xis.<span class=\"Apple-converted-space\">\u00a0<\/span><\/p>\n<p>&nbsp;<\/p>\n<h5><b>C\u00c2MBIO DE DINHEIRO E COMPRAS NO HOTEL<span class=\"Apple-converted-space\">\u00a0<\/span><\/b><b><\/b><\/h5>\n<p>O hotel N\u00c3O realiza c\u00e2mbio de divisas. As compras no hotel podem ser feitas com cart\u00e3o de cr\u00e9dito, ou, se for em dinheiro, somente em pesos mexicanos.<span class=\"Apple-converted-space\">\u00a0<\/span><\/p>\n<p>&nbsp;<\/p>\n<h5><b>SEGURAN\u00c7A<span class=\"Apple-converted-space\">\u00a0<\/span><\/b><b><\/b><\/h5>\n<p>Canc\u00fan \u00e9 uma cidade segura. A \u00fanica recomenda\u00e7\u00e3o que damos \u00e9 que evitem deixar objetos de valor \u00e0 vista, n\u00e3o deixem bolsas ou carteiras sozinhas, e mantenham os celulares em locais seguros, longe de acessos f\u00e1ceis. O complexo \u00e9 fechado, e todas as pessoas que entram precisam estar registradas em uma lista. A BA Cup n\u00e3o se responsabiliza por furtos ou danos ocorridos durante o torneio a qualquer integrante, como jogadores, comiss\u00e3o t\u00e9cnica ou acompanhantes de cada equipe.<span class=\"Apple-converted-space\">\u00a0<\/span><\/p>\n<p>&nbsp;<\/p>\n<h5><b>ENTRADA AO CAMPO DO IBEROSTAR<span class=\"Apple-converted-space\">\u00a0<\/span><\/b><b><\/b><\/h5>\n<p>O hotel n\u00e3o permite a entrada de pessoas que n\u00e3o sejam h\u00f3spedes da propriedade. A BA Cup tamb\u00e9m n\u00e3o permite a participa\u00e7\u00e3o de pessoas que n\u00e3o tenham contratado o pacote da BA Cup nos eventos oficiais do torneio (partidas, cerim\u00f4nia de abertura, transportes, etc.).<span class=\"Apple-converted-space\">\u00a0<\/span><\/p>\n<p>&nbsp;<\/p>\n<h5><b>TRANSPORTES DO AEROPORTO<span class=\"Apple-converted-space\">\u00a0<\/span><\/b><b><\/b><\/h5>\n<p>No Aeroporto, procure pelo cartaz com o seu nome ou o nome da sua equipe para identificar a pessoa da ag\u00eancia que estar\u00e1 esperando por voc\u00ea.<span class=\"Apple-converted-space\">\u00a0<\/span><\/p>\n<p>&nbsp;<\/p>\n<h5><b>O CLIMA<span class=\"Apple-converted-space\">\u00a0<\/span><\/b><b><\/b><\/h5>\n<p>O clima em mar\u00e7o em Canc\u00fan \u00e9 relativamente seco, com 2,4 mm de precipita\u00e7\u00e3o em 10 dias. O clima \u00e9 agrad\u00e1vel, com temperaturas m\u00e9dias de 81\u00b0F (27\u00b0C) durante o dia. Pela manh\u00e3, a temperatura costuma cair para 76\u00b0F (24\u00b0C). Portanto, a m\u00e9dia de temperatura para o m\u00eas de mar\u00e7o em Canc\u00fan \u00e9 de 25\u00b0C.<span class=\"Apple-converted-space\">\u00a0<\/span><\/p>\n<p>&nbsp;<\/p>\n<h5><b> TELEFONES DE EMERG\u00caNCIA <\/b><b><\/b><\/h5>\n<p>M\u00e9xico usa o 911 para qualquer emerg\u00eancia.[\/vc_column_text][vc_empty_space][vc_column_text]<\/p>\n<h5 style=\"text-align: center;\"><span style=\"color: #ff6600;\">N\u00daMEROS DE NOSSO STAFF. ASSIM DEVE SE MARCAR NO WHATSAPP<\/span><\/h5>\n<p style=\"text-align: center;\">Dami\u00e1n: +549113401 5954 \/ Anna: +1 415 710 5025 \/ Jack: +549113558 4943 \/ Mat\u00edas: +549226 2 15 61 6462<\/p>\n<p>[\/vc_column_text][\/vc_column][\/vc_row][vc_row css_animation=\u00bb\u00bb row_type=\u00bbrow\u00bb use_row_as_full_screen_section=\u00bbno\u00bb type=\u00bbfull_width\u00bb angled_section=\u00bbno\u00bb text_align=\u00bbleft\u00bb background_image_as_pattern=\u00bbwithout_pattern\u00bb][vc_column][vc_column_text]<\/p>\n<p>[\/vc_column_text][\/vc_column][\/vc_row]<\/p>\n","protected":false},"excerpt":{"rendered":"<p>[vc_row css_animation=\u00bb\u00bb row_type=\u00bbrow\u00bb use_row_as_full_screen_section=\u00bbno\u00bb type=\u00bbfull_width\u00bb angled_section=\u00bbno\u00bb text_align=\u00bbleft\u00bb background_image_as_pattern=\u00bbwithout_pattern\u00bb z_index=\u00bb\u00bb side_padding=\u00bb2&#8243;][vc_column][vc_empty_space][vc_column_text] BEM-VINDOS \u00c0 BA CUP CARIBE [\/vc_column_text][vc_column_text] Em 2025, ser\u00e3o realizadas simultaneamente duas edi\u00e7\u00f5es da BA Cup Caribe em Canc\u00fan, M\u00e9xico. Uma copa para crian\u00e7as e outra para adultos. Os eventos contar\u00e3o com mais de 500&#8230;<\/p>\n","protected":false},"author":2,"featured_media":0,"parent":0,"menu_order":0,"comment_status":"closed","ping_status":"closed","template":"landing_page.php","meta":{"footnotes":""},"class_list":["post-3591","page","type-page","status-publish","hentry"],"_links":{"self":[{"href":"https:\/\/ba-cup.com\/app\/wp-json\/wp\/v2\/pages\/3591","targetHints":{"allow":["GET"]}}],"collection":[{"href":"https:\/\/ba-cup.com\/app\/wp-json\/wp\/v2\/pages"}],"about":[{"href":"https:\/\/ba-cup.com\/app\/wp-json\/wp\/v2\/types\/page"}],"author":[{"embeddable":true,"href":"https:\/\/ba-cup.com\/app\/wp-json\/wp\/v2\/users\/2"}],"replies":[{"embeddable":true,"href":"https:\/\/ba-cup.com\/app\/wp-json\/wp\/v2\/comments?post=3591"}],"version-history":[{"count":8,"href":"https:\/\/ba-cup.com\/app\/wp-json\/wp\/v2\/pages\/3591\/revisions"}],"predecessor-version":[{"id":3593,"href":"https:\/\/ba-cup.com\/app\/wp-json\/wp\/v2\/pages\/3591\/revisions\/3593"}],"wp:attachment":[{"href":"https:\/\/ba-cup.com\/app\/wp-json\/wp\/v2\/media?parent=3591"}],"curies":[{"name":"wp","href":"https:\/\/api.w.org\/{rel}","templated":true}]}}