{"id":46,"date":"2022-05-26T09:00:32","date_gmt":"2022-05-26T09:00:32","guid":{"rendered":"http:\/\/c2041283.ferozo.com\/?page_id=46"},"modified":"2025-11-17T18:44:02","modified_gmt":"2025-11-17T18:44:02","slug":"info-copa-baires","status":"publish","type":"page","link":"https:\/\/ba-cup.com\/app\/info-copa-baires\/","title":{"rendered":"Info copa Baires"},"content":{"rendered":"<p>[vc_row css_animation=\u00bb\u00bb row_type=\u00bbrow\u00bb use_row_as_full_screen_section=\u00bbno\u00bb type=\u00bbfull_width\u00bb angled_section=\u00bbno\u00bb text_align=\u00bbleft\u00bb background_image_as_pattern=\u00bbwithout_pattern\u00bb css=\u00bb.vc_custom_1689546000323{background-color: #ffffff !important;}\u00bb z_index=\u00bb\u00bb][vc_column][vc_empty_space][\/vc_column][\/vc_row][vc_row css_animation=\u00bb\u00bb row_type=\u00bbrow\u00bb use_row_as_full_screen_section=\u00bbno\u00bb type=\u00bbgrid\u00bb angled_section=\u00bbno\u00bb text_align=\u00bbleft\u00bb background_image_as_pattern=\u00bbwithout_pattern\u00bb z_index=\u00bb\u00bb padding_top=\u00bb40&#8243; padding_bottom=\u00bb40&#8243; css=\u00bb.vc_custom_1658152364359{background-color: #bbeada !important;}\u00bb][vc_column][vc_column_text]<\/p>\n<h3><span style=\"color: #ff6600;\">Recordatorio<\/span><\/h3>\n<p>[\/vc_column_text][vc_column_text]<b>Recordatorio de requisitos obligatorios:<span class=\"Apple-converted-space\">\u00a0<\/span><\/b><\/p>\n<ul>\n<li>Camisetas \u2013 traer 2 juegos o un juego y pecheras<\/li>\n<li>Se juega en campos de c\u00e9sped sint\u00e9tico. El tipo de calzado a utilizar es a elecci\u00f3n del jugador. Botines con tapones o botines sin tapones tipo de f\u00fatbol 5.<\/li>\n<li>Espinilleras o canilleras<\/li>\n<li>Pelotas \/ Balones: todos los equipos deben traer los balones para realizar sus pr\u00e1cticas y movimientos precompetitivos (BA CUP s\u00f3lo provee balones durante los partidos del torneo)<\/li>\n<li>Pasaporte o Documento de Identificaci\u00f3n<\/li>\n<li>Completar la lista de inscripci\u00f3n en la plataforma www.ba-cup.net<\/li>\n<li>Fotos subidas a la plataforma www.ba-cup.net.<\/li>\n<li>Leer Reglas de juego, cronograma de la copa y toda informaci\u00f3n que tiene disponible en la aplicaci\u00f3n de BA Cup.<span class=\"Apple-converted-space\">\u00a0<\/span><\/li>\n<li>Pulsera de Identificaci\u00f3n \u2013 Brindamos una pulsera a cada uno de los participantes que contrataron el paquete de servicios de hospedaje BA Cup.<span class=\"Apple-converted-space\">\u00a0 <\/span>Para poder usar el transporte, almorzar y cenar, se requiere el uso la pulsera durante todo el torneo. \u00c9sta, tiene una duraci\u00f3n de 1 semana y no debe ser retirada o cortada de la mu\u00f1eca durante este per\u00edodo.<\/li>\n<\/ul>\n<p><span class=\"Apple-converted-space\">\u00a0\u00a0 <\/span>Sugerencias importantes a tener en cuenta<b>:<span class=\"Apple-converted-space\">\u00a0<\/span><\/b><\/p>\n<ul>\n<li>Traer Bandera de su club y\/o pa\u00eds<\/li>\n<li>Cambio de ropa durante el d\u00eda.<\/li>\n<li>Toalla para ducharse en los vestuarios<\/li>\n<li>Ropa (buzos y pantalones) y campera abrigada para temperaturas que pueden llegar a los 5 grados.<\/li>\n<li>C\u00e1mara fotogr\u00e1fica<span class=\"Apple-converted-space\">\u00a0<\/span><\/li>\n<li>Adaptadores el\u00e9ctricos<\/li>\n<li>Cuaderno, lapicera, etc. para los seminarios<\/li>\n<li>Protector solar<\/li>\n<\/ul>\n<p>[\/vc_column_text][\/vc_column][\/vc_row][vc_row css_animation=\u00bb\u00bb row_type=\u00bbrow\u00bb use_row_as_full_screen_section=\u00bbno\u00bb type=\u00bbgrid\u00bb angled_section=\u00bbno\u00bb text_align=\u00bbleft\u00bb background_image_as_pattern=\u00bbwithout_pattern\u00bb z_index=\u00bb\u00bb padding_top=\u00bb40&#8243; padding_bottom=\u00bb40&#8243;][vc_column][vc_column_text]<\/p>\n<h3><span style=\"color: #ff6600;\">Como llegar a GEBA<\/span><\/h3>\n<p>[\/vc_column_text][vc_column_text]<i>Todos los partidos, eventos, clinicas, etc. se realizan en el club GEBA. Av. Figueroa Alcorta 5575, (ver mapa en la siguiente p\u00e1gina. <strong>Ingreso por entrada calle Julio Argentino Noble, ex calle Guerrico) Ciudad de Buenos Aires.<\/strong><\/i><\/p>\n<p><b>Autom\u00f3vil<\/b><\/p>\n<ul>\n<li>Por favor mire la p\u00e1gina siguiente para ver el mapa de c\u00f3mo llegar y d\u00f3nde estacionar<\/li>\n<\/ul>\n<p><b>Transporte Publico desde el CENTRO \u2013 GEBA<\/b><\/p>\n<ul>\n<li>Buses 34, 37, 130, 160 van directo al complejo. La pagina de mapa.buenosaires.gov.ar permite ingresar tu direcci\u00f3n y ver la mejor manera de llegar.<\/li>\n<\/ul>\n<p><b>Taxi<span class=\"Apple-converted-space\">\u00a0<\/span><\/b><\/p>\n<ul>\n<li>Recomendamos usar Radio Taxi (5280-0000 o 4374-6666) o la aplicaci\u00f3n CABIFY.<\/li>\n<li>Avisar al chofer la direcci\u00f3n de GEBA (Figueroa Alcorta 5575) y que la entrada para el ingreso es por calle Julio Argentino Noble.<span class=\"Apple-converted-space\">\u00a0 <\/span>All\u00ed encontrar\u00e1 personal de recepci\u00f3n de BA Cup.<\/li>\n<\/ul>\n<p><b>Transporte Oficial BA CUP<\/b><\/p>\n<ul>\n<li>Para los equipos que contrataron el transporte oficial de BA Cup, habr\u00e1 puntos de reuni\u00f3n para tomar nuestro servicio de buses y minibuses desde su lugar de alojamiento para ir al complejo GEBA.<span class=\"Apple-converted-space\">\u00a0 <\/span>Lo mismo para regresar en el horario de su conveniencia. <span class=\"Apple-converted-space\">\u00a0<\/span><\/li>\n<\/ul>\n<p>[\/vc_column_text][vc_single_image image=\u00bb409&#8243; img_size=\u00bbfull\u00bb alignment=\u00bbcenter\u00bb onclick=\u00bbzoom\u00bb qode_css_animation=\u00bb\u00bb][vc_empty_space height=\u00bb12px\u00bb][\/vc_column][\/vc_row][vc_row css_animation=\u00bb\u00bb row_type=\u00bbrow\u00bb use_row_as_full_screen_section=\u00bbno\u00bb type=\u00bbfull_width\u00bb angled_section=\u00bbno\u00bb text_align=\u00bbleft\u00bb background_image_as_pattern=\u00bbwithout_pattern\u00bb z_index=\u00bb\u00bb side_padding=\u00bb2&#8243; padding_top=\u00bb40&#8243; padding_bottom=\u00bb40&#8243;][vc_column][vc_column_text]<\/p>\n<h3><span style=\"color: #ff6600;\">Alojamiento<\/span><\/h3>\n<p>[\/vc_column_text][vc_column_text]Los equipos que contrataron el hospedaje oficial de BA Cup, se alojar\u00e1n en alguno de los hoteles oficiales de la copa.[\/vc_column_text][\/vc_column][\/vc_row][vc_row css_animation=\u00bb\u00bb row_type=\u00bbrow\u00bb use_row_as_full_screen_section=\u00bbno\u00bb type=\u00bbfull_width\u00bb angled_section=\u00bbno\u00bb text_align=\u00bbleft\u00bb background_image_as_pattern=\u00bbwithout_pattern\u00bb z_index=\u00bb\u00bb side_padding=\u00bb2&#8243; padding_top=\u00bb40&#8243; padding_bottom=\u00bb40&#8243;][vc_column][vc_column_text]<\/p>\n<h3><span style=\"color: #ff6600;\">Servicios y Actividades<\/span><\/h3>\n<p>[\/vc_column_text][vc_column_text]<i>Ofrecemos varios servicios para que est\u00e9n mas c\u00f3modos durante el torneo y puedan recordar su experiencia en BA Cup!<\/i><\/p>\n<p><b>Comida:<\/b><b> <\/b>Podemos ofrecerles dos restaurantes y varios kioscos para cualquier necesidad que tengan. Cons\u00faltenos para pre contratar su almuerzo completo con la promoci\u00f3n BA Cup.<span class=\"Apple-converted-space\">\u00a0 <\/span>Los equipos que contrataron el paquete con comidas cenan en restaurantes designados cerca de su alojamiento o en el hotel.<span class=\"Apple-converted-space\">\u00a0 <\/span>El almuerzo se realiza en los restaurantes del club GEBA o en un restaurante cerca al hotel.<span class=\"Apple-converted-space\">\u00a0 <\/span>Cada men\u00fa incluye un plato principal, guarniciones, bebida y postre.<span class=\"Apple-converted-space\">\u00a0<\/span><\/p>\n<p><b>M\u00e9dicos:<\/b><b> <\/b>Tendremos m\u00e9dicos y una ambulancia a nuestra disposici\u00f3n durante los partidos del torneo. Estar\u00e1n all\u00ed para asistirnos en cualquier urgencia que surja.<\/p>\n<p><b>Fotograf\u00eda:<\/b> Nuestro equipo de fot\u00f3grafos estar\u00e1 presente para capturar tus mejores momentos y sacar fotos en acci\u00f3n. Publicaremos todas las fotos en nuestras redes sociales.<\/p>\n<p><b>Merchandising oficial de BA Cup:<\/b> No pierdan la oportunidad de llevar los productos exclusivos de BA Cup.<span class=\"Apple-converted-space\">\u00a0 <\/span>Visita el stand de Informes para elegir remeras, camisetas, chaquetas, guantes, llaveros, y mucho m\u00e1s.<span class=\"Apple-converted-space\">\u00a0<\/span><\/p>\n<p><b>Excursiones en Buenos Aires: <\/b>Ofrecemos la posibilidad de<span class=\"Apple-converted-space\">\u00a0 <\/span>disfrutar hacer un city tour, tour de los estadios de Boca Juniors y River Plate, Tango show, Tigre tour, y m\u00e1s. Durante la copa estar\u00e1 presente la una agencia oficial para todas sus necesidades en su tiempo libre.[\/vc_column_text][\/vc_column][\/vc_row][vc_row css_animation=\u00bb\u00bb row_type=\u00bbrow\u00bb use_row_as_full_screen_section=\u00bbno\u00bb type=\u00bbfull_width\u00bb angled_section=\u00bbno\u00bb text_align=\u00bbleft\u00bb background_image_as_pattern=\u00bbwithout_pattern\u00bb z_index=\u00bb\u00bb side_padding=\u00bb2&#8243; padding_top=\u00bb40&#8243; padding_bottom=\u00bb40&#8243;][vc_column][vc_column_text]<\/p>\n<h3><span style=\"color: #ff6600;\">M\u00e1s Servicios y Actividades<\/span><\/h3>\n<p>[\/vc_column_text][vc_column_text]<b>Museos de Boca Juniors y River Plate:<\/b>Los estadios nos abren sus puertas para hacer un recorrido de sus respectivos museos y para conocer su impresionante historia, siendo dos clubes de los m\u00e1s importantes del mundo. Cont\u00e1ctennos a <a href=\"mailto:info@ba-cup.com\">info@ba-cup.com<\/a> o visiten el stand de informes para comprar su ticket a un precio preferencial.<\/p>\n<p><b>BA Cup Radio en Vivo con transmisi\u00f3n Online:<\/b> BA Cup Radio en Vivo con transmisi\u00f3n Online: Para todos aquellos que no puedan asistir a la copa pero que desde lejos alientan a su equipo, pueden seguirlos a trav\u00e9s de nuestra Radio! Desde el d\u00eda lunes y hasta el d\u00eda viernes trasmitiremos desde nuestro complejo deportivo a partir de las 11 a 19 hs (hora de Argentina). El d\u00eda viernes seguiremos en directo las finales de la copa. Disfruta y vive la pasi\u00f3n BA Cup sin importar la distancia!<\/p>\n<p><b>Himno Oficial de BA Cup:<span class=\"Apple-converted-space\">\u00a0<\/span><\/b><\/p>\n<p>Como toda copa internacional que tiene su canci\u00f3n oficial para sus jugadores y fans, nosotros no pod\u00edamos dejarlos tambi\u00e9n sin una!<\/p>\n<p><b>Check-in Hospedaje:<\/b> El check in en los hoteles es a las 15 horas. Si hay habitaciones disponibles en un horario m\u00e1s temprano se puede ingresar. Eso se acuerda con el hotel el d\u00eda de llegada.<\/p>\n<p><b>Sector de Actividades Recreativas:<\/b> El torneo cuenta con un sector de Actividades Recreativas donde los equipos encontrar\u00e1n metegoles, canchas de futbol tenis, partidos reducidos, y muchas actividades m\u00e1s. Tambi\u00e9n hay actividades para entrenadores y padres. El sector est\u00e1 a su disposici\u00f3n todos los d\u00edas desde las 11 a 17 horas. Todos deben traer sus botines, ganas de divertirse y generar nuevas amistades con los otros equipos.[\/vc_column_text][\/vc_column][\/vc_row][vc_row css_animation=\u00bb\u00bb row_type=\u00bbrow\u00bb use_row_as_full_screen_section=\u00bbno\u00bb type=\u00bbfull_width\u00bb angled_section=\u00bbno\u00bb text_align=\u00bbleft\u00bb background_image_as_pattern=\u00bbwithout_pattern\u00bb z_index=\u00bb\u00bb side_padding=\u00bb2&#8243; padding_top=\u00bb40&#8243; padding_bottom=\u00bb40&#8243;][vc_column][vc_column_text]<\/p>\n<h3><span style=\"color: #ff6600;\">Informaci\u00f3n Adicional<\/span><\/h3>\n<p>[\/vc_column_text][vc_column_text]<b>Rifa:<\/b> Ofrecemos varias oportunidades para juntar fondos que ayudaran a todos los jugadores, equipos, y fans a cubrir el costo total del viaje sin gastar nada!<span class=\"Apple-converted-space\">\u00a0 <\/span>Una de las formas es participar en una gran rifa donde vamos a regalar un viaje de 5 noches para 2 personas a Buenos Aires o Salta, el sorteo se realiza en la ceremonia de apertura.<span class=\"Apple-converted-space\">\u00a0 <\/span>BA Cup est\u00e1 comprometido a hacer de tu viaje una experiencia memorable e inolvidable.<span class=\"Apple-converted-space\">\u00a0 <\/span>Para mayor informaci\u00f3n, visita a nuestra p\u00e1gina de recaudaci\u00f3n de fondos: www.ba-cup.com\/rifa\/.<\/p>\n<p><b>Propina:<\/b> Es costumbre dar un propina de 10% en restaurantes pero no es obligatorio. No se deja propina en Taxis.<\/p>\n<p><b>Dinero Argentino:<\/b> Les recomendamos no cambiar dinero en la calle. S\u00ed que lo hagan en su pa\u00eds de origen o a trav\u00e9s de la casa de cambio que se encontrar\u00e1 en el torneo. Consultar con anticipaci\u00f3n. Las empresas prestadoras de servicios durante el torneo s\u00f3lo aceptaran pesos Argentinos. En un d\u00eda normal, recomendamos que dispongan de alrededor de $70000 pesos para viajar, comer, y disfrutar de Buenos Aires.<\/p>\n<p><b>Seguridad:<\/b> Buenos Aires es una ciudad segura. La \u00fanica recomendaci\u00f3n que les hacemos, es que no tengan cosas valiosas a la vista, no dejen los bolsos o carteras solas, ni los m\u00f3viles donde sea f\u00e1cil tomarlos.<span class=\"Apple-converted-space\">\u00a0 <\/span>El complejo es cerrado y todos los que entran tienen que estar inscriptos en una lista. BA Cup no es responsable por robo o da\u00f1o efectuado durante el torneo a todo integrante como jugadores, cuerpo t\u00e9cnico, acompa\u00f1antes perteneciente a cada equipo.<\/p>\n<p><b>Entrada a GEBA:<\/b> Nuevamente este a\u00f1o en colaboraci\u00f3n a la ONG FUNDAGOL, cobraremos a todos los acompa\u00f1antes una entrada de $10000 pesos por d\u00eda. Jubilados y menores entre 8 y 11 a\u00f1os $5000. Menores de 8 a\u00f1os sin cargo. Toda la suma recaudada se dona a la Fundaci\u00f3n Gol para ayudar a ni\u00f1os carenciados para tener la oportunidad de hacer deportes en un ambiente seguro.<span class=\"Apple-converted-space\">\u00a0<\/span><\/p>\n<p><b>Traslados desde el Aeropuerto:<\/b> Recomendamos que usen una agencia de transporte ubicada dentro del aeropuerto (EZEIZA). Para los que contrataron paquete de servicios BA Cup, el traslado IDA\/VUELTA est\u00e1 incluido en el servicio. Buscar el cartelito de BA Cup con el nombre de tu equipo para identificar a la persona de nuestro staff que los espera.<\/p>\n<p><b>El Clima:<\/b> El Clima: En verano, Buenos Aires suele tener temperaturas altas, que generalmente oscilan entre los 25\u00b0C y 33\u00b0C, con d\u00edas muy soleados y algunas lluvias o tormentas aisladas. Recuerden traer ropa liviana, protector solar, gorra y mantenerse bien hidratados.<\/p>\n<p><b>N\u00fameros de nuestro staff. As\u00ed se debe marcar desde Buenos Aires: <\/b>Dami\u00e1n: 15 3401 5954 \/ Anna: +1 415 710 5025 \/ Jack: 15 3558 4943 \/ Cesar: 15 226 2465 530 \/ Santiago: 15 226 2539 853 \/ Mat\u00edas: 226 2 15 61<span class=\"Apple-converted-space\">\u00a0 <\/span>6462 \/ Eugenia: 2262 15 59 7237<\/p>\n<p>Para llamar a Argentina desde el exterior se requiere el c\u00f3digo del pa\u00eds (54) y c\u00f3digo de la ciudad (11).<span class=\"Apple-converted-space\">\u00a0 <\/span>Para llamar a un celular, hay que a\u00f1adir un 9 antes del c\u00f3digo de la ciudad.<\/p>\n<p><b>Tel\u00e9fonos de Emergencia:<\/b> Argentina tambi\u00e9n usa el Standard 911 para cualquier emergencia.<span class=\"Apple-converted-space\">\u00a0<\/span>[\/vc_column_text][\/vc_column][\/vc_row][vc_row css_animation=\u00bb\u00bb row_type=\u00bbrow\u00bb use_row_as_full_screen_section=\u00bbno\u00bb type=\u00bbfull_width\u00bb angled_section=\u00bbno\u00bb text_align=\u00bbleft\u00bb background_image_as_pattern=\u00bbwithout_pattern\u00bb][vc_column][vc_single_image image=\u00bb363&#8243; img_size=\u00bbfull\u00bb onclick=\u00bbzoom\u00bb qode_css_animation=\u00bb\u00bb][vc_empty_space][\/vc_column][\/vc_row]<\/p>\n","protected":false},"excerpt":{"rendered":"<p>[vc_row css_animation=\u00bb\u00bb row_type=\u00bbrow\u00bb use_row_as_full_screen_section=\u00bbno\u00bb type=\u00bbfull_width\u00bb angled_section=\u00bbno\u00bb text_align=\u00bbleft\u00bb background_image_as_pattern=\u00bbwithout_pattern\u00bb css=\u00bb.vc_custom_1689546000323{background-color: #ffffff !important;}\u00bb z_index=\u00bb\u00bb][vc_column][vc_empty_space][\/vc_column][\/vc_row][vc_row css_animation=\u00bb\u00bb row_type=\u00bbrow\u00bb use_row_as_full_screen_section=\u00bbno\u00bb type=\u00bbgrid\u00bb angled_section=\u00bbno\u00bb text_align=\u00bbleft\u00bb background_image_as_pattern=\u00bbwithout_pattern\u00bb z_index=\u00bb\u00bb padding_top=\u00bb40&#8243; padding_bottom=\u00bb40&#8243; css=\u00bb.vc_custom_1658152364359{background-color: #bbeada !important;}\u00bb][vc_column][vc_column_text] Recordatorio [\/vc_column_text][vc_column_text]Recordatorio de requisitos obligatorios:\u00a0 Camisetas \u2013 traer 2 juegos o un juego y pecheras Se juega en campos de&#8230;<\/p>\n","protected":false},"author":2,"featured_media":0,"parent":0,"menu_order":0,"comment_status":"closed","ping_status":"closed","template":"landing_page.php","meta":{"footnotes":""},"class_list":["post-46","page","type-page","status-publish","hentry"],"_links":{"self":[{"href":"https:\/\/ba-cup.com\/app\/wp-json\/wp\/v2\/pages\/46","targetHints":{"allow":["GET"]}}],"collection":[{"href":"https:\/\/ba-cup.com\/app\/wp-json\/wp\/v2\/pages"}],"about":[{"href":"https:\/\/ba-cup.com\/app\/wp-json\/wp\/v2\/types\/page"}],"author":[{"embeddable":true,"href":"https:\/\/ba-cup.com\/app\/wp-json\/wp\/v2\/users\/2"}],"replies":[{"embeddable":true,"href":"https:\/\/ba-cup.com\/app\/wp-json\/wp\/v2\/comments?post=46"}],"version-history":[{"count":32,"href":"https:\/\/ba-cup.com\/app\/wp-json\/wp\/v2\/pages\/46\/revisions"}],"predecessor-version":[{"id":4905,"href":"https:\/\/ba-cup.com\/app\/wp-json\/wp\/v2\/pages\/46\/revisions\/4905"}],"wp:attachment":[{"href":"https:\/\/ba-cup.com\/app\/wp-json\/wp\/v2\/media?parent=46"}],"curies":[{"name":"wp","href":"https:\/\/api.w.org\/{rel}","templated":true}]}}