{"id":1205,"date":"2024-08-23T11:07:31","date_gmt":"2024-08-23T14:07:31","guid":{"rendered":"https:\/\/ba-cup.com\/new\/?page_id=1205"},"modified":"2025-09-01T12:20:22","modified_gmt":"2025-09-01T15:20:22","slug":"franciapt-translation","status":"publish","type":"page","link":"https:\/\/ba-cup.com\/new\/pt\/franciapt-translation\/","title":{"rendered":"Francia(pt translation)"},"content":{"rendered":"<div class=\"wpb-content-wrapper\"><p>[vc_row css_animation=\u00bb\u00bb row_type=\u00bbrow\u00bb use_row_as_full_screen_section=\u00bbno\u00bb type=\u00bbfull_width\u00bb angled_section=\u00bbno\u00bb text_align=\u00bbleft\u00bb background_image_as_pattern=\u00bbwithout_pattern\u00bb css=\u00bb.vc_custom_1509370335068{padding-top: 90px !important;}\u00bb][vc_column width=\u00bb1\/2&#8243;][vc_single_image image=\u00bb800&#8243; img_size=\u00bbfull\u00bb qode_css_animation=\u00bb\u00bb][\/vc_column][vc_column width=\u00bb1\/2&#8243;][\/vc_column][\/vc_row][vc_row css_animation=\u00bb\u00bb row_type=\u00bbrow\u00bb use_row_as_full_screen_section=\u00bbno\u00bb type=\u00bbgrid\u00bb angled_section=\u00bbno\u00bb text_align=\u00bbleft\u00bb background_image_as_pattern=\u00bbwithout_pattern\u00bb css=\u00bb.vc_custom_1509370394256{padding-bottom: 50px !important;}\u00bb][vc_column css=\u00bb.vc_custom_1724766018238{margin-top: -4% !important;}\u00bb][qode_elements_holder number_of_columns=\u00bbone_column\u00bb][qode_elements_holder_item advanced_animations=\u00bbno\u00bb item_padding=\u00bb0 35% 0 0&#8243; item_padding_1024_1280=\u00bb0 22% 0 0&#8243; item_padding_768_1024=\u00bb0 19% 0 0&#8243; item_padding_600_768=\u00bb0 0 0 0&#8243; item_padding_480_600=\u00bb0 0 0 0&#8243; item_padding_480=\u00bb0 0 0 0&#8243;][vc_empty_space height=\u00bb50px\u00bb][vc_column_text]<\/p>\n<h2><span style=\"color: #ff0000;\">Jogue a Copa Paris. <\/span> <span style=\"color: #333399;\">Viva a experi\u00eancia do futebol europeu.<\/span><\/h2>\n<p>[\/vc_column_text][\/qode_elements_holder_item][\/qode_elements_holder][\/vc_column][\/vc_row][vc_row css_animation=\u00bb\u00bb row_type=\u00bbrow\u00bb use_row_as_full_screen_section=\u00bbno\u00bb type=\u00bbgrid\u00bb angled_section=\u00bbno\u00bb text_align=\u00bbleft\u00bb background_image_as_pattern=\u00bbwithout_pattern\u00bb css=\u00bb.vc_custom_1508320369750{padding-top: 15px !important;padding-bottom: 90px !important;}\u00bb][vc_column offset=\u00bbvc_col-lg-4 vc_col-md-4 vc_col-xs-12&#8243;][vc_single_image image=\u00bb798&#8243; img_size=\u00bbfull\u00bb qode_css_animation=\u00bb\u00bb][vc_empty_space height=\u00bb22px\u00bb][vc_column_text]<\/p>\n<h3><span style=\"color: #333399;\">JOGUE EN MAIO 2026<\/span><\/h3>\n<p>[\/vc_column_text][vc_column_text]<\/p>\n<div class=\"page\" title=\"Page 1\">\n<div class=\"layoutArea\">\n<div class=\"column\">\n<h3><span style=\"color: #333399;\">do 21 a 26 de maio<\/span><\/h3>\n<\/div>\n<\/div>\n<\/div>\n<p>[\/vc_column_text][vc_empty_space height=\u00bb22px\u00bb][vc_column_text]<\/p>\n<div class=\"page\" title=\"Page 1\">\n<div class=\"layoutArea\">\n<div class=\"column\">\n<p>Venha \u00e0 Fran\u00e7a para jogar a BA Cup Paris. Experi\u00eancia jogando no futebol europeu.<\/p>\n<\/div>\n<\/div>\n<\/div>\n<p>[\/vc_column_text][vc_empty_space height=\u00bb22px\u00bb]<a  itemprop=\"url\" href=\"https:\/\/ba-cup.com\/new\/registro-paris\/\" target=\"_self\" data-hover-background-color=\"#1aadb2\" data-hover-color=\"#ffffff\" class=\"qbutton  big_large center default\" style=\"color: #ffffff; background-color:#23c8db;\">INSCREVA-SE<\/a>[vc_empty_space height=\u00bb40px\u00bb][\/vc_column][vc_column offset=\u00bbvc_col-lg-4 vc_col-md-4 vc_col-xs-12&#8243;][vc_single_image image=\u00bb799&#8243; img_size=\u00bbfull\u00bb qode_css_animation=\u00bb\u00bb][vc_empty_space height=\u00bb22px\u00bb][vc_column_text]<\/p>\n<h3><span style=\"color: #333399;\">VISITE O PSG<\/span><\/h3>\n<p>[\/vc_column_text][vc_empty_space height=\u00bb22px\u00bb][vc_column_text]Jogue 2 torneios em uma semana. Viva a melhor experi\u00eancia de futebol em Paris. Jogue no PSG-Paris Saint-Germain.[\/vc_column_text][vc_empty_space height=\u00bb22px\u00bb][vc_empty_space height=\u00bb40px\u00bb][\/vc_column][vc_column offset=\u00bbvc_col-lg-4 vc_col-md-4 vc_col-xs-12&#8243;][vc_single_image image=\u00bb2215&#8243; img_size=\u00bbfull\u00bb alignment=\u00bbcenter\u00bb qode_css_animation=\u00bb\u00bb][vc_empty_space height=\u00bb20px\u00bb][\/vc_column][\/vc_row][vc_row css_animation=\u00bb\u00bb row_type=\u00bbrow\u00bb use_row_as_full_screen_section=\u00bbno\u00bb type=\u00bbgrid\u00bb angled_section=\u00bbno\u00bb text_align=\u00bbleft\u00bb background_image_as_pattern=\u00bbwithout_pattern\u00bb css=\u00bb.vc_custom_1726665223725{padding-bottom: 60px !important;}\u00bb z_index=\u00bb\u00bb][vc_column offset=\u00bbvc_col-lg-4 vc_col-md-4 vc_col-xs-12&#8243;]<div class=\"qode_video_box\">\n\t<a itemprop=\"image\" class=\"qode_video_image\" href=\"https:\/\/www.youtube.com\/watch?v=y5DGNMvV3FE\" data-rel=\"prettyPhoto\">\n\t\t\t\t\t<img loading=\"lazy\" decoding=\"async\" width=\"600\" height=\"780\" src=\"https:\/\/ba-cup.com\/new\/wp-content\/uploads\/2024\/08\/copa-paris.jpg\" class=\"attachment-full size-full\" alt=\"\" srcset=\"https:\/\/ba-cup.com\/new\/wp-content\/uploads\/2024\/08\/copa-paris.jpg 600w, https:\/\/ba-cup.com\/new\/wp-content\/uploads\/2024\/08\/copa-paris-231x300.jpg 231w\" sizes=\"auto, (max-width: 600px) 100vw, 600px\" \/>\t\t\t<span class=\"qode_video_box_button_holder\">\n\t\t\t\t<span class=\"qode_video_box_button\">\n\t\t\t\t\t<span class=\"qode_video_box_button_arrow\">\n\t\t\t\t\t<\/span>\n\t\t\t\t<\/span>\n\t\t\t<\/span>\n\t\t\t<\/a>\n<\/div>[vc_empty_space height=\u00bb40px\u00bb][\/vc_column][vc_column offset=\u00bbvc_col-lg-8 vc_col-md-8 vc_col-xs-12&#8243; css=\u00bb.vc_custom_1723735780679{padding-left: 55px !important;}\u00bb][vc_empty_space height=\u00bb40px\u00bb][vc_column_text]<\/p>\n<h2><span style=\"color: #00ccff;\"><span style=\"caret-color: #e03131;\"><span style=\"color: #333399;\">Todo mundo quer al\u00e7ar <span style=\"color: #ff0000;\">o trof\u00e9u em PARIS.<\/span><\/span><\/span><\/span><\/h2>\n<p>[\/vc_column_text][vc_empty_space height=\u00bb25px\u00bb][vc_column_text]<\/p>\n<h4>A BA Cup Paris d\u00e1-lhe a oportunidade de jogar contra equipes de todos os continentes, permitindo-lhe ganhar experi\u00eancia internacional.<br \/>\nAl\u00e9m de lhe oferecer uma copa de primeiro n\u00edvel , Paris \u00e9 a Capital Mundial da Cultura onde voc\u00ea pode navegar pelo Rio Sena, visitar a legend\u00e1ria Catedral de Notre Dame, subir \u00e0 Torre Eiffel e apreciar a vista panor\u00e2mica da famosa Cidade Luz. A BA Cup Paris combina a paix\u00e3o do futebol, cultura e divers\u00e3o nesta experi\u00eancia inesquec\u00edvel.<br \/>\nEstamos esperando por voc\u00ea. \u00c0 bient\u00f4t!<\/h4>\n<p>[\/vc_column_text][\/vc_column][\/vc_row][vc_row css_animation=\u00bb\u00bb row_type=\u00bbrow\u00bb use_row_as_full_screen_section=\u00bbno\u00bb type=\u00bbgrid\u00bb angled_section=\u00bbno\u00bb text_align=\u00bbleft\u00bb background_image_as_pattern=\u00bbwithout_pattern\u00bb z_index=\u00bb\u00bb][vc_column][vc_row_inner row_type=\u00bbrow\u00bb type=\u00bbfull_width\u00bb text_align=\u00bbcenter\u00bb css_animation=\u00bb\u00bb][vc_column_inner width=\u00bb1\/3&#8243;]<div class='service_table_holder'><ul class='service_table_inner'><li class='service_table_title_holder background_color_type' style='background-color: #1e73be;'><div class='service_table_title_inner'><div class='service_table_title_inner2'><h3 class='service_title' style='color: #ffffff;'>CATEGORIAS<\/h3><\/div><\/div><\/li><li class='service_table_content' style=''><\/p>\n<ul>\n<li>2019-2020 \u00a08vs8<\/li>\n<li>2017-2018 \u00a08vs8<\/li>\n<li>2015-2016 \u00a08vs8<\/li>\n<li>2013-2014 \u00a011vs11<\/li>\n<li>2011-2012 \u00a011vs11<\/li>\n<li>08-09-10 \u00a011vs11<\/li>\n<\/ul>\n<p><\/li><\/ul><\/div>[vc_empty_space][\/vc_column_inner][vc_column_inner width=\u00bb1\/3&#8243;][vc_single_image image=\u00bb1784&#8243; img_size=\u00bbfull\u00bb alignment=\u00bbcenter\u00bb qode_css_animation=\u00bb\u00bb][\/vc_column_inner][vc_column_inner width=\u00bb1\/3&#8243;][vc_single_image image=\u00bb1785&#8243; img_size=\u00bbfull\u00bb alignment=\u00bbcenter\u00bb qode_css_animation=\u00bb\u00bb][\/vc_column_inner][\/vc_row_inner][\/vc_column][\/vc_row][vc_row css_animation=\u00bb\u00bb row_type=\u00bbrow\u00bb use_row_as_full_screen_section=\u00bbno\u00bb type=\u00bbfull_width\u00bb angled_section=\u00bbno\u00bb text_align=\u00bbleft\u00bb video=\u00bbshow_video\u00bb background_image_as_pattern=\u00bbwithout_pattern\u00bb background_image=\u00bb796&#8243; z_index=\u00bb\u00bb video_mp4=\u00bbhttps:\/\/ba-cup.com\/new\/wp-content\/uploads\/2024\/08\/francia.mp4&#8243;][vc_column][vc_row_inner row_type=\u00bbrow\u00bb type=\u00bbfull_width\u00bb text_align=\u00bbcenter\u00bb css_animation=\u00bb\u00bb css=\u00bb.vc_custom_1726665247074{padding-top: 10% !important;padding-bottom: 10% !important;}\u00bb side_padding=\u00bb2&#8243;][vc_column_inner width=\u00bb1\/2&#8243; css=\u00bb.vc_custom_1508831572827{padding-right: 31% !important;}\u00bb offset=\u00bbvc_col-lg-3 vc_col-md-3 vc_col-xs-12&#8243;]<div class=\"q_counter_holder  left\" style=\"\" data-digit=\"6\"><span class=\"counter  zero\" style=\"color: #ffffff;font-size: 70px;font-weight: 700;\">6<\/span><p class=\"counter_text\" style=\"font-size: 25px;font-weight: 700;text-transform: none;color: #ffffff;\">Dias com tudo inclu\u00eddo em Paris<\/p><\/div>[vc_empty_space height=\u00bb30px\u00bb][\/vc_column_inner][vc_column_inner width=\u00bb1\/2&#8243; css=\u00bb.vc_custom_1508831577749{padding-right: 31% !important;}\u00bb offset=\u00bbvc_col-lg-3 vc_col-md-3 vc_col-xs-12&#8243;]<div class=\"q_counter_holder  left\" style=\"\" data-digit=\"4\"><span class=\"counter  zero\" style=\"color: #ffffff;font-size: 70px;font-weight: 700;\">4<\/span><p class=\"counter_text\" style=\"font-size: 25px;font-weight: 700;text-transform: none;color: #ffffff;\">Partidas garantidas com os melhores times<\/p><\/div>[vc_empty_space height=\u00bb30px\u00bb][\/vc_column_inner][vc_column_inner width=\u00bb1\/2&#8243; css=\u00bb.vc_custom_1508831582810{padding-right: 31% !important;}\u00bb offset=\u00bbvc_col-lg-3 vc_col-md-3 vc_col-xs-12&#8243;]<div class=\"q_counter_holder  left\" style=\"\" data-digit=\"+500\"><span class=\"counter  zero\" style=\"color: #ffffff;font-size: 70px;font-weight: 700;\">+500<\/span><p class=\"counter_text\" style=\"font-size: 25px;font-weight: 700;text-transform: none;color: #ffffff;\">Jogadores em todas as categorias<\/p><\/div>[vc_empty_space height=\u00bb30px\u00bb][\/vc_column_inner][vc_column_inner width=\u00bb1\/2&#8243; css=\u00bb.vc_custom_1508831587024{padding-right: 31% !important;}\u00bb offset=\u00bbvc_col-lg-3 vc_col-md-3 vc_col-xs-12&#8243;]<div class=\"q_counter_holder  left\" style=\"\" data-digit=\"5\"><span class=\"counter  zero\" style=\"color: #ffffff;font-size: 70px;font-weight: 700;\">5<\/span><p class=\"counter_text\" style=\"font-size: 25px;font-weight: 700;text-transform: none;color: #ffffff;\">Passeios e vistas de Paris<\/p><\/div>[vc_empty_space height=\u00bb30px\u00bb][\/vc_column_inner][\/vc_row_inner][\/vc_column][\/vc_row][vc_row css_animation=\u00bb\u00bb row_type=\u00bbrow\u00bb use_row_as_full_screen_section=\u00bbno\u00bb type=\u00bbfull_width\u00bb angled_section=\u00bbno\u00bb text_align=\u00bbleft\u00bb background_image_as_pattern=\u00bbwithout_pattern\u00bb][vc_column width=\u00bb1\/2&#8243;][vc_empty_space height=\u00bb22px\u00bb][vc_empty_space height=\u00bb22px\u00bb][\/vc_column][vc_column width=\u00bb1\/2&#8243;][\/vc_column][\/vc_row][vc_row css_animation=\u00bb\u00bb row_type=\u00bbrow\u00bb use_row_as_full_screen_section=\u00bbno\u00bb type=\u00bbfull_width\u00bb angled_section=\u00bbno\u00bb text_align=\u00bbleft\u00bb background_image_as_pattern=\u00bbwithout_pattern\u00bb][vc_column width=\u00bb1\/2&#8243;][vc_single_image image=\u00bb813&#8243; img_size=\u00bbfull\u00bb qode_css_animation=\u00bb\u00bb][\/vc_column][vc_column width=\u00bb1\/2&#8243;][\/vc_column][\/vc_row][vc_row css_animation=\u00bb\u00bb row_type=\u00bbrow\u00bb use_row_as_full_screen_section=\u00bbno\u00bb type=\u00bbgrid\u00bb angled_section=\u00bbno\u00bb text_align=\u00bbleft\u00bb background_image_as_pattern=\u00bbwithout_pattern\u00bb css=\u00bb.vc_custom_1508329908284{padding-bottom: 45px !important;}\u00bb][vc_column css=\u00bb.vc_custom_1724766067941{margin-top: -4% !important;}\u00bb offset=\u00bbvc_col-lg-6 vc_col-md-6 vc_col-xs-12&#8243;][vc_column_text]<\/p>\n<h2><span style=\"color: #000000;\"><span style=\"caret-color: #e03131;\"><span style=\"color: #333399;\">Viva a experi\u00eancia de<\/span> <span style=\"color: #ff0000;\">PSG DAY<\/span> <span style=\"color: #333399;\">BA Cup.\u00a0<\/span><\/span><\/span><\/h2>\n<p>[\/vc_column_text][\/vc_column][vc_column width=\u00bb1\/2&#8243;][\/vc_column][\/vc_row][vc_row css_animation=\u00bb\u00bb row_type=\u00bbrow\u00bb use_row_as_full_screen_section=\u00bbno\u00bb type=\u00bbgrid\u00bb angled_section=\u00bbno\u00bb text_align=\u00bbleft\u00bb background_image_as_pattern=\u00bbwithout_pattern\u00bb z_index=\u00bb\u00bb][vc_column width=\u00bb1\/2&#8243;][vc_single_image image=\u00bb803&#8243; img_size=\u00bbfull\u00bb qode_css_animation=\u00bb\u00bb][vc_empty_space][\/vc_column][vc_column width=\u00bb1\/2&#8243;][vc_column_text]<\/p>\n<h3><span style=\"color: #333399;\">Descubra a magia do futebol no cora\u00e7\u00e3o de Paris: uma experi\u00eancia inesquec\u00edvel no Urban Soccer, local de treino oficial das escolas do PSG.<\/span><\/h3>\n<p>[\/vc_column_text][vc_empty_space][vc_column_text]<\/p>\n<div class=\"page\" title=\"Page 2\">\n<div class=\"layoutArea\">\n<div class=\"column\">\n<div class=\"page\" title=\"Page 5\">\n<div class=\"section\">\n<div class=\"layoutArea\">\n<div class=\"column\">\n<p>Esta viagem n\u00e3o \u00e9 apenas uma oportunidade para melhorar o seu jogo, mas tamb\u00e9m para vivenciar o verdadeiro esp\u00edrito do futebol franc\u00eas. No Urban Soccer voc\u00ea mergulhar\u00e1 na atmosfera vibrante de um dos clubes mais ic\u00f4nicos do mundo, o Paris Saint-Germain (PSG). Voc\u00ea n\u00e3o apenas estar\u00e1 em um local renomado, mas tamb\u00e9m participar\u00e1 da BA Cup PSG Fast Football Cup, competindo frente a frente com academias parisienses que representam o melhor dos jovens talentos da cidade.<\/p>\n<\/div>\n<\/div>\n<\/div>\n<\/div>\n<\/div>\n<\/div>\n<\/div>\n<p>[\/vc_column_text][\/vc_column][\/vc_row][vc_row css_animation=\u00bb\u00bb row_type=\u00bbrow\u00bb use_row_as_full_screen_section=\u00bbno\u00bb type=\u00bbfull_width\u00bb angled_section=\u00bbno\u00bb text_align=\u00bbleft\u00bb background_image_as_pattern=\u00bbwithout_pattern\u00bb][vc_column][vc_empty_space][\/vc_column][\/vc_row][vc_row css_animation=\u00bb\u00bb row_type=\u00bbrow\u00bb use_row_as_full_screen_section=\u00bbno\u00bb type=\u00bbfull_width\u00bb angled_section=\u00bbno\u00bb text_align=\u00bbcenter\u00bb video=\u00bbshow_video\u00bb background_image_as_pattern=\u00bbwithout_pattern\u00bb background_image=\u00bb818&#8243; z_index=\u00bb\u00bb video_mp4=\u00bbhttps:\/\/ba-cup.com\/new\/wp-content\/uploads\/2024\/08\/francia_psg.mp4&#8243;][vc_column width=\u00bb1\/4&#8243;][\/vc_column][vc_column width=\u00bb1\/2&#8243; css=\u00bb.vc_custom_1724249195602{padding-top: 10% !important;padding-bottom: 10% !important;}\u00bb][vc_empty_space][vc_column_text]<\/p>\n<h2 style=\"text-align: center;\"><span style=\"color: #ffffff;\">A emocionante oportunidade de jogar no futebol europeu<\/span><\/h2>\n<p>[\/vc_column_text][vc_empty_space]<a  itemprop=\"url\" href=\"https:\/\/ba-cup.com\/new\/registro-buenos-aires\/\" target=\"_self\" data-hover-background-color=\"#1aadb2\" data-hover-color=\"#ffffff\" class=\"qbutton  big_large center default\" style=\"color: #ffffff; background-color:#23c8db;\">INSCREVA-SE<\/a>[vc_empty_space][vc_empty_space][\/vc_column][vc_column width=\u00bb1\/4&#8243;][\/vc_column][\/vc_row][vc_row css_animation=\u00bb\u00bb row_type=\u00bbrow\u00bb use_row_as_full_screen_section=\u00bbno\u00bb type=\u00bbgrid\u00bb angled_section=\u00bbno\u00bb text_align=\u00bbleft\u00bb background_image_as_pattern=\u00bbwithout_pattern\u00bb background_color=\u00bb#f2f2f2&#8243; css=\u00bb.vc_custom_1508398670843{padding-top: 145px !important;padding-bottom: 145px !important;}\u00bb][vc_column][vc_column_text]<\/p>\n<h2><span style=\"color: #333399;\">Assim ser\u00e3o seus dias na Copa Paris:<\/span><\/h2>\n<p>[\/vc_column_text][vc_empty_space height=\u00bb12px\u00bb][vc_empty_space height=\u00bb12px\u00bb][qode_content_slider direction_nav=\u00bbyes\u00bb control_nav=\u00bbno\u00bb control_nav_justify=\u00bbno\u00bb][qode_content_slider_item][qode_elements_holder number_of_columns=\u00bbtwo_columns\u00bb columns_proportion=\u00bb66_33&#8243;][qode_elements_holder_item advanced_animations=\u00bbno\u00bb][vc_single_image image=\u00bb804&#8243; img_size=\u00bbfull\u00bb qode_css_animation=\u00bb\u00bb][\/qode_elements_holder_item][qode_elements_holder_item advanced_animations=\u00bbno\u00bb background_image=\u00bb734&#8243; item_padding=\u00bb75px 40px 160px 65px\u00bb item_padding_1280_1440=\u00bb74px 40px 160px 65px\u00bb item_padding_1024_1280=\u00bb50px 40px 121px 40px\u00bb item_padding_768_1024=\u00bb30px 30px 21px 30px\u00bb item_padding_600_768=\u00bb100px 120px 100px 50px\u00bb item_padding_480_600=\u00bb100px 40px 100px 65px\u00bb item_padding_480=\u00bb30px 30px 80px 30px\u00bb][vc_column_text]<\/p>\n<h3><span style=\"color: #ff0000;\">Dia 1:<\/span><\/h3>\n<h3>Reuni\u00e3o t\u00e9cnica. Controle de idade e credenciamentos. Conhecemos o emblem\u00e1tico metro parisiense e fazemos um passeio a p\u00e9 at\u00e9 ao Arco do Triunfo. A emocionante oportunidade de jogar no futebol europeu.<\/h3>\n<p>[\/vc_column_text][vc_empty_space height=\u00bb34px\u00bb][\/qode_elements_holder_item][\/qode_elements_holder][\/qode_content_slider_item][qode_content_slider_item][qode_elements_holder number_of_columns=\u00bbtwo_columns\u00bb columns_proportion=\u00bb66_33&#8243;][qode_elements_holder_item advanced_animations=\u00bbno\u00bb][vc_single_image image=\u00bb803&#8243; img_size=\u00bbfull\u00bb qode_css_animation=\u00bb\u00bb][\/qode_elements_holder_item][qode_elements_holder_item advanced_animations=\u00bbno\u00bb background_image=\u00bb735&#8243; item_padding=\u00bb75px 35px 160px 65px\u00bb item_padding_1280_1440=\u00bb75px 40px 160px 65px\u00bb item_padding_1024_1280=\u00bb50px 40px 121px 40px\u00bb item_padding_768_1024=\u00bb30px 30px 21px 30px\u00bb item_padding_600_768=\u00bb100px 120px 100px 50px\u00bb item_padding_480_600=\u00bb100px 40px 100px 65px\u00bb item_padding_480=\u00bb30px 30px 160px 30px\u00bb][vc_column_text]<\/p>\n<h3><span style=\"color: #ff0000;\">Dia 2:<\/span><\/h3>\n<h3>Visitamos o est\u00e1dio do PSG, o museu e a Megastore Paris Saint Germain. Vamos ao Urban Soccer, local de treino das escolas oficiais do PSG. Jogamos contra as academias parisienses na Copa BA Cup PSG futebol r\u00e1pido.<\/h3>\n<p>[\/vc_column_text][vc_empty_space height=\u00bb34px\u00bb][\/qode_elements_holder_item][\/qode_elements_holder][\/qode_content_slider_item][qode_content_slider_item][qode_elements_holder number_of_columns=\u00bbtwo_columns\u00bb columns_proportion=\u00bb66_33&#8243;][qode_elements_holder_item advanced_animations=\u00bbno\u00bb][vc_single_image image=\u00bb855&#8243; img_size=\u00bbfull\u00bb qode_css_animation=\u00bb\u00bb][\/qode_elements_holder_item][qode_elements_holder_item advanced_animations=\u00bbno\u00bb background_image=\u00bb736&#8243; item_padding=\u00bb75px 35px 160px 65px\u00bb item_padding_1280_1440=\u00bb75px 40px 160px 65px\u00bb item_padding_1024_1280=\u00bb50px 40px 121px 40px\u00bb item_padding_768_1024=\u00bb30px 30px 21px 30px\u00bb item_padding_600_768=\u00bb100px 120px 100px 50px\u00bb item_padding_480_600=\u00bb100px 40px 100px 65px\u00bb item_padding_480=\u00bb30px 30px 160px 30px\u00bb][vc_column_text]<\/p>\n<h3><span style=\"color: #ff0000;\">Dia 3:<\/span><\/h3>\n<h3>Agora sim! Estamos prontos para o nosso primeiro dia de competi\u00e7\u00e3o da BA Cup Paris. Os participantes ter\u00e3o a oportunidade de jogar a ta\u00e7a no Meaux Sports Club, um lend\u00e1rio clube que treinou estrelas francesas, localizado na pitoresca cidade de Meaux, no interior da Fran\u00e7a.<\/h3>\n<p>[\/vc_column_text][vc_empty_space height=\u00bb34px\u00bb][\/qode_elements_holder_item][\/qode_elements_holder][\/qode_content_slider_item][qode_content_slider_item][qode_elements_holder number_of_columns=\u00bbtwo_columns\u00bb columns_proportion=\u00bb66_33&#8243;][qode_elements_holder_item advanced_animations=\u00bbno\u00bb][vc_single_image image=\u00bb807&#8243; img_size=\u00bbfull\u00bb qode_css_animation=\u00bb\u00bb][\/qode_elements_holder_item][qode_elements_holder_item advanced_animations=\u00bbno\u00bb background_image=\u00bb737&#8243; item_padding=\u00bb75px 35px 160px 65px\u00bb item_padding_1280_1440=\u00bb75px 40px 160px 65px\u00bb item_padding_1024_1280=\u00bb50px 40px 121px 40px\u00bb item_padding_768_1024=\u00bb30px 30px 21px 30px\u00bb item_padding_600_768=\u00bb100px 120px 100px 50px\u00bb item_padding_480_600=\u00bb100px 40px 100px 65px\u00bb item_padding_480=\u00bb30px 30px 160px 30px\u00bb][vc_column_text]<\/p>\n<h3><span style=\"color: #ff0000;\">Dia 4:<\/span><\/h3>\n<h3>Conquiste a Europa al\u00e7ando o trof\u00e9u da Copa BA Cup Paris!<\/h3>\n<p>[\/vc_column_text][vc_empty_space height=\u00bb34px\u00bb][\/qode_elements_holder_item][\/qode_elements_holder][\/qode_content_slider_item][qode_content_slider_item][qode_elements_holder number_of_columns=\u00bbtwo_columns\u00bb columns_proportion=\u00bb66_33&#8243;][qode_elements_holder_item advanced_animations=\u00bbno\u00bb][vc_single_image image=\u00bb809&#8243; img_size=\u00bbfull\u00bb qode_css_animation=\u00bb\u00bb][\/qode_elements_holder_item][qode_elements_holder_item advanced_animations=\u00bbno\u00bb background_image=\u00bb738&#8243; item_padding=\u00bb75px 35px 160px 65px\u00bb item_padding_1280_1440=\u00bb75px 40px 160px 65px\u00bb item_padding_1024_1280=\u00bb50px 40px 121px 40px\u00bb item_padding_768_1024=\u00bb30px 30px 21px 30px\u00bb item_padding_600_768=\u00bb100px 120px 100px 50px\u00bb item_padding_480_600=\u00bb100px 40px 100px 65px\u00bb item_padding_480=\u00bb30px 30px 160px 30px\u00bb][vc_column_text]<\/p>\n<h3><span style=\"color: #ff0000;\">Dia 5:<\/span><\/h3>\n<h3>Dia livre para continuar desfrutando de Paris. Transfer para o aeroporto. Voo de volta ao seu pa\u00eds com lembran\u00e7as inesquec\u00edveis.<\/h3>\n<p>[\/vc_column_text][vc_empty_space height=\u00bb34px\u00bb][\/qode_elements_holder_item][\/qode_elements_holder][\/qode_content_slider_item][\/qode_content_slider][\/vc_column][\/vc_row][vc_row css_animation=\u00bb\u00bb row_type=\u00bbrow\u00bb use_row_as_full_screen_section=\u00bbno\u00bb type=\u00bbfull_width\u00bb angled_section=\u00bbno\u00bb text_align=\u00bbleft\u00bb background_image_as_pattern=\u00bbwithout_pattern\u00bb background_image=\u00bb681&#8243; z_index=\u00bb\u00bb][vc_column]<div class=\"qode-advanced-call-to-action\" style=\"height:168px\">\n\t<a class=\"advanced-cta-link\" href=\"https:\/\/ba-cup.com\/new\/registro-paris\/\" target=\"_self\"><\/a>\n\t<div class=\"qode-advanced-cta-content\">\t\t\n\t    <span class=\"qode-advanced-cta-text-holder\" style=\"color:#ffffff;font-size:25px\">\n\t\t    INSCREVA-SE\t    <\/span>\n\t    <span class=\"qode-advanced-cta-icon-holder\" style=\"color:#ffffff;font-size:38px;font-weight:600;height:45px;width:45px\">\n\t\t    <span class=\"qode-advanced-cta-icon-holder-table\">\n\t\t    \t<span class=\"qode-advanced-cta-icon-holder-cell\" >\n\t\t\t    \t<span aria-hidden=\"true\" class=\"qode_icon_font_elegant arrow_right qode-advanced-cta-icon\" ><\/span>\t\t\t    <\/span>\n\t\t    <\/span>\n\t\t    \t    <\/span>\n\t<\/div>\n\t\t\t<div class=\"qode-advanced-cta-background-holder\">\n\t\t\t<span class=\"qode-advanced-cta-background-1 qode-type1-gradient-left-to-right\"><\/span>\n\t\t\t<span class=\"qode-advanced-cta-background-2 qode-type1-gradient-left-to-right\"><\/span>\n\t\t\t<span class=\"qode-advanced-cta-background-3\"><\/span>\n\t\t<\/div>\n\t<\/div>[\/vc_column][\/vc_row]<\/p>\n<\/div>","protected":false},"excerpt":{"rendered":"<p>[vc_row css_animation=\u00bb\u00bb row_type=\u00bbrow\u00bb use_row_as_full_screen_section=\u00bbno\u00bb type=\u00bbfull_width\u00bb angled_section=\u00bbno\u00bb text_align=\u00bbleft\u00bb background_image_as_pattern=\u00bbwithout_pattern\u00bb css=\u00bb.vc_custom_1509370335068{padding-top: 90px !important;}\u00bb][vc_column width=\u00bb1\/2&#8243;][vc_single_image image=\u00bb800&#8243; img_size=\u00bbfull\u00bb qode_css_animation=\u00bb\u00bb][\/vc_column][vc_column width=\u00bb1\/2&#8243;][\/vc_column][\/vc_row][vc_row css_animation=\u00bb\u00bb row_type=\u00bbrow\u00bb use_row_as_full_screen_section=\u00bbno\u00bb type=\u00bbgrid\u00bb angled_section=\u00bbno\u00bb text_align=\u00bbleft\u00bb background_image_as_pattern=\u00bbwithout_pattern\u00bb css=\u00bb.vc_custom_1509370394256{padding-bottom: 50px !important;}\u00bb][vc_column css=\u00bb.vc_custom_1724766018238{margin-top: -4% !important;}\u00bb][qode_elements_holder number_of_columns=\u00bbone_column\u00bb][qode_elements_holder_item&#8230;<\/p>\n","protected":false},"author":2,"featured_media":0,"parent":0,"menu_order":0,"comment_status":"closed","ping_status":"closed","template":"full_width.php","meta":{"footnotes":""},"class_list":["post-1205","page","type-page","status-publish","hentry"],"_links":{"self":[{"href":"https:\/\/ba-cup.com\/new\/wp-json\/wp\/v2\/pages\/1205","targetHints":{"allow":["GET"]}}],"collection":[{"href":"https:\/\/ba-cup.com\/new\/wp-json\/wp\/v2\/pages"}],"about":[{"href":"https:\/\/ba-cup.com\/new\/wp-json\/wp\/v2\/types\/page"}],"author":[{"embeddable":true,"href":"https:\/\/ba-cup.com\/new\/wp-json\/wp\/v2\/users\/2"}],"replies":[{"embeddable":true,"href":"https:\/\/ba-cup.com\/new\/wp-json\/wp\/v2\/comments?post=1205"}],"version-history":[{"count":15,"href":"https:\/\/ba-cup.com\/new\/wp-json\/wp\/v2\/pages\/1205\/revisions"}],"predecessor-version":[{"id":1207,"href":"https:\/\/ba-cup.com\/new\/wp-json\/wp\/v2\/pages\/1205\/revisions\/1207"}],"wp:attachment":[{"href":"https:\/\/ba-cup.com\/new\/wp-json\/wp\/v2\/media?parent=1205"}],"curies":[{"name":"wp","href":"https:\/\/api.w.org\/{rel}","templated":true}]}}