{"id":1246,"date":"2024-08-26T09:53:25","date_gmt":"2024-08-26T12:53:25","guid":{"rendered":"https:\/\/ba-cup.com\/new\/?page_id=1246"},"modified":"2026-05-07T15:51:25","modified_gmt":"2026-05-07T18:51:25","slug":"caribe-port","status":"publish","type":"page","link":"https:\/\/ba-cup.com\/new\/pt\/caribe-port\/","title":{"rendered":"Caribe-port"},"content":{"rendered":"<div class=\"wpb-content-wrapper\"><p>[vc_row css_animation=\u00bb\u00bb row_type=\u00bbrow\u00bb use_row_as_full_screen_section=\u00bbno\u00bb type=\u00bbfull_width\u00bb angled_section=\u00bbno\u00bb text_align=\u00bbleft\u00bb background_image_as_pattern=\u00bbwithout_pattern\u00bb css=\u00bb.vc_custom_1509370335068{padding-top: 90px !important;}\u00bb][vc_column width=\u00bb1\/2&#8243;][vc_single_image image=\u00bb1074&#8243; img_size=\u00bbfull\u00bb css=\u00bb\u00bb qode_css_animation=\u00bb\u00bb][\/vc_column][vc_column width=\u00bb1\/2&#8243;][\/vc_column][\/vc_row][vc_row css_animation=\u00bb\u00bb row_type=\u00bbrow\u00bb use_row_as_full_screen_section=\u00bbno\u00bb type=\u00bbgrid\u00bb angled_section=\u00bbno\u00bb text_align=\u00bbleft\u00bb background_image_as_pattern=\u00bbwithout_pattern\u00bb css=\u00bb.vc_custom_1724450832602{padding-bottom: 22px !important;}\u00bb z_index=\u00bb\u00bb][vc_column css=\u00bb.vc_custom_1724766571668{margin-top: -3% !important;}\u00bb][qode_elements_holder number_of_columns=\u00bbone_column\u00bb][qode_elements_holder_item advanced_animations=\u00bbno\u00bb item_padding=\u00bb0 35% 0 0&#8243; item_padding_1024_1280=\u00bb0 22% 0 0&#8243; item_padding_768_1024=\u00bb0 19% 0 0&#8243; item_padding_600_768=\u00bb0 0 0 0&#8243; item_padding_480_600=\u00bb0 0 0 0&#8243; item_padding_480=\u00bb0 0 0 0&#8243;][vc_empty_space height=\u00bb50px\u00bb][vc_column_text]<\/p>\n<h2><span style=\"color: #339966;\"><span style=\"color: #33cccc;\">Viva a experi\u00eancia BA CUP <\/span><span style=\"color: #ff0000;\"><span style=\"color: #33cccc;\">nas melhores praias do mundo.<\/span> <\/span><\/span><\/h2>\n<p>[\/vc_column_text][\/qode_elements_holder_item][\/qode_elements_holder][\/vc_column][\/vc_row][vc_row css_animation=\u00bb\u00bb row_type=\u00bbrow\u00bb use_row_as_full_screen_section=\u00bbno\u00bb type=\u00bbgrid\u00bb angled_section=\u00bbno\u00bb text_align=\u00bbleft\u00bb background_image_as_pattern=\u00bbwithout_pattern\u00bb css=\u00bb.vc_custom_1508320369750{padding-top: 15px !important;padding-bottom: 90px !important;}\u00bb][vc_column offset=\u00bbvc_col-lg-4 vc_col-md-4 vc_col-xs-12&#8243;][vc_single_image image=\u00bb1967&#8243; img_size=\u00bbfull\u00bb qode_css_animation=\u00bb\u00bb][vc_empty_space height=\u00bb22px\u00bb][vc_column_text css=\u00bb\u00bb]<\/p>\n<h3><span style=\"color: #339966;\">JOGUE NA RIVIERA MAYA<\/span><\/h3>\n<p>[\/vc_column_text][vc_column_text]<\/p>\n<h4><span style=\"color: #339966;\">2027<\/span><\/h4>\n<p>[\/vc_column_text][vc_empty_space height=\u00bb12px\u00bb][vc_column_text]<\/p>\n<div class=\"page\" title=\"Page 2\">\n<div class=\"layoutArea\">\n<div class=\"column\">\n<p>Viva a experi\u00eancia da BA Cup no Caribe em 2027.<\/p>\n<\/div>\n<\/div>\n<\/div>\n<p>[\/vc_column_text][vc_empty_space height=\u00bb22px\u00bb]<a  itemprop=\"url\" href=\"https:\/\/ba-cup.com\/new\/registro-caribe\/\" target=\"_self\" data-hover-background-color=\"#1aadb2\" data-hover-color=\"#ffffff\" class=\"qbutton  big_large center default\" style=\"color: #ffffff; background-color:#23c8db;\">INSCREVA-SE AGORA<\/a>[vc_empty_space height=\u00bb40px\u00bb][\/vc_column][vc_column offset=\u00bbvc_col-lg-4 vc_col-md-4 vc_col-xs-12&#8243;][vc_single_image image=\u00bb1538&#8243; img_size=\u00bbfull\u00bb qode_css_animation=\u00bb\u00bb][vc_empty_space height=\u00bb22px\u00bb][vc_column_text]<\/p>\n<h3><span style=\"color: #339966;\">JOGUE COM AMIGOS<\/span><\/h3>\n<p>[\/vc_column_text][vc_empty_space height=\u00bb12px\u00bb][vc_column_text]<\/p>\n<div class=\"page\" title=\"Page 2\">\n<div class=\"layoutArea\">\n<div class=\"column\">\n<p>Com amigos e fam\u00edlia jogando futebol em uma das praias mais bonitas do mundo.<\/p>\n<\/div>\n<\/div>\n<\/div>\n<p>[\/vc_column_text][vc_empty_space height=\u00bb22px\u00bb]<a  itemprop=\"url\" href=\"https:\/\/ba-cup.com\/new\/registro-caribe\/\" target=\"_self\" data-hover-background-color=\"#1aadb2\" data-hover-color=\"#ffffff\" class=\"qbutton  big_large center default\" style=\"color: #ffffff; background-color:#23c8db;\">INSCREVA-SE AGORA<\/a>[vc_empty_space height=\u00bb40px\u00bb][\/vc_column][vc_column offset=\u00bbvc_col-lg-4 vc_col-md-4 vc_col-xs-12&#8243;][vc_empty_space height=\u00bb20px\u00bb][\/vc_column][\/vc_row][vc_row css_animation=\u00bb\u00bb row_type=\u00bbrow\u00bb use_row_as_full_screen_section=\u00bbno\u00bb type=\u00bbgrid\u00bb angled_section=\u00bbno\u00bb text_align=\u00bbleft\u00bb background_image_as_pattern=\u00bbwithout_pattern\u00bb css=\u00bb.vc_custom_1726666462991{padding-bottom: 60px !important;}\u00bb z_index=\u00bb\u00bb][vc_column offset=\u00bbvc_col-lg-4 vc_col-md-4 vc_col-xs-12&#8243;][vc_empty_space height=\u00bb40px\u00bb][vc_single_image image=\u00bb1978&#8243; img_size=\u00bbfull\u00bb qode_css_animation=\u00bb\u00bb][\/vc_column][vc_column offset=\u00bbvc_col-lg-8 vc_col-md-8 vc_col-xs-12&#8243; css=\u00bb.vc_custom_1723735780679{padding-left: 55px !important;}\u00bb][vc_empty_space height=\u00bb40px\u00bb][vc_column_text css=\u00bb\u00bb]<\/p>\n<h2><span style=\"color: #33cccc;\">Desfrute de um torneio bem entretido em Riviera Maya<\/span><\/h2>\n<p>[\/vc_column_text][vc_empty_space height=\u00bb25px\u00bb][vc_column_text]<\/p>\n<div class=\"page\" title=\"Page 2\">\n<div class=\"layoutArea\">\n<div class=\"column\">\n<div class=\"page\" title=\"Page 2\">\n<div class=\"layoutArea\">\n<div class=\"column\">\n<p>A BA Cup oferece a possibilidade de continuar desfrutando da experi\u00eancia futebol\u00edstica mais internacional da Am\u00e9rica, em uma das melhores praias do mundo.<\/p>\n<p>\u00c9 uma oportunidade \u00fanica de se divertir com amigos e fam\u00edlia jogando futebol e desfrutando de uma estadia TUDO INCLU\u00cdDO.<\/p>\n<\/div>\n<\/div>\n<\/div>\n<\/div>\n<\/div>\n<\/div>\n<p>[\/vc_column_text][\/vc_column][\/vc_row][vc_row css_animation=\u00bb\u00bb row_type=\u00bbrow\u00bb use_row_as_full_screen_section=\u00bbno\u00bb type=\u00bbgrid\u00bb angled_section=\u00bbno\u00bb text_align=\u00bbleft\u00bb background_image_as_pattern=\u00bbwithout_pattern\u00bb z_index=\u00bb\u00bb][vc_column][vc_row_inner row_type=\u00bbrow\u00bb type=\u00bbfull_width\u00bb text_align=\u00bbcenter\u00bb css_animation=\u00bb\u00bb][vc_column_inner width=\u00bb1\/4&#8243;][\/vc_column_inner][vc_column_inner width=\u00bb1\/2&#8243;][vc_column_text]<\/p>\n<h2 style=\"text-align: center;\"><span style=\"color: #00ccff;\">Categorias<\/span><\/h2>\n<p>[\/vc_column_text][vc_empty_space height=\u00bb16px\u00bb][\/vc_column_inner][vc_column_inner width=\u00bb1\/4&#8243;][\/vc_column_inner][\/vc_row_inner][\/vc_column][\/vc_row][vc_row css_animation=\u00bb\u00bb row_type=\u00bbrow\u00bb use_row_as_full_screen_section=\u00bbno\u00bb type=\u00bbgrid\u00bb angled_section=\u00bbno\u00bb text_align=\u00bbleft\u00bb background_image_as_pattern=\u00bbwithout_pattern\u00bb z_index=\u00bb\u00bb padding_bottom=\u00bb20&#8243;][vc_column width=\u00bb1\/3&#8243;]<div class='service_table_holder'><ul class='service_table_inner'><li class='service_table_title_holder background_color_type' style='background-color: #1e73be;'><div class='service_table_title_inner'><div class='service_table_title_inner2'><h3 class='service_title' style='color: #ffffff;'>INFANTIS<\/h3><\/div><\/div><\/li><li class='service_table_content' style=''><\/p>\n<p style=\"text-align: center;\">2009\/10<\/p>\n<p style=\"text-align: center;\">2011\/12<\/p>\n<p style=\"text-align: center;\">2013\/14<\/p>\n<p style=\"text-align: center;\">2015\/16<\/p>\n<p style=\"text-align: center;\">2017\/18<\/p>\n<p><\/li><\/ul><\/div>[vc_empty_space height=\u00bb16px\u00bb][\/vc_column][vc_column width=\u00bb1\/3&#8243;]<div class='service_table_holder'><ul class='service_table_inner'><li class='service_table_title_holder background_color_type' style='background-color: #578fbf;'><div class='service_table_title_inner'><div class='service_table_title_inner2'><h3 class='service_title' style='color: #ffffff;'>Feminino<\/h3><\/div><\/div><\/li><li class='service_table_content' style=''><\/p>\n<p style=\"text-align: center;\">+60<\/p>\n<p style=\"text-align: center;\">+48<\/p>\n<p style=\"text-align: center;\">+35<\/p>\n<p style=\"text-align: center;\">LIVRE<\/p>\n<p><\/li><\/ul><\/div>[vc_empty_space height=\u00bb16px\u00bb][\/vc_column][vc_column width=\u00bb1\/3&#8243;]<div class='service_table_holder'><ul class='service_table_inner'><li class='service_table_title_holder background_color_type' style='background-color: #e5b75b;'><div class='service_table_title_inner'><div class='service_table_title_inner2'><h3 class='service_title' style=''>Masculino<\/h3><\/div><\/div><\/li><li class='service_table_content' style=''><\/p>\n<p style=\"text-align: center;\">+60<\/p>\n<p style=\"text-align: center;\">+48<\/p>\n<p style=\"text-align: center;\">+35<\/p>\n<p style=\"text-align: center;\">LIVRE<\/p>\n<p><\/li><\/ul><\/div>[vc_empty_space height=\u00bb16px\u00bb][\/vc_column][\/vc_row][vc_row css_animation=\u00bb\u00bb row_type=\u00bbrow\u00bb use_row_as_full_screen_section=\u00bbno\u00bb type=\u00bbfull_width\u00bb angled_section=\u00bbno\u00bb text_align=\u00bbleft\u00bb video=\u00bbshow_video\u00bb background_image_as_pattern=\u00bbwithout_pattern\u00bb background_image=\u00bb701&#8243; z_index=\u00bb\u00bb video_mp4=\u00bbhttps:\/\/ba-cup.com\/new\/wp-content\/uploads\/2025\/03\/master-caribe-2.mp4&#8243; side_padding=\u00bb4&#8243;][vc_column][vc_row_inner row_type=\u00bbrow\u00bb type=\u00bbfull_width\u00bb text_align=\u00bbleft\u00bb css_animation=\u00bb\u00bb css=\u00bb.vc_custom_1726666530059{padding-top: 10% !important;padding-bottom: 10% !important;}\u00bb][vc_column_inner width=\u00bb1\/2&#8243; css=\u00bb.vc_custom_1508831572827{padding-right: 31% !important;}\u00bb offset=\u00bbvc_col-lg-3 vc_col-md-3 vc_col-xs-12&#8243;]<div class=\"q_counter_holder  left\" style=\"\" data-digit=\"24\"><span class=\"counter  zero\" style=\"color: #ffffff;font-size: 70px;font-weight: 700;\">24<\/span><p class=\"counter_text\" style=\"font-size: 25px;font-weight: 700;text-transform: none;color: #ffffff;\">Horas de aten\u00e7\u00e3o personalizada.<\/p><\/div>[vc_empty_space height=\u00bb30px\u00bb][\/vc_column_inner][vc_column_inner width=\u00bb1\/2&#8243; css=\u00bb.vc_custom_1508831577749{padding-right: 31% !important;}\u00bb offset=\u00bbvc_col-lg-3 vc_col-md-3 vc_col-xs-12&#8243;]<div class=\"q_counter_holder  left\" style=\"\" data-digit=\"5\"><span class=\"counter  zero\" style=\"color: #ffffff;font-size: 70px;font-weight: 700;\">5<\/span><p class=\"counter_text\" style=\"font-size: 25px;font-weight: 700;text-transform: none;color: #ffffff;\">Dias com tudo inclu\u00eddo e servi\u00e7o 5 estrelas.<\/p><\/div>[vc_empty_space height=\u00bb30px\u00bb][\/vc_column_inner][vc_column_inner width=\u00bb1\/2&#8243; css=\u00bb.vc_custom_1508831582810{padding-right: 31% !important;}\u00bb offset=\u00bbvc_col-lg-3 vc_col-md-3 vc_col-xs-12&#8243;]<div class=\"q_counter_holder  left\" style=\"\" data-digit=\"300\"><span class=\"counter  zero\" style=\"color: #ffffff;font-size: 70px;font-weight: 700;\">300<\/span><p class=\"counter_text\" style=\"font-size: 25px;font-weight: 700;text-transform: none;color: #ffffff;\">Jogadores de todas as categorias.<\/p><\/div>[vc_empty_space height=\u00bb30px\u00bb][\/vc_column_inner][vc_column_inner width=\u00bb1\/2&#8243; css=\u00bb.vc_custom_1508831587024{padding-right: 31% !important;}\u00bb offset=\u00bbvc_col-lg-3 vc_col-md-3 vc_col-xs-12&#8243;]<div class=\"q_counter_holder  left\" style=\"\" data-digit=\"4\"><span class=\"counter  zero\" style=\"color: #ffffff;font-size: 70px;font-weight: 700;\">4<\/span><p class=\"counter_text\" style=\"font-size: 25px;font-weight: 700;text-transform: none;color: #ffffff;\">Partidas garantidas durante todo o torneio.<\/p><\/div>[vc_empty_space height=\u00bb30px\u00bb][\/vc_column_inner][\/vc_row_inner][\/vc_column][\/vc_row][vc_row css_animation=\u00bb\u00bb row_type=\u00bbrow\u00bb use_row_as_full_screen_section=\u00bbno\u00bb type=\u00bbfull_width\u00bb angled_section=\u00bbno\u00bb text_align=\u00bbleft\u00bb background_image_as_pattern=\u00bbwithout_pattern\u00bb][vc_column width=\u00bb1\/2&#8243;][vc_single_image image=\u00bb1965&#8243; img_size=\u00bbfull\u00bb qode_css_animation=\u00bb\u00bb][\/vc_column][vc_column width=\u00bb1\/2&#8243;][\/vc_column][\/vc_row][vc_row css_animation=\u00bb\u00bb row_type=\u00bbrow\u00bb use_row_as_full_screen_section=\u00bbno\u00bb type=\u00bbgrid\u00bb angled_section=\u00bbno\u00bb text_align=\u00bbleft\u00bb background_image_as_pattern=\u00bbwithout_pattern\u00bb css=\u00bb.vc_custom_1508329908284{padding-bottom: 45px !important;}\u00bb][vc_column css=\u00bb.vc_custom_1724766222624{margin-top: -4% !important;}\u00bb offset=\u00bbvc_col-lg-6 vc_col-md-6 vc_col-xs-12&#8243;][\/vc_column][vc_column width=\u00bb1\/2&#8243;][\/vc_column][\/vc_row][vc_row css_animation=\u00bb\u00bb row_type=\u00bbrow\u00bb use_row_as_full_screen_section=\u00bbno\u00bb type=\u00bbgrid\u00bb angled_section=\u00bbno\u00bb text_align=\u00bbleft\u00bb background_image_as_pattern=\u00bbwithout_pattern\u00bb z_index=\u00bb\u00bb][vc_column width=\u00bb1\/2&#8243;][vc_video link=\u00bbhttps:\/\/www.youtube.com\/watch?v=ljOcbKS0rcI\u00bb css=\u00bb\u00bb][\/vc_column][vc_column width=\u00bb1\/2&#8243;][vc_column_text css=\u00bb\u00bb]<\/p>\n<h2><span style=\"color: #33cccc;\"><span style=\"caret-color: #e03131;\">Jogue a copa adulta em Riviera Maya<\/span><\/span><\/h2>\n<p>[\/vc_column_text][vc_empty_space][vc_column_text]A BA Cup \u00e9 reconhecida como o torneio de futebol mais internacional das Am\u00e9ricas, consolidando-se como um dos eventos mais prestigiados e populares do mundo.<\/p>\n<p>Este torneio oferece aos jogadores a oportunidade de melhorar o seu jogo, divertir-se dentro e fora do campo e criar amizades com pessoas de todo o mundo.<\/p>\n<p>A BA Cup oferece a possibilidade de continuar desfrutando da experi\u00eancia futebol\u00edstica mais internacional da Am\u00e9rica, em uma das melhores praias do mundo. \u00c9 uma oportunidade \u00fanica de se divertir com amigos e fam\u00edlia jogando futebol e desfrutando de uma estadia TUDO INCLU\u00cdDO.[\/vc_column_text][\/vc_column][\/vc_row][vc_row css_animation=\u00bb\u00bb row_type=\u00bbrow\u00bb use_row_as_full_screen_section=\u00bbno\u00bb type=\u00bbfull_width\u00bb angled_section=\u00bbno\u00bb text_align=\u00bbleft\u00bb background_image_as_pattern=\u00bbwithout_pattern\u00bb][vc_column][vc_empty_space][\/vc_column][\/vc_row][vc_row css_animation=\u00bb\u00bb row_type=\u00bbrow\u00bb use_row_as_full_screen_section=\u00bbno\u00bb type=\u00bbfull_width\u00bb angled_section=\u00bbno\u00bb text_align=\u00bbcenter\u00bb video=\u00bbshow_video\u00bb background_image_as_pattern=\u00bbwithout_pattern\u00bb background_image=\u00bb858&#8243; z_index=\u00bb\u00bb video_mp4=\u00bbhttps:\/\/ba-cup.com\/new\/wp-content\/uploads\/2024\/08\/masters-RIVIERA-1.mp4&#8243;][vc_column width=\u00bb1\/4&#8243;][\/vc_column][vc_column width=\u00bb1\/2&#8243;][vc_empty_space][vc_column_text]<\/p>\n<h2 style=\"text-align: center;\"><span style=\"color: #ffffff;\">A maravilhosa oportunidade de viajar e jogar com os amigos no para\u00edso !<\/span><\/h2>\n<p>[\/vc_column_text][vc_empty_space]<a  itemprop=\"url\" href=\"https:\/\/ba-cup.com\/new\/registro-caribe\/\" target=\"_self\" data-hover-background-color=\"#1aadb2\" data-hover-color=\"#ffffff\" class=\"qbutton  big_large center default\" style=\"color: #ffffff; background-color:#23c8db;\">INSCREVA-SE AGORA<\/a>[vc_empty_space][vc_empty_space][\/vc_column][vc_column width=\u00bb1\/4&#8243;][\/vc_column][\/vc_row][vc_row css_animation=\u00bb\u00bb row_type=\u00bbrow\u00bb use_row_as_full_screen_section=\u00bbno\u00bb type=\u00bbgrid\u00bb angled_section=\u00bbno\u00bb text_align=\u00bbleft\u00bb background_image_as_pattern=\u00bbwithout_pattern\u00bb background_color=\u00bb#f2f2f2&#8243; css=\u00bb.vc_custom_1508398670843{padding-top: 145px !important;padding-bottom: 145px !important;}\u00bb][vc_column][vc_column_text css=\u00bb\u00bb]<\/p>\n<h2><span style=\"color: #339966;\">Assim ser\u00e3o seus dias na copa Cancun:<\/span><\/h2>\n<p>[\/vc_column_text][vc_empty_space height=\u00bb12px\u00bb][vc_empty_space height=\u00bb12px\u00bb][qode_content_slider auto_rotate=\u00bb0&#8243; direction_nav=\u00bbyes\u00bb control_nav=\u00bbno\u00bb control_nav_justify=\u00bbno\u00bb][qode_content_slider_item][qode_elements_holder number_of_columns=\u00bbtwo_columns\u00bb columns_proportion=\u00bb66_33&#8243;][qode_elements_holder_item advanced_animations=\u00bbno\u00bb][vc_single_image image=\u00bb1969&#8243; img_size=\u00bbfull\u00bb qode_css_animation=\u00bb\u00bb][\/qode_elements_holder_item][qode_elements_holder_item advanced_animations=\u00bbno\u00bb background_image=\u00bb734&#8243; item_padding=\u00bb75px 40px 160px 65px\u00bb item_padding_1280_1440=\u00bb74px 40px 160px 65px\u00bb item_padding_1024_1280=\u00bb50px 40px 121px 40px\u00bb item_padding_768_1024=\u00bb30px 30px 21px 30px\u00bb item_padding_600_768=\u00bb100px 120px 100px 50px\u00bb item_padding_480_600=\u00bb100px 40px 100px 65px\u00bb item_padding_480=\u00bb30px 30px 80px 30px\u00bb][vc_column_text]<\/p>\n<div class=\"page\" title=\"Page 5\">\n<div class=\"section\">\n<div class=\"layoutArea\">\n<div class=\"column\">\n<h3><span style=\"color: #339966;\">Dia 1:<\/span><\/h3>\n<h3>Chegada ao aeroporto internacional de Canc\u00fan. Traslado para o hotel. Check-in e coquetel de boas-vindas. Entrega do kit \u00a0BA Cup. Cl\u00ednica de futebol liderada por treinadores profissionais.<\/h3>\n<\/div>\n<\/div>\n<\/div>\n<\/div>\n<p>[\/vc_column_text][vc_empty_space height=\u00bb34px\u00bb][\/qode_elements_holder_item][\/qode_elements_holder][\/qode_content_slider_item][qode_content_slider_item][qode_elements_holder number_of_columns=\u00bbtwo_columns\u00bb columns_proportion=\u00bb66_33&#8243;][qode_elements_holder_item advanced_animations=\u00bbno\u00bb][vc_single_image image=\u00bb851&#8243; img_size=\u00bbfull\u00bb qode_css_animation=\u00bb\u00bb][\/qode_elements_holder_item][qode_elements_holder_item advanced_animations=\u00bbno\u00bb background_image=\u00bb735&#8243; item_padding=\u00bb75px 35px 160px 65px\u00bb item_padding_1280_1440=\u00bb75px 40px 160px 65px\u00bb item_padding_1024_1280=\u00bb50px 40px 121px 40px\u00bb item_padding_768_1024=\u00bb30px 30px 21px 30px\u00bb item_padding_600_768=\u00bb100px 120px 100px 50px\u00bb item_padding_480_600=\u00bb100px 40px 100px 65px\u00bb item_padding_480=\u00bb30px 30px 160px 30px\u00bb][vc_column_text]<\/p>\n<h3><span style=\"color: #339966;\">Dia 2:<\/span><\/h3>\n<div class=\"page\" title=\"Page 5\">\n<div class=\"section\">\n<div class=\"layoutArea\">\n<div class=\"column\">\n<h3>Primeiro dia da copa, represente seu pa\u00eds defendendo as cores da sua camisa.<br \/>\nEvento oficial de boas-vindas para a BA Cup Caribe, torneio internacional de futebol. Apresenta\u00e7\u00e3o de todos os pa\u00edses participantes, com recep\u00e7\u00e3o privada, bar aberto, m\u00fasica e show.<\/h3>\n<\/div>\n<\/div>\n<\/div>\n<\/div>\n<p>[\/vc_column_text][vc_empty_space height=\u00bb34px\u00bb][\/qode_elements_holder_item][\/qode_elements_holder][\/qode_content_slider_item][qode_content_slider_item][qode_elements_holder number_of_columns=\u00bbtwo_columns\u00bb columns_proportion=\u00bb66_33&#8243;][qode_elements_holder_item advanced_animations=\u00bbno\u00bb][vc_single_image image=\u00bb845&#8243; img_size=\u00bbfull\u00bb qode_css_animation=\u00bb\u00bb][\/qode_elements_holder_item][qode_elements_holder_item advanced_animations=\u00bbno\u00bb background_image=\u00bb736&#8243; item_padding=\u00bb75px 35px 160px 65px\u00bb item_padding_1280_1440=\u00bb75px 40px 160px 65px\u00bb item_padding_1024_1280=\u00bb50px 40px 121px 40px\u00bb item_padding_768_1024=\u00bb30px 30px 21px 30px\u00bb item_padding_600_768=\u00bb100px 120px 100px 50px\u00bb item_padding_480_600=\u00bb100px 40px 100px 65px\u00bb item_padding_480=\u00bb30px 30px 160px 30px\u00bb][vc_column_text]<\/p>\n<h3><span style=\"color: #339966;\">Dia 3:<\/span><\/h3>\n<div class=\"page\" title=\"Page 5\">\n<div class=\"section\">\n<div class=\"layoutArea\">\n<div class=\"column\">\n<h3>Segundo dia de jogos.<br \/>\nRelaxe e desfrute de uma bebida no bar de uma das Piscinas gigantescas, e n\u00e3o deixe de experimentar um petisco com as deliciosas op\u00e7\u00f5es de bolos e sobremesas elaboradas pelos confeiteiros do Barcel\u00f3 B\u00e1varo Pal\u00e1cio &#8211; Tudo Inclu\u00eddo..<\/h3>\n<\/div>\n<\/div>\n<\/div>\n<\/div>\n<p>[\/vc_column_text][vc_empty_space height=\u00bb34px\u00bb][\/qode_elements_holder_item][\/qode_elements_holder][\/qode_content_slider_item][qode_content_slider_item][qode_elements_holder number_of_columns=\u00bbtwo_columns\u00bb columns_proportion=\u00bb66_33&#8243;][qode_elements_holder_item advanced_animations=\u00bbno\u00bb][vc_single_image image=\u00bb847&#8243; img_size=\u00bbfull\u00bb qode_css_animation=\u00bb\u00bb][\/qode_elements_holder_item][qode_elements_holder_item advanced_animations=\u00bbno\u00bb background_image=\u00bb737&#8243; item_padding=\u00bb75px 35px 160px 65px\u00bb item_padding_1280_1440=\u00bb75px 40px 160px 65px\u00bb item_padding_1024_1280=\u00bb50px 40px 121px 40px\u00bb item_padding_768_1024=\u00bb30px 30px 21px 30px\u00bb item_padding_600_768=\u00bb100px 120px 100px 50px\u00bb item_padding_480_600=\u00bb100px 40px 100px 65px\u00bb item_padding_480=\u00bb30px 30px 160px 30px\u00bb][vc_column_text]<\/p>\n<h3><span style=\"color: #339966;\">Dia 4:<\/span><\/h3>\n<div class=\"page\" title=\"Page 5\">\n<div class=\"section\">\n<div class=\"layoutArea\">\n<div class=\"column\">\n<h3>Finais de copa para equipes classificadas. Entrega de trof\u00e9us e medalhas aos finalistas.<br \/>\n\u00daltima tarde para se divertir com as in\u00fameras atividades e luxos do exclusivo Barcel\u00f3 B\u00e1varo Palace &#8211; Tudo Inclu\u00eddo. Jantar especial para aproveitar a \u00faltima noite juntos.<\/h3>\n<\/div>\n<\/div>\n<\/div>\n<\/div>\n<p>[\/vc_column_text][vc_empty_space height=\u00bb34px\u00bb][\/qode_elements_holder_item][\/qode_elements_holder][\/qode_content_slider_item][qode_content_slider_item][qode_elements_holder number_of_columns=\u00bbtwo_columns\u00bb columns_proportion=\u00bb66_33&#8243;][qode_elements_holder_item advanced_animations=\u00bbno\u00bb][vc_single_image image=\u00bb848&#8243; img_size=\u00bbfull\u00bb qode_css_animation=\u00bb\u00bb][\/qode_elements_holder_item][qode_elements_holder_item advanced_animations=\u00bbno\u00bb background_image=\u00bb738&#8243; item_padding=\u00bb75px 35px 160px 65px\u00bb item_padding_1280_1440=\u00bb75px 40px 160px 65px\u00bb item_padding_1024_1280=\u00bb50px 40px 121px 40px\u00bb item_padding_768_1024=\u00bb30px 30px 21px 30px\u00bb item_padding_600_768=\u00bb100px 120px 100px 50px\u00bb item_padding_480_600=\u00bb100px 40px 100px 65px\u00bb item_padding_480=\u00bb30px 30px 160px 30px\u00bb][vc_column_text]<\/p>\n<h3><span style=\"color: #339966;\">Dia 5:<\/span><\/h3>\n<div class=\"page\" title=\"Page 5\">\n<div class=\"section\">\n<div class=\"layoutArea\">\n<div class=\"column\">\n<h3>Check-out e traslado ao aeroporto. Retorne para sua cidade carregado de novas emo\u00e7\u00f5es e amizades que compartilham a mesma paix\u00e3o pelo futebol.<\/h3>\n<\/div>\n<\/div>\n<\/div>\n<\/div>\n<p>[\/vc_column_text][vc_empty_space height=\u00bb34px\u00bb][\/qode_elements_holder_item][\/qode_elements_holder][\/qode_content_slider_item][\/qode_content_slider][\/vc_column][\/vc_row][vc_row css_animation=\u00bb\u00bb row_type=\u00bbrow\u00bb use_row_as_full_screen_section=\u00bbno\u00bb type=\u00bbfull_width\u00bb angled_section=\u00bbno\u00bb text_align=\u00bbleft\u00bb background_image_as_pattern=\u00bbwithout_pattern\u00bb background_image=\u00bb681&#8243; z_index=\u00bb\u00bb][vc_column]<div class=\"qode-advanced-call-to-action\" style=\"height:168px\">\n\t<a class=\"advanced-cta-link\" href=\"https:\/\/ba-cup.com\/new\/registro-caribe\/\" target=\"_self\"><\/a>\n\t<div class=\"qode-advanced-cta-content\">\t\t\n\t    <span class=\"qode-advanced-cta-text-holder\" style=\"color:#ffffff;font-size:25px\">\n\t\t    INSCREVA-SE AGORA\t    <\/span>\n\t    <span class=\"qode-advanced-cta-icon-holder\" style=\"color:#ffffff;font-size:38px;font-weight:600;height:45px;width:45px\">\n\t\t    <span class=\"qode-advanced-cta-icon-holder-table\">\n\t\t    \t<span class=\"qode-advanced-cta-icon-holder-cell\" >\n\t\t\t    \t<span aria-hidden=\"true\" class=\"qode_icon_font_elegant arrow_right qode-advanced-cta-icon\" ><\/span>\t\t\t    <\/span>\n\t\t    <\/span>\n\t\t    \t    <\/span>\n\t<\/div>\n\t\t\t<div class=\"qode-advanced-cta-background-holder\">\n\t\t\t<span class=\"qode-advanced-cta-background-1 qode-type1-gradient-left-to-right\"><\/span>\n\t\t\t<span class=\"qode-advanced-cta-background-2 qode-type1-gradient-left-to-right\"><\/span>\n\t\t\t<span class=\"qode-advanced-cta-background-3\"><\/span>\n\t\t<\/div>\n\t<\/div>[\/vc_column][\/vc_row]<\/p>\n<\/div>","protected":false},"excerpt":{"rendered":"<p>[vc_row css_animation=\u00bb\u00bb row_type=\u00bbrow\u00bb use_row_as_full_screen_section=\u00bbno\u00bb type=\u00bbfull_width\u00bb angled_section=\u00bbno\u00bb text_align=\u00bbleft\u00bb background_image_as_pattern=\u00bbwithout_pattern\u00bb css=\u00bb.vc_custom_1509370335068{padding-top: 90px !important;}\u00bb][vc_column width=\u00bb1\/2&#8243;][vc_single_image image=\u00bb1074&#8243; img_size=\u00bbfull\u00bb css=\u00bb\u00bb qode_css_animation=\u00bb\u00bb][\/vc_column][vc_column width=\u00bb1\/2&#8243;][\/vc_column][\/vc_row][vc_row css_animation=\u00bb\u00bb row_type=\u00bbrow\u00bb use_row_as_full_screen_section=\u00bbno\u00bb type=\u00bbgrid\u00bb angled_section=\u00bbno\u00bb text_align=\u00bbleft\u00bb background_image_as_pattern=\u00bbwithout_pattern\u00bb css=\u00bb.vc_custom_1724450832602{padding-bottom: 22px !important;}\u00bb z_index=\u00bb\u00bb][vc_column css=\u00bb.vc_custom_1724766571668{margin-top: -3%&#8230;<\/p>\n","protected":false},"author":2,"featured_media":0,"parent":0,"menu_order":0,"comment_status":"closed","ping_status":"closed","template":"full_width.php","meta":{"footnotes":""},"class_list":["post-1246","page","type-page","status-publish","hentry"],"_links":{"self":[{"href":"https:\/\/ba-cup.com\/new\/wp-json\/wp\/v2\/pages\/1246","targetHints":{"allow":["GET"]}}],"collection":[{"href":"https:\/\/ba-cup.com\/new\/wp-json\/wp\/v2\/pages"}],"about":[{"href":"https:\/\/ba-cup.com\/new\/wp-json\/wp\/v2\/types\/page"}],"author":[{"embeddable":true,"href":"https:\/\/ba-cup.com\/new\/wp-json\/wp\/v2\/users\/2"}],"replies":[{"embeddable":true,"href":"https:\/\/ba-cup.com\/new\/wp-json\/wp\/v2\/comments?post=1246"}],"version-history":[{"count":32,"href":"https:\/\/ba-cup.com\/new\/wp-json\/wp\/v2\/pages\/1246\/revisions"}],"predecessor-version":[{"id":2396,"href":"https:\/\/ba-cup.com\/new\/wp-json\/wp\/v2\/pages\/1246\/revisions\/2396"}],"wp:attachment":[{"href":"https:\/\/ba-cup.com\/new\/wp-json\/wp\/v2\/media?parent=1246"}],"curies":[{"name":"wp","href":"https:\/\/api.w.org\/{rel}","templated":true}]}}