{"id":1330,"date":"2024-08-27T19:16:06","date_gmt":"2024-08-27T22:16:06","guid":{"rendered":"https:\/\/ba-cup.com\/new\/?page_id=1330"},"modified":"2025-10-07T19:46:35","modified_gmt":"2025-10-07T22:46:35","slug":"rifa","status":"publish","type":"page","link":"https:\/\/ba-cup.com\/new\/rifa\/","title":{"rendered":"Rifa"},"content":{"rendered":"<div class=\"wpb-content-wrapper\"><p>[vc_row css_animation=\u00bb\u00bb row_type=\u00bbrow\u00bb use_row_as_full_screen_section=\u00bbno\u00bb type=\u00bbfull_width\u00bb angled_section=\u00bbno\u00bb text_align=\u00bbleft\u00bb background_image_as_pattern=\u00bbwithout_pattern\u00bb][vc_column][vc_single_image image=\u00bb1344&#8243; img_size=\u00bbfull\u00bb alignment=\u00bbcenter\u00bb qode_css_animation=\u00bb\u00bb][\/vc_column][\/vc_row][vc_row css_animation=\u00bb\u00bb row_type=\u00bbrow\u00bb use_row_as_full_screen_section=\u00bbno\u00bb type=\u00bbgrid\u00bb angled_section=\u00bbno\u00bb text_align=\u00bbleft\u00bb background_image_as_pattern=\u00bbwithout_pattern\u00bb z_index=\u00bb\u00bb][vc_column width=\u00bb1\/6&#8243;][\/vc_column][vc_column width=\u00bb2\/3&#8243;][vc_empty_space][vc_column_text]<\/p>\n<h1 style=\"text-align: center;\"><span style=\"color: #ff6600;\">\u00a1TE AYUDAMOS A VIAJAR PARA JUGAR BA CUP <span style=\"color: #00ccff;\">SIN GASTAR NADA!<\/span><\/span><\/h1>\n<p>[\/vc_column_text][vc_empty_space][vc_column_text]<\/p>\n<div class=\"wpb_text_column wpb_content_element vc_custom_1600371908904\">\n<div class=\"wpb_wrapper\">\n<h4 style=\"text-align: center;\">BA Cup est\u00e1 comprometido a hacer de tu viaje una experiencia memorable e inolvidable. Ofrecemos varias oportunidades para juntar fondos que ayudar\u00e1n a todos los jugadores, equipos y fans, a cubrir el costo total del viaje sin gastar nada!<\/h4>\n<\/div>\n<\/div>\n<p>[\/vc_column_text][vc_empty_space][\/vc_column][vc_column width=\u00bb1\/6&#8243;][\/vc_column][\/vc_row][vc_row css_animation=\u00bb\u00bb row_type=\u00bbrow\u00bb use_row_as_full_screen_section=\u00bbno\u00bb type=\u00bbfull_width\u00bb angled_section=\u00bbno\u00bb text_align=\u00bbleft\u00bb background_image_as_pattern=\u00bbwithout_pattern\u00bb][vc_column][vc_single_image image=\u00bb1333&#8243; img_size=\u00bbfull\u00bb alignment=\u00bbcenter\u00bb qode_css_animation=\u00bb\u00bb][\/vc_column][\/vc_row][vc_row css_animation=\u00bb\u00bb row_type=\u00bbrow\u00bb use_row_as_full_screen_section=\u00bbno\u00bb type=\u00bbfull_width\u00bb angled_section=\u00bbno\u00bb text_align=\u00bbleft\u00bb background_image_as_pattern=\u00bbwithout_pattern\u00bb][vc_column][vc_empty_space][\/vc_column][\/vc_row][vc_row css_animation=\u00bb\u00bb row_type=\u00bbrow\u00bb use_row_as_full_screen_section=\u00bbno\u00bb type=\u00bbgrid\u00bb angled_section=\u00bbno\u00bb text_align=\u00bbleft\u00bb background_image_as_pattern=\u00bbwithout_pattern\u00bb z_index=\u00bb\u00bb][vc_column width=\u00bb1\/2&#8243;][vc_column_text]<\/p>\n<h2>1\u00ba PREMIO:\u00a0 <span style=\"color: #00ccff;\">VIAJE A BUENOS AIRES O SALTA<\/span> (ARGENTINA)<\/h2>\n<p>[\/vc_column_text][vc_column_text]<\/p>\n<h3><span style=\"color: #00ccff;\"> <span style=\"color: #000000;\">5 NOCHES\/6 D\u00cdAS<\/span><\/span><\/h3>\n<p>[\/vc_column_text][vc_empty_space][vc_column_text]<\/p>\n<div class=\"wpb_text_column wpb_content_element \">\n<div class=\"wpb_wrapper\">\n<p><strong>*Incluye:<\/strong> <em>Pasaje a\u00e9reo, hospedaje(hotel 3 estrellas), <\/em><em>desayuno y traslado al aeropuerto<\/em><\/p>\n<\/div>\n<\/div>\n<div class=\"vc_empty_space\"><\/div>\n<p>[\/vc_column_text][\/vc_column][vc_column width=\u00bb1\/2&#8243;][vc_column_text]<\/p>\n<h3><span style=\"color: #ff6600;\">VENDE TU RIFA Y RECAUDA FONDOS PARA TU VIAJE<\/span><\/h3>\n<p>[\/vc_column_text][vc_column_text]<\/p>\n<div class=\"wpb_text_column wpb_content_element vc_custom_1600371908904\">\n<div class=\"wpb_wrapper\">\n<p>Simplemente debe registrarse cada equipo para obtener sus primeros CUPONES DE LA RIFA. Enviaremos los cupones al encargado del equipo, y podr\u00e1n vender cada n\u00famero a u$10 d\u00f3lares o su equivalente en la moneda de su pa\u00eds (equipos no Argentinos) o $15000 para los equipos de Argentina. Se junta lo recaudado y todo va al viaje del equipo.<\/p>\n<\/div>\n<\/div>\n<div class=\"wpb_text_column wpb_content_element \">\n<div class=\"wpb_wrapper\">\n<div class=\"vc_row wpb_row vc_row-fluid\">\n<div class=\"wpb_column vc_column_container vc_col-sm-12\">\n<div class=\"vc_column-inner \">\n<div class=\"wpb_wrapper\">\n<div class=\"wpb_text_column wpb_content_element \">\n<div class=\"wpb_wrapper\">\n<p>Cuando se deposita la ganancia en la cuenta del equipo en BA Cup, les enviaremos cupones adicionales.<\/p>\n<p>Cada cup\u00f3n vendido tiene que ser registrado online en el bot\u00f3n <a href=\"https:\/\/www.ba-cup.net\/registracionRifa.php\" target=\"_blank\" rel=\"noopener noreferrer\">REGISTRAR N\u00daMERO<\/a>\u00a0para inscribirse oficialmente en la rifa.a<\/p>\n<p>Todos los cupones registrados est\u00e1n inscriptos al sorteo que se realizar\u00e1 durante BA Cup 2026 (26 de julio 2026). El ganador ser\u00e1 anunciado en vivo y ser\u00e1 publicado en nuestras redes sociales.<\/p>\n<\/div>\n<\/div>\n<\/div>\n<\/div>\n<\/div>\n<\/div>\n<\/div>\n<\/div>\n<p>[\/vc_column_text][vc_empty_space][vc_empty_space][\/vc_column][\/vc_row][vc_row css_animation=\u00bb\u00bb row_type=\u00bbrow\u00bb use_row_as_full_screen_section=\u00bbno\u00bb type=\u00bbgrid\u00bb angled_section=\u00bbno\u00bb text_align=\u00bbcenter\u00bb background_image_as_pattern=\u00bbwithout_pattern\u00bb z_index=\u00bb\u00bb][vc_column width=\u00bb1\/4&#8243;][\/vc_column][vc_column width=\u00bb1\/2&#8243;]<a  itemprop=\"url\" href=\"https:\/\/www.ba-cup.net\/registracionRifa.php\" target=\"_self\"  class=\"qbutton  default\" style=\"\">REGISTRAR RIFA<\/a>[\/vc_column][vc_column width=\u00bb1\/4&#8243;][\/vc_column][\/vc_row][vc_row css_animation=\u00bb\u00bb row_type=\u00bbrow\u00bb use_row_as_full_screen_section=\u00bbno\u00bb type=\u00bbfull_width\u00bb angled_section=\u00bbno\u00bb text_align=\u00bbleft\u00bb background_image_as_pattern=\u00bbwithout_pattern\u00bb][vc_column][vc_empty_space][\/vc_column][\/vc_row]<\/p>\n<\/div>","protected":false},"excerpt":{"rendered":"<p>[vc_row css_animation=\u00bb\u00bb row_type=\u00bbrow\u00bb use_row_as_full_screen_section=\u00bbno\u00bb type=\u00bbfull_width\u00bb angled_section=\u00bbno\u00bb text_align=\u00bbleft\u00bb background_image_as_pattern=\u00bbwithout_pattern\u00bb][vc_column][vc_single_image image=\u00bb1344&#8243; img_size=\u00bbfull\u00bb alignment=\u00bbcenter\u00bb qode_css_animation=\u00bb\u00bb][\/vc_column][\/vc_row][vc_row css_animation=\u00bb\u00bb row_type=\u00bbrow\u00bb use_row_as_full_screen_section=\u00bbno\u00bb type=\u00bbgrid\u00bb angled_section=\u00bbno\u00bb text_align=\u00bbleft\u00bb background_image_as_pattern=\u00bbwithout_pattern\u00bb z_index=\u00bb\u00bb][vc_column width=\u00bb1\/6&#8243;][\/vc_column][vc_column width=\u00bb2\/3&#8243;][vc_empty_space][vc_column_text] \u00a1TE AYUDAMOS A VIAJAR PARA JUGAR BA CUP&#8230;<\/p>\n","protected":false},"author":2,"featured_media":0,"parent":0,"menu_order":0,"comment_status":"closed","ping_status":"closed","template":"full_width.php","meta":{"footnotes":""},"class_list":["post-1330","page","type-page","status-publish","hentry"],"_links":{"self":[{"href":"https:\/\/ba-cup.com\/new\/wp-json\/wp\/v2\/pages\/1330","targetHints":{"allow":["GET"]}}],"collection":[{"href":"https:\/\/ba-cup.com\/new\/wp-json\/wp\/v2\/pages"}],"about":[{"href":"https:\/\/ba-cup.com\/new\/wp-json\/wp\/v2\/types\/page"}],"author":[{"embeddable":true,"href":"https:\/\/ba-cup.com\/new\/wp-json\/wp\/v2\/users\/2"}],"replies":[{"embeddable":true,"href":"https:\/\/ba-cup.com\/new\/wp-json\/wp\/v2\/comments?post=1330"}],"version-history":[{"count":15,"href":"https:\/\/ba-cup.com\/new\/wp-json\/wp\/v2\/pages\/1330\/revisions"}],"predecessor-version":[{"id":2230,"href":"https:\/\/ba-cup.com\/new\/wp-json\/wp\/v2\/pages\/1330\/revisions\/2230"}],"wp:attachment":[{"href":"https:\/\/ba-cup.com\/new\/wp-json\/wp\/v2\/media?parent=1330"}],"curies":[{"name":"wp","href":"https:\/\/api.w.org\/{rel}","templated":true}]}}