{"id":1362,"date":"2024-08-28T09:58:33","date_gmt":"2024-08-28T12:58:33","guid":{"rendered":"https:\/\/ba-cup.com\/new\/?page_id=1362"},"modified":"2025-10-07T19:47:36","modified_gmt":"2025-10-07T22:47:36","slug":"rifapt-translation","status":"publish","type":"page","link":"https:\/\/ba-cup.com\/new\/pt\/rifapt-translation\/","title":{"rendered":"Rifa(pt translation)"},"content":{"rendered":"<div class=\"wpb-content-wrapper\"><p>[vc_row css_animation=\u00bb\u00bb row_type=\u00bbrow\u00bb use_row_as_full_screen_section=\u00bbno\u00bb type=\u00bbfull_width\u00bb angled_section=\u00bbno\u00bb text_align=\u00bbleft\u00bb background_image_as_pattern=\u00bbwithout_pattern\u00bb][vc_column][vc_single_image image=\u00bb1344&#8243; img_size=\u00bbfull\u00bb alignment=\u00bbcenter\u00bb qode_css_animation=\u00bb\u00bb][\/vc_column][\/vc_row][vc_row css_animation=\u00bb\u00bb row_type=\u00bbrow\u00bb use_row_as_full_screen_section=\u00bbno\u00bb type=\u00bbgrid\u00bb angled_section=\u00bbno\u00bb text_align=\u00bbleft\u00bb background_image_as_pattern=\u00bbwithout_pattern\u00bb z_index=\u00bb\u00bb][vc_column width=\u00bb1\/6&#8243;][\/vc_column][vc_column width=\u00bb2\/3&#8243;][vc_empty_space][vc_column_text]<\/p>\n<h1 style=\"text-align: center;\"><span style=\"color: #ff6600;\"><span style=\"color: #00ccff;\">AJUDAMOS VOC\u00ca A VIAJAR<\/span> E JOGAR NA BA CUP SEM GASTAR NADA!<\/span><\/h1>\n<p>[\/vc_column_text][vc_empty_space][vc_column_text]<\/p>\n<div class=\"wpb_text_column wpb_content_element vc_custom_1600371908904\">\n<div class=\"wpb_wrapper\">\n<h4 style=\"text-align: center;\">A BA Cup fazer quest\u00e3o em tornar a sua viagem uma experi\u00eancia memor\u00e1vel e inesquec\u00edvel. Oferecemos diversas oportunidades de arrecada\u00e7\u00e3o de fundos que ajudar\u00e3o todos os jogadores, times e torcedores a cobrir todo o custo da viagem sem gastar nada!<\/h4>\n<\/div>\n<\/div>\n<p>[\/vc_column_text][vc_empty_space][\/vc_column][vc_column width=\u00bb1\/6&#8243;][\/vc_column][\/vc_row][vc_row css_animation=\u00bb\u00bb row_type=\u00bbrow\u00bb use_row_as_full_screen_section=\u00bbno\u00bb type=\u00bbfull_width\u00bb angled_section=\u00bbno\u00bb text_align=\u00bbleft\u00bb background_image_as_pattern=\u00bbwithout_pattern\u00bb][vc_column][vc_single_image image=\u00bb1333&#8243; img_size=\u00bbfull\u00bb alignment=\u00bbcenter\u00bb qode_css_animation=\u00bb\u00bb][\/vc_column][\/vc_row][vc_row css_animation=\u00bb\u00bb row_type=\u00bbrow\u00bb use_row_as_full_screen_section=\u00bbno\u00bb type=\u00bbfull_width\u00bb angled_section=\u00bbno\u00bb text_align=\u00bbleft\u00bb background_image_as_pattern=\u00bbwithout_pattern\u00bb][vc_column][vc_empty_space][\/vc_column][\/vc_row][vc_row css_animation=\u00bb\u00bb row_type=\u00bbrow\u00bb use_row_as_full_screen_section=\u00bbno\u00bb type=\u00bbgrid\u00bb angled_section=\u00bbno\u00bb text_align=\u00bbleft\u00bb background_image_as_pattern=\u00bbwithout_pattern\u00bb z_index=\u00bb\u00bb][vc_column width=\u00bb1\/2&#8243;][vc_column_text]<\/p>\n<h2>1\u00ba PR\u00caMIO: <span style=\"color: #00ccff;\">VIAGEM A BUENOS AIRES OU SALTA<\/span> (ARGENTINA)<\/h2>\n<p>[\/vc_column_text][vc_column_text]<\/p>\n<h3>5 NOITES\/6 DIAS<\/h3>\n<p>[\/vc_column_text][vc_empty_space][vc_column_text]<\/p>\n<div class=\"wpb_text_column wpb_content_element \">\n<div class=\"wpb_wrapper\">\n<p><strong>*Inclui:<\/strong> <em>Passagem a\u00e9rea, hospedagem (hotel 3 estrelas), caf\u00e9 da manh\u00e3 e transfer aeroporto<\/em><\/p>\n<\/div>\n<\/div>\n<div class=\"vc_empty_space\"><\/div>\n<p>[\/vc_column_text][\/vc_column][vc_column width=\u00bb1\/2&#8243;][vc_column_text]<\/p>\n<h3><span style=\"color: #ff6600;\">VENDA SEU SORTEIO E ARRECADE FUNDOS PARA SUA VIAGEM<\/span><\/h3>\n<p>[\/vc_column_text][vc_column_text]<\/p>\n<div class=\"wpb_text_column wpb_content_element vc_custom_1600371908904\">\n<div class=\"wpb_wrapper\">\n<p>Cada equipe s\u00f3 precisa se registrar para receber seus primeiros CUPONS DE SORTEIO. Enviaremos os cupons ao respons\u00e1vel pela equipe, e ele poder\u00e1 vender cada n\u00famero por US$ 10 d\u00f3lares ou o equivalente na moeda de seu pa\u00eds (equipes n\u00e3o argentinas) ou $ 15.000 para equipes argentinas. A renda \u00e9 arrecadada e tudo vai para a viagem da equipe.<\/p>\n<p>Quando os ganhos forem depositados na conta do time na BA Cup, enviaremos cupons adicionais.<\/p>\n<p>Cada cupom vendido deve ser registrado online usando o bot\u00e3o <a href=\"https:\/\/www.ba-cup.net\/registracionRifa.php\" target=\"_blank\" rel=\"noopener\">CADASTRAR NUMERO<\/a> para se registrar oficialmente no sorteio.<\/p>\n<p>Todos os cupons cadastrados ficam inscritos no sorteio que ser\u00e1 realizado durante a Copa BA 2026 (26 de julho de 2026). O vencedor ser\u00e1 anunciado ao vivo e divulgado em nossas redes sociais.<\/p>\n<\/div>\n<\/div>\n<p>[\/vc_column_text][vc_empty_space][vc_empty_space][\/vc_column][\/vc_row][vc_row css_animation=\u00bb\u00bb row_type=\u00bbrow\u00bb use_row_as_full_screen_section=\u00bbno\u00bb type=\u00bbgrid\u00bb angled_section=\u00bbno\u00bb text_align=\u00bbcenter\u00bb background_image_as_pattern=\u00bbwithout_pattern\u00bb z_index=\u00bb\u00bb][vc_column width=\u00bb1\/4&#8243;][\/vc_column][vc_column width=\u00bb1\/2&#8243;]<a  itemprop=\"url\" href=\"#\" target=\"_self\"  class=\"qbutton  default\" style=\"\">CADASTRAR NUMERO<\/a>[\/vc_column][vc_column width=\u00bb1\/4&#8243;][\/vc_column][\/vc_row][vc_row css_animation=\u00bb\u00bb row_type=\u00bbrow\u00bb use_row_as_full_screen_section=\u00bbno\u00bb type=\u00bbfull_width\u00bb angled_section=\u00bbno\u00bb text_align=\u00bbleft\u00bb background_image_as_pattern=\u00bbwithout_pattern\u00bb][vc_column][vc_empty_space][\/vc_column][\/vc_row]<\/p>\n<\/div>","protected":false},"excerpt":{"rendered":"<p>[vc_row css_animation=\u00bb\u00bb row_type=\u00bbrow\u00bb use_row_as_full_screen_section=\u00bbno\u00bb type=\u00bbfull_width\u00bb angled_section=\u00bbno\u00bb text_align=\u00bbleft\u00bb background_image_as_pattern=\u00bbwithout_pattern\u00bb][vc_column][vc_single_image image=\u00bb1344&#8243; img_size=\u00bbfull\u00bb alignment=\u00bbcenter\u00bb qode_css_animation=\u00bb\u00bb][\/vc_column][\/vc_row][vc_row css_animation=\u00bb\u00bb row_type=\u00bbrow\u00bb use_row_as_full_screen_section=\u00bbno\u00bb type=\u00bbgrid\u00bb angled_section=\u00bbno\u00bb text_align=\u00bbleft\u00bb background_image_as_pattern=\u00bbwithout_pattern\u00bb z_index=\u00bb\u00bb][vc_column width=\u00bb1\/6&#8243;][\/vc_column][vc_column width=\u00bb2\/3&#8243;][vc_empty_space][vc_column_text] AJUDAMOS VOC\u00ca A VIAJAR E JOGAR NA BA&#8230;<\/p>\n","protected":false},"author":2,"featured_media":0,"parent":0,"menu_order":0,"comment_status":"closed","ping_status":"closed","template":"full_width.php","meta":{"footnotes":""},"class_list":["post-1362","page","type-page","status-publish","hentry"],"_links":{"self":[{"href":"https:\/\/ba-cup.com\/new\/wp-json\/wp\/v2\/pages\/1362","targetHints":{"allow":["GET"]}}],"collection":[{"href":"https:\/\/ba-cup.com\/new\/wp-json\/wp\/v2\/pages"}],"about":[{"href":"https:\/\/ba-cup.com\/new\/wp-json\/wp\/v2\/types\/page"}],"author":[{"embeddable":true,"href":"https:\/\/ba-cup.com\/new\/wp-json\/wp\/v2\/users\/2"}],"replies":[{"embeddable":true,"href":"https:\/\/ba-cup.com\/new\/wp-json\/wp\/v2\/comments?post=1362"}],"version-history":[{"count":5,"href":"https:\/\/ba-cup.com\/new\/wp-json\/wp\/v2\/pages\/1362\/revisions"}],"predecessor-version":[{"id":2232,"href":"https:\/\/ba-cup.com\/new\/wp-json\/wp\/v2\/pages\/1362\/revisions\/2232"}],"wp:attachment":[{"href":"https:\/\/ba-cup.com\/new\/wp-json\/wp\/v2\/media?parent=1362"}],"curies":[{"name":"wp","href":"https:\/\/api.w.org\/{rel}","templated":true}]}}