{"id":1428,"date":"2024-08-30T09:20:40","date_gmt":"2024-08-30T12:20:40","guid":{"rendered":"https:\/\/ba-cup.com\/new\/?page_id=1428"},"modified":"2025-07-01T07:49:59","modified_gmt":"2025-07-01T10:49:59","slug":"reglamento-buenos-aires","status":"publish","type":"page","link":"https:\/\/ba-cup.com\/new\/reglamento-buenos-aires\/","title":{"rendered":"Reglamento Buenos Aires"},"content":{"rendered":"<div class=\"wpb-content-wrapper\"><p>[vc_row css_animation=\u00bb\u00bb row_type=\u00bbrow\u00bb use_row_as_full_screen_section=\u00bbno\u00bb type=\u00bbgrid\u00bb angled_section=\u00bbno\u00bb text_align=\u00bbleft\u00bb background_image_as_pattern=\u00bbwithout_pattern\u00bb z_index=\u00bb\u00bb][vc_column][vc_empty_space][\/vc_column][\/vc_row][vc_row css_animation=\u00bb\u00bb row_type=\u00bbrow\u00bb use_row_as_full_screen_section=\u00bbno\u00bb type=\u00bbgrid\u00bb angled_section=\u00bbno\u00bb text_align=\u00bbleft\u00bb background_image_as_pattern=\u00bbwithout_pattern\u00bb z_index=\u00bb\u00bb css=\u00bb.vc_custom_1546545190729{background-color: #ed7413 !important;}\u00bb][vc_column width=\u00bb1\/6&#8243;][vc_row_inner row_type=\u00bbrow\u00bb type=\u00bbgrid\u00bb text_align=\u00bbcenter\u00bb css_animation=\u00bb\u00bb][vc_column_inner css=\u00bb.vc_custom_1546545459438{padding-top: 34px !important;padding-right: 11px !important;padding-bottom: 34px !important;padding-left: 11px !important;}\u00bb][\/vc_column_inner][\/vc_row_inner][\/vc_column][vc_column width=\u00bb2\/3&#8243;][vc_empty_space][vc_column_text]<\/p>\n<div class=\"wpb_text_column wpb_content_element vc_custom_1546549404639\">\n<div class=\"wpb_wrapper\">\n<h4 style=\"text-align: center;\"><span style=\"color: #ffffff;\">EL CORAZ\u00d3N DEL F\u00daTBOL LATE EN BUENOS AIRES. ESTA ES TU OPORTUNIDAD DE JUGAR EN EL TORNEO M\u00c1S INTERNACIONAL DE AM\u00c9RICA CON JUGADORES DE M\u00c1S DE 20 NACIONALIDADES.<\/span><\/h4>\n<h4 style=\"text-align: center;\"><span style=\"color: #ffffff;\"><em>\u201cCREEMOS EN REUNIR JUGADORES DE TODO EL MUNDO PARA UNIR SU AMOR POR ESTE MARAVILLOSO JUEGO\u201d.<\/em><\/span><\/h4>\n<\/div>\n<\/div>\n<h4 class=\"vc_empty_space\" style=\"text-align: center;\"><\/h4>\n<p>[\/vc_column_text][vc_empty_space][\/vc_column][vc_column width=\u00bb1\/6&#8243;][\/vc_column][\/vc_row][vc_row css_animation=\u00bb\u00bb row_type=\u00bbrow\u00bb use_row_as_full_screen_section=\u00bbno\u00bb type=\u00bbgrid\u00bb angled_section=\u00bbno\u00bb text_align=\u00bbcenter\u00bb background_image_as_pattern=\u00bbwithout_pattern\u00bb css=\u00bb.vc_custom_1656946885217{background-color: #5ac421 !important;}\u00bb z_index=\u00bb\u00bb][vc_column][vc_row_inner row_type=\u00bbrow\u00bb type=\u00bbgrid\u00bb text_align=\u00bbleft\u00bb css_animation=\u00bb\u00bb][vc_column_inner][vc_empty_space height=\u00bb12px\u00bb][vc_column_text]<\/p>\n<h3><span style=\"color: #ffffff;\">DESCARGA \u00a0<\/span><span style=\"color: #ffffff;\">LOS REGLAMENTOS<\/span><\/h3>\n<p>[\/vc_column_text][vc_empty_space height=\u00bb12px\u00bb]<a  itemprop=\"url\" href=\"https:\/\/ba-cup.com\/new\/wp-content\/uploads\/2025\/07\/Reglamento-F7-F9-Buenos-Aires-JUL-25.pdf\" target=\"_blank\" data-hover-background-color=\"#dd9933\" data-hover-border-color=\"#dd9933\" class=\"qbutton  medium center default\" style=\"color: #ffffff; border-color: #d8d522; background-color:#d8d522;\">REGLAMENTO F7 | F9<\/a>[vc_empty_space height=\u00bb12px\u00bb]<a  itemprop=\"url\" href=\"https:\/\/ba-cup.com\/new\/wp-content\/uploads\/2025\/07\/Reglamento-F11-Buenos-Aires-JUL-25.pdf\" target=\"_blank\" data-hover-background-color=\"#dd9933\" data-hover-border-color=\"#dd9933\" class=\"qbutton  medium center default\" style=\"color: #ffffff; border-color: #d8d522; background-color:#d8d522;\">REGLAMENTO F11<\/a>[vc_empty_space height=\u00bb12px\u00bb]<a  itemprop=\"url\" href=\"https:\/\/ba-cup.com\/new\/wp-content\/uploads\/2025\/07\/REGLAS-Disciplinarias.pdf\" target=\"_blank\" data-hover-background-color=\"#23ddd1\" data-hover-border-color=\"#23ddd1\" class=\"qbutton  medium center default\" style=\"color: #ffffff; border-color: #1e73be; background-color:#1e73be;\">REGLAMENTO DISCIPLINARIO<\/a>[\/vc_column_inner][\/vc_row_inner][vc_empty_space][\/vc_column][\/vc_row][vc_row css_animation=\u00bb\u00bb row_type=\u00bbrow\u00bb use_row_as_full_screen_section=\u00bbno\u00bb type=\u00bbgrid\u00bb angled_section=\u00bbno\u00bb text_align=\u00bbleft\u00bb background_image_as_pattern=\u00bbwithout_pattern\u00bb css=\u00bb.vc_custom_1546546008223{background-color: #f9f9f9 !important;}\u00bb z_index=\u00bb\u00bb][vc_column width=\u00bb1\/4&#8243;][vc_empty_space height=\u00bb12px\u00bb][vc_column_text]<\/p>\n<h3><span style=\"color: #ff6600;\">JUGADORES POR EQUIPO<\/span><\/h3>\n<p>Existe un n\u00famero m\u00e1ximo de inscripciones de jugadores por cada equipo:<br \/>\n<strong>F\u00fatbol 11<\/strong> \u2013 En esta categor\u00eda pueden ser inscriptos hasta 20 atletas.<br \/>\n<strong>F\u00fatbol 9<\/strong> \u2013 En esta categor\u00eda pueden ser inscriptos hasta 18 atletas.<br \/>\n<strong>F\u00fatbol 7<\/strong> \u2013 En esta categor\u00eda pueden ser inscriptos hasta 15 atletas.<\/p>\n<p>&nbsp;<\/p>\n<p>No obstante se pueden hacer las siguientes substituciones por partido:<br \/>\n<strong>F\u00fatbol 11<\/strong> \u2013 Se pueden realizar hasta 7 cambios, un jugador que sali\u00f3 no puede volver a ingresar en el campo de juego.<br \/>\n<strong>F\u00fatbol 9<\/strong> \u2013 Las sustituciones son de forma ilimitada. Los jugadores pueden salir y volver a entrar.<br \/>\n<strong>F\u00fatbol 7<\/strong> \u2013 Las substituciones son de forma ilimitada. Los jugadores pueden salir y volver a entrar.[\/vc_column_text][\/vc_column][vc_column width=\u00bb1\/4&#8243;][vc_empty_space height=\u00bb12px\u00bb][vc_column_text]<\/p>\n<h3><span style=\"color: #ff6600;\">DOCUMENTACION OBLIGATORIA<\/span><\/h3>\n<p><span style=\"color: #333333;\">Todos los jugadores necesitar\u00e1n verificar su edad e identidad mediante su pasaporte, visa o documento nacional. Este control se realiza con la carga de datos en la App de BA Cup. Adem\u00e1s deber\u00e1 presentar un certificado de aptitud m\u00e9dica (no mayor a 3 meses de la fecha del torneo) expedida por un profesional.<\/span>[\/vc_column_text][\/vc_column][vc_column width=\u00bb1\/4&#8243;][vc_empty_space height=\u00bb12px\u00bb][vc_column_text]<\/p>\n<h3><span style=\"color: #ff6600;\">N\u00daMERO DE EQUIPOS<\/span><\/h3>\n<p><span style=\"color: #333333;\">Aunque nuestra intenci\u00f3n es dar la bienvenida a cada club o instituci\u00f3n que quiera jugar en el torneo, por motivos de limitaciones de espacio los primeros equipos que abonen las inscripciones se les dar\u00e1 prioridad. BA Cup tiene un l\u00edmite m\u00e1ximo de inscripci\u00f3n de equipos locales en el torneo.<\/span>[\/vc_column_text][\/vc_column][vc_column width=\u00bb1\/4&#8243;][vc_empty_space height=\u00bb12px\u00bb][vc_column_text]<\/p>\n<h3><span style=\"color: #ff6600;\">JUGADORES LIBRES \/ REFUERZOS<\/span><\/h3>\n<p><span style=\"color: #333333;\">Cada equipo tendr\u00e1 dos excepciones para jugadores con un m\u00e1ximo de un a\u00f1o m\u00e1s del l\u00edmite de categor\u00eda (exceptuando las categor\u00edas de f\u00fatbol 7 infantil, y las categor\u00edas Femeninas que no gozan de las mismas). Los equipos escolares de aquellos pa\u00edses que tienen un calendario diferente a las edades del torneo podr\u00e1n participar con jugadores nacidos un a\u00f1o anterior, solo en las categor\u00edas correspondientes al f\u00fatbol modalidad 11 juvenil.<\/span><br \/>\n<span style=\"color: #333333;\">Cualquier jugador puede participar en dos categor\u00edas, siempre que (1) se encuentre dentro de los l\u00edmites de edad y (2) est\u00e9 registrado en ambos equipos. Los jugadores no pueden jugar para m\u00e1s de un equipo dentro de la misma categor\u00eda. Las damas pueden jugar en los equipos masculinos en las categor\u00edas inferiores a Sub 16 inclusive. Los jugadores necesitar\u00e1n tener documentos de identificaci\u00f3n v\u00e1lidos.<\/span>[\/vc_column_text][\/vc_column][\/vc_row][vc_row css_animation=\u00bb\u00bb row_type=\u00bbrow\u00bb use_row_as_full_screen_section=\u00bbno\u00bb type=\u00bbgrid\u00bb angled_section=\u00bbno\u00bb text_align=\u00bbleft\u00bb background_image_as_pattern=\u00bbwithout_pattern\u00bb css=\u00bb.vc_custom_1656948607363{background-color: #f9f9f9 !important;}\u00bb z_index=\u00bb\u00bb][vc_column][vc_empty_space][vc_column_text]<\/p>\n<h3><span style=\"color: #ff6600;\">REGLAS DE COMPETENCIA<\/span><\/h3>\n<p style=\"text-align: left;\"><span style=\"color: #333333;\">1. BA Cup ser\u00e1 jugado en concordancia con las secciones aplicables a las reglas de FIFA.<\/span><\/p>\n<p style=\"text-align: left;\"><span style=\"color: #333333;\">2. Cada categor\u00eda estar\u00e1 compuesta por zonas de\u00a03,4 o 5\u00a0equipos cada una.<\/span><\/p>\n<p style=\"text-align: left;\"><span style=\"color: #333333;\">3. Cada equipo jugar\u00e1 contra todos los equipos de su zona.<\/span><\/p>\n<p>[\/vc_column_text][vc_column_text]<\/p>\n<p style=\"text-align: left;\"><span style=\"color: #333333;\">Si dos o m\u00e1s equipos tienen la misma cantidad de puntos al jugar todos los partidos de esta instancia, el orden de posici\u00f3n ser\u00e1 decidido de la forma siguiente:<\/span><\/p>\n<ul>\n<li><span style=\"color: #333333;\">Diferencia de goles<\/span><\/li>\n<li style=\"text-align: left;\"><span style=\"color: #333333;\">Mayor n\u00famero de goles realizados<\/span><\/li>\n<li><span style=\"color: #333333;\">Resultado del partido entre ambos equipos del mismo puntaje<\/span><\/li>\n<li style=\"text-align: left;\"><span style=\"color: #333333;\">Menor n\u00famero de goles recibidos<\/span><\/li>\n<li style=\"text-align: left;\"><span style=\"color: #333333;\">Penaltis seg\u00fan las reglas de FIFA<\/span><\/li>\n<\/ul>\n<p>[\/vc_column_text][\/vc_column][\/vc_row][vc_row css_animation=\u00bb\u00bb row_type=\u00bbrow\u00bb use_row_as_full_screen_section=\u00bbno\u00bb type=\u00bbfull_width\u00bb angled_section=\u00bbno\u00bb text_align=\u00bbleft\u00bb background_image_as_pattern=\u00bbwithout_pattern\u00bb css=\u00bb.vc_custom_1546546067092{background-color: #f9f9f9 !important;}\u00bb z_index=\u00bb\u00bb][vc_column][vc_empty_space][\/vc_column][\/vc_row][vc_row css_animation=\u00bb\u00bb row_type=\u00bbrow\u00bb use_row_as_full_screen_section=\u00bbno\u00bb type=\u00bbgrid\u00bb angled_section=\u00bbno\u00bb text_align=\u00bbleft\u00bb background_image_as_pattern=\u00bbwithout_pattern\u00bb background_image=\u00bb17903&#8243; css=\u00bb.vc_custom_1656949018353{background-color: #dd9933 !important;}\u00bb z_index=\u00bb\u00bb][vc_column][vc_empty_space height=\u00bb22px\u00bb][vc_column_text]<\/p>\n<h3><span style=\"color: #ffffff;\">INSTANCIA SEMIFINAL Y FINAL<\/span><\/h3>\n<p>[\/vc_column_text][vc_empty_space height=\u00bb22px\u00bb][qode_elements_holder number_of_columns=\u00bbthree_columns\u00bb alignment_one_column=\u00bbleft\u00bb][qode_elements_holder_item vertical_alignment=\u00bbtop\u00bb horizontal_alignment=\u00bbleft\u00bb advanced_animations=\u00bbno\u00bb item_padding=\u00bb0px 0px 0px 20px\u00bb]<div class=\"image_with_text\"><img decoding=\"async\" itemprop=\"image\" src=\"https:\/\/ba-cup.com\/new\/wp-content\/uploads\/2024\/08\/CANCHA-1.png\" alt=\"SEMIFINAL\" \/><h3 style=\"color:#ffffff;\" class=\"image_with_text_title\">SEMIFINAL<\/h3><span style=\"margin: 6px 0px;\" class=\"separator transparent\"><\/span><span style=\"color: #ffffff;\">El equipo ganador del grupo \u00abA\u00bb juega con el equipo que logr\u00f3 el 2\u00ba puesta del grupo \u00abB\u00bb<\/span><\/p>\n<p><span style=\"color: #ffffff;\">El equipo ganador del grupo \u00abB\u00bb juega con el equipo que logr\u00f3 el 2\u00ba puesta del grupo\u00bbA\u00bb<\/span><\/p>\n<p><span style=\"color: #ffffff;\">En caso de empate entre los equipos, se definir\u00e1 por penales, 5 por cada equipo. En caso de continuar empatado, se seguir\u00e1 definiendo por penales modalidad muerte s\u00fabita.<\/span><\/div>[vc_empty_space height=\u00bb22px\u00bb][\/qode_elements_holder_item][qode_elements_holder_item vertical_alignment=\u00bbtop\u00bb horizontal_alignment=\u00bbleft\u00bb advanced_animations=\u00bbno\u00bb item_padding=\u00bb0px 0px 0px 20px\u00bb]<div class=\"image_with_text\"><img decoding=\"async\" itemprop=\"image\" src=\"https:\/\/ba-cup.com\/new\/wp-content\/uploads\/2024\/08\/FINAL.png\" alt=\"FINAL\" \/><h3 style=\"color:#ffffff;\" class=\"image_with_text_title\">FINAL<\/h3><span style=\"margin: 6px 0px;\" class=\"separator transparent\"><\/span><span style=\"color: #ffffff;\">En caso de empate entre los equipos, definir\u00e1 el torneo por penales 5 por cada equipo, en caso de continuar empatado, se seguir\u00e1 definiendo por penales modalidad muerte s\u00fabita.<\/span><\/div>[vc_empty_space height=\u00bb22px\u00bb][\/qode_elements_holder_item][qode_elements_holder_item vertical_alignment=\u00bbtop\u00bb horizontal_alignment=\u00bbleft\u00bb advanced_animations=\u00bbno\u00bb item_padding=\u00bb0px 0px 0px 20px\u00bb]<div class=\"image_with_text\"><img decoding=\"async\" itemprop=\"image\" src=\"https:\/\/ba-cup.com\/new\/wp-content\/uploads\/2024\/08\/PUNTOS.png\" alt=\"PUNTOS POR PARTIDOS\" \/><h3 style=\"color:#ffffff;\" class=\"image_with_text_title\">PUNTOS POR PARTIDOS<\/h3><span style=\"margin: 6px 0px;\" class=\"separator transparent\"><\/span><\/p>\n<ul>\n<li><span style=\"color: #ffffff;\">VICTORIA: 3 PUNTOS<\/span><\/li>\n<\/ul>\n<ul>\n<li><span style=\"color: #ffffff;\">EMPATE: 1 PUNTO<\/span><\/li>\n<\/ul>\n<ul>\n<li><span style=\"color: #ffffff;\">DERROTA: 0 PUNTOS<\/span><\/li>\n<\/ul>\n<p><\/div>[vc_empty_space height=\u00bb22px\u00bb][\/qode_elements_holder_item][\/qode_elements_holder][vc_empty_space height=\u00bb22px\u00bb][qode_elements_holder number_of_columns=\u00bbthree_columns\u00bb][qode_elements_holder_item vertical_alignment=\u00bbtop\u00bb horizontal_alignment=\u00bbleft\u00bb advanced_animations=\u00bbno\u00bb item_padding=\u00bb0px 0px 0px 20px\u00bb]<div class=\"image_with_text\"><img decoding=\"async\" itemprop=\"image\" src=\"https:\/\/ba-cup.com\/new\/wp-content\/uploads\/2024\/08\/pito.png\" alt=\"DURACION DEL ENTRETIEMPO O DESCANSO\" \/><h3 style=\"color:#ffffff;\" class=\"image_with_text_title\">DURACION DEL ENTRETIEMPO O DESCANSO<\/h3><span style=\"margin: 6px 0px;\" class=\"separator transparent\"><\/span><\/p>\n<p style=\"text-align: left;\"><span style=\"color: #ffffff;\">Todas las categor\u00edas tienen 5 minutos de entretiempo o descanso, entre la finalizaci\u00f3n del primer tiempo y el comienzo del segundo.\u00a0Ser\u00e1 la misma cantidad de minutos de entretiempo tanto para los partidos de primera como segunda ronda.<\/span><\/p>\n<p><\/div>[vc_empty_space height=\u00bb22px\u00bb][\/qode_elements_holder_item][qode_elements_holder_item vertical_alignment=\u00bbtop\u00bb horizontal_alignment=\u00bbleft\u00bb advanced_animations=\u00bbno\u00bb item_padding=\u00bb0px 0px 0px 20px\u00bb]<div class=\"image_with_text\"><img decoding=\"async\" itemprop=\"image\" src=\"https:\/\/ba-cup.com\/new\/wp-content\/uploads\/2024\/08\/camiseta.png\" alt=\"AUSENCIA O LLEGADA TARDE\" \/><h3 style=\"color:#ffffff;\" class=\"image_with_text_title\">AUSENCIA O LLEGADA TARDE<\/h3><span style=\"margin: 6px 0px;\" class=\"separator transparent\"><\/span><span style=\"color: #ffffff;\">La falta de asistencia y\/o llegada tarde de un equipo, se tomar\u00e1 como partido ganado 3-0 (Fut 11) y 5 \u2013 0 (Fut 7 \/ Fut 9) para el equipo que ha cumplido present\u00e1ndose a tiempo y en forma en su campo de juego estipulado para tal partido.<\/span><\/p>\n<p><span style=\"color: #ffffff;\">Tiempo m\u00e1ximo de espera 10 minutos.<\/span><\/p>\n<p><span style=\"color: #ffffff;\">BA Cup puede modificar el Fixture dependiendo de la log\u00edstica del torneo, cantidad de equipos inscriptos y\/o por inclemencias del tiempo.<\/span><\/div>[vc_empty_space height=\u00bb22px\u00bb][\/qode_elements_holder_item][\/qode_elements_holder][vc_empty_space][\/vc_column][\/vc_row][vc_row css_animation=\u00bb\u00bb row_type=\u00bbrow\u00bb use_row_as_full_screen_section=\u00bbno\u00bb type=\u00bbfull_width\u00bb angled_section=\u00bbno\u00bb text_align=\u00bbleft\u00bb background_image_as_pattern=\u00bbwithout_pattern\u00bb z_index=\u00bb\u00bb css=\u00bb.vc_custom_1656949365998{background-color: #f9f9f9 !important;}\u00bb][vc_column][vc_row_inner row_type=\u00bbrow\u00bb type=\u00bbfull_width\u00bb text_align=\u00bbleft\u00bb css_animation=\u00bb\u00bb padding_top=\u00bb60&#8243; padding_bottom=\u00bb60&#8243; side_padding=\u00bb2&#8243;][vc_column_inner width=\u00bb1\/4&#8243;][vc_column_text css=\u00bb.vc_custom_1656949102517{padding-top: 39px !important;padding-right: 45px !important;padding-bottom: 39px !important;padding-left: 45px !important;background-color: #eeee22 !important;}\u00bb]<\/p>\n<h3 style=\"text-align: center;\"><span style=\"color: #003300;\">LAS TARJETAS AMARILLAS NO SE ACUMULAN PARTIDO A PARTIDO<\/span><\/h3>\n<p>[\/vc_column_text][\/vc_column_inner][vc_column_inner width=\u00bb1\/4&#8243;][vc_column_text css=\u00bb.vc_custom_1502837701579{padding-top: 39px !important;padding-right: 45px !important;padding-bottom: 39px !important;padding-left: 45px !important;background-color: #fc2323 !important;}\u00bb]<\/p>\n<h3 style=\"text-align: center;\"><span style=\"color: #ffffff;\">LAS TARJETAS ROJAS\u00a0TIENEN FECHA DE SUSPENSION<\/span><\/h3>\n<p>[\/vc_column_text][\/vc_column_inner][vc_column_inner width=\u00bb1\/4&#8243;][vc_column_text css=\u00bb.vc_custom_1546523542836{padding-top: 39px !important;padding-right: 45px !important;padding-bottom: 39px !important;padding-left: 45px !important;background-color: #1e73be !important;}\u00bb]<\/p>\n<h3 style=\"text-align: center;\"><span style=\"color: #ffffff;\">A CONSIDERACION DEL T.D, CANTIDAD DE FECHAS POR EL TIPO DE FALTA.<\/span><\/h3>\n<p>[\/vc_column_text][\/vc_column_inner][vc_column_inner width=\u00bb1\/4&#8243;][vc_column_text css=\u00bb.vc_custom_1502837802563{padding-top: 39px !important;padding-right: 45px !important;padding-bottom: 39px !important;padding-left: 45px !important;background-color: #38b542 !important;border-radius: 4px !important;}\u00bb]<\/p>\n<h3 style=\"text-align: center;\"><span style=\"color: #ffffff;\">LA POLITICA ES ESTRICTA CON LA IDEA DE JUGAR LIMPIO<\/span><\/h3>\n<p>[\/vc_column_text][\/vc_column_inner][\/vc_row_inner][\/vc_column][\/vc_row][vc_row css_animation=\u00bb\u00bb row_type=\u00bbrow\u00bb use_row_as_full_screen_section=\u00bbno\u00bb type=\u00bbgrid\u00bb angled_section=\u00bbno\u00bb text_align=\u00bbleft\u00bb background_image_as_pattern=\u00bbwithout_pattern\u00bb css=\u00bb.vc_custom_1546523687409{background-color: #59d600 !important;}\u00bb z_index=\u00bb\u00bb][vc_column][vc_empty_space height=\u00bb42px\u00bb][vc_column_text]<\/p>\n<h3><span style=\"color: #ffffff;\"><b>NORMAS DE COMPORTAMIENTO<\/b><\/span><\/h3>\n<p>[\/vc_column_text][vc_column_text]<span style=\"color: #ffffff;\">Sabemos que el f\u00fatbol despierta estados de alegr\u00eda, tristeza, nerviosismo, tensi\u00f3n y euforia. Manifestarlos es parte de la magia de este maravilloso deporte siempre y cuando se realice de forma respetuosa y sin la intenci\u00f3n de ofender y\/o agredir a nadie. La organizaci\u00f3n de BA Cup da por entendido que los responsables de cada uno de los equipos est\u00e1n de acuerdo en mantener este orden de convivencia y que no se puede tener un comportamiento diferente a lo anteriormente mencionado.<\/span>[\/vc_column_text][vc_column_text]<span style=\"color: #ffffff;\">Por tal motivo si el cuerpo arbitral y\/o veedores del torneo llegasen a detectar un comportamiento no adecuado, se le informar\u00e1 al director t\u00e9cnico del equipo, quien ser\u00e1 el responsable de que este comportamiento no se repitiese. Caso contrario, se sancionar\u00e1 al equipo participante con la p\u00e9rdida de puntos y hasta con la descalificaci\u00f3n del torneo en caso que los directivos as\u00ed lo decidiesen.<\/span>[\/vc_column_text][vc_empty_space height=\u00bb42px\u00bb][\/vc_column][\/vc_row][vc_row css_animation=\u00bb\u00bb row_type=\u00bbrow\u00bb use_row_as_full_screen_section=\u00bbno\u00bb type=\u00bbgrid\u00bb angled_section=\u00bbno\u00bb text_align=\u00bbleft\u00bb background_image_as_pattern=\u00bbwithout_pattern\u00bb z_index=\u00bb\u00bb padding_top=\u00bb40&#8243;][vc_column][vc_empty_space height=\u00bb22px\u00bb][vc_column_text]<\/p>\n<h3><span style=\"color: #ff6600;\">REQUISITOS OBLIGATORIOS<\/span><\/h3>\n<p>[\/vc_column_text][vc_column_text]<\/p>\n<div class=\"wpb_text_column wpb_content_element vc_custom_1471463520815\">\n<div class=\"wpb_wrapper\">\n<div class=\"wpb_text_column wpb_content_element vc_custom_1471463520815\">\n<div class=\"wpb_wrapper\">\n<h2>1.<\/h2>\n<p>El torneo se desarrolla \u00fanicamente en suelos de c\u00e9sped sint\u00e9tico, tienen la opci\u00f3n de traer el calzado que ustedes deseen (con o sin tapones).<\/p>\n<\/div>\n<\/div>\n<div class=\"wpb_text_column wpb_content_element vc_custom_1453155396444\">\n<div class=\"wpb_wrapper\">\n<h2>2.<\/h2>\n<p>Cada equipo deber\u00e1 traer dos tipos de camisetas, o un tipo de camiseta y pecheras.<\/p>\n<\/div>\n<\/div>\n<div class=\"wpb_text_column wpb_content_element vc_custom_1453155417471\">\n<div class=\"wpb_wrapper\">\n<h2>3.<\/h2>\n<p>Todo participante deber\u00e1 jugar con canilleras\/espinilleras.<\/p>\n<\/div>\n<\/div>\n<div class=\"wpb_text_column wpb_content_element vc_custom_1453155438306\">\n<div class=\"wpb_wrapper\">\n<h2>4.<\/h2>\n<p>Seguro m\u00e9dico, los participantes deben tener su propio seguro m\u00e9dico en caso de no tenerlo por favor leer el apartado m\u00e1s abajo sobre seguro.<\/p>\n<\/div>\n<\/div>\n<div class=\"wpb_text_column wpb_content_element vc_custom_1453155457941\">\n<div class=\"wpb_wrapper\">\n<h2>5.<\/h2>\n<p>Fotocopia del pasaporte, visa o documento nacional.<\/p>\n<div class=\"wpb_text_column wpb_content_element vc_custom_1453155480230\">\n<div class=\"wpb_wrapper\">\n<h2>6.<\/h2>\n<p><b><\/b>Caso Fortuito o de Fuerza Mayor: BA Cup no asume responsabilidad alguna por si caso fortuito o de fuerza mayor no se pudiera cumplir con cualquiera de las obligaciones en materia del presente contrato. Se consideran actos tales como: terremotos, huracanes, pandemias o problemas relacionados a la salud p\u00fablica, otros siniestros, incumplimiento de las aerol\u00edneas en los itinerarios de viaje, guerras, actos y consecuencias de vandalismo, terrorismo y conmoci\u00f3n social, huelgas, paros y \/ o dem\u00e1s hechos imprevisibles debidamente justificados, como as\u00ed mismos problemas migratorios que impidieran ingresar\/salir al\/del pa\u00eds a la delegaci\u00f3n y\/o persona\/as, no pudiendo tomar los servicios contratados.<\/p>\n<\/div>\n<\/div>\n<div class=\"wpb_text_column wpb_content_element vc_custom_1453155504507\">\n<div class=\"wpb_wrapper\">\n<h2>7.<\/h2>\n<p>Reclamos y reembolsos por fraude: BA Cup y\/u organizadores de los eventos no realizar\u00e1 devoluci\u00f3n alguna del dinero abonado, ya sea tanto por los motivos de los puntos anteriormente mencionados como as\u00ed tambi\u00e9n en cualquier otro caso que no haya sido mencionado en tales \u00edtems, tenga la intenci\u00f3n de fraude o no, por parte del titular de la tarjeta o cualquier miembro de la delegaci\u00f3n.<\/p>\n<\/div>\n<\/div>\n<\/div>\n<\/div>\n<\/div>\n<\/div>\n<p>[\/vc_column_text][vc_empty_space height=\u00bb22px\u00bb][\/vc_column][\/vc_row][vc_row css_animation=\u00bb\u00bb row_type=\u00bbrow\u00bb use_row_as_full_screen_section=\u00bbno\u00bb type=\u00bbfull_width\u00bb angled_section=\u00bbno\u00bb text_align=\u00bbleft\u00bb background_image_as_pattern=\u00bbwithout_pattern\u00bb css=\u00bb.vc_custom_1725020840999{background-color: #fff8f2 !important;}\u00bb z_index=\u00bb\u00bb][vc_column][vc_empty_space height=\u00bb22px\u00bb][vc_row_inner row_type=\u00bbrow\u00bb type=\u00bbgrid\u00bb text_align=\u00bbleft\u00bb css_animation=\u00bb\u00bb][vc_column_inner width=\u00bb1\/2&#8243; css=\u00bb.vc_custom_1546552999739{margin-right: 10px !important;background-color: #fff8f2 !important;}\u00bb][vc_single_image image=\u00bb1438&#8243; img_size=\u00bbfull\u00bb qode_css_animation=\u00bb\u00bb][vc_column_text]<\/p>\n<h3><span style=\"color: #000000;\"><b>LOS CALZADOS PERMITIDOS SON:<\/b><\/span><\/h3>\n<p>1. Zapatillas de suela de goma o pl\u00e1stico y confeccionadas con g\u00e9nero, pl\u00e1stico y\/o cuero; (Botines de f\u00fatbol de sal\u00f3n o f\u00fatbol 5)<\/p>\n<p>2. Botines o zapatos de f\u00fatbol con tapones de goma o pl\u00e1stico (Botines de F\u00fatbol de c\u00e9sped natural).[\/vc_column_text][vc_empty_space height=\u00bb30px\u00bb][\/vc_column_inner][vc_column_inner width=\u00bb1\/2&#8243; css=\u00bb.vc_custom_1656950033373{background-color: #fff8f2 !important;}\u00bb][vc_single_image image=\u00bb1433&#8243; img_size=\u00bbfull\u00bb qode_css_animation=\u00bb\u00bb][vc_column_text]<\/p>\n<h3><span style=\"color: #333300;\"><b>TIPO DE SUELO: <\/b><\/span><\/h3>\n<p>El torneo se llevar\u00e1 a cabo en 6 canchas de c\u00e9sped sint\u00e9tico FIFA. Tipo de calzado: a elecci\u00f3n del jugador.[\/vc_column_text][vc_empty_space height=\u00bb30px\u00bb][\/vc_column_inner][\/vc_row_inner][vc_empty_space height=\u00bb22px\u00bb][\/vc_column][\/vc_row][vc_column css=\u00bb.vc_custom_1442874544871{margin-top: 0px !important;padding-top: 15px !important;padding-left: 0px !important;}\u00bb][\/vc_column]<\/p>\n<\/div>","protected":false},"excerpt":{"rendered":"<p>[vc_row css_animation=\u00bb\u00bb row_type=\u00bbrow\u00bb use_row_as_full_screen_section=\u00bbno\u00bb type=\u00bbgrid\u00bb angled_section=\u00bbno\u00bb text_align=\u00bbleft\u00bb background_image_as_pattern=\u00bbwithout_pattern\u00bb z_index=\u00bb\u00bb][vc_column][vc_empty_space][\/vc_column][\/vc_row][vc_row css_animation=\u00bb\u00bb row_type=\u00bbrow\u00bb use_row_as_full_screen_section=\u00bbno\u00bb type=\u00bbgrid\u00bb angled_section=\u00bbno\u00bb text_align=\u00bbleft\u00bb background_image_as_pattern=\u00bbwithout_pattern\u00bb z_index=\u00bb\u00bb css=\u00bb.vc_custom_1546545190729{background-color: #ed7413 !important;}\u00bb][vc_column width=\u00bb1\/6&#8243;][vc_row_inner row_type=\u00bbrow\u00bb type=\u00bbgrid\u00bb text_align=\u00bbcenter\u00bb css_animation=\u00bb\u00bb][vc_column_inner css=\u00bb.vc_custom_1546545459438{padding-top: 34px !important;padding-right: 11px !important;padding-bottom:&#8230;<\/p>\n","protected":false},"author":2,"featured_media":0,"parent":0,"menu_order":0,"comment_status":"closed","ping_status":"closed","template":"full_width.php","meta":{"footnotes":""},"class_list":["post-1428","page","type-page","status-publish","hentry"],"_links":{"self":[{"href":"https:\/\/ba-cup.com\/new\/wp-json\/wp\/v2\/pages\/1428","targetHints":{"allow":["GET"]}}],"collection":[{"href":"https:\/\/ba-cup.com\/new\/wp-json\/wp\/v2\/pages"}],"about":[{"href":"https:\/\/ba-cup.com\/new\/wp-json\/wp\/v2\/types\/page"}],"author":[{"embeddable":true,"href":"https:\/\/ba-cup.com\/new\/wp-json\/wp\/v2\/users\/2"}],"replies":[{"embeddable":true,"href":"https:\/\/ba-cup.com\/new\/wp-json\/wp\/v2\/comments?post=1428"}],"version-history":[{"count":17,"href":"https:\/\/ba-cup.com\/new\/wp-json\/wp\/v2\/pages\/1428\/revisions"}],"predecessor-version":[{"id":2132,"href":"https:\/\/ba-cup.com\/new\/wp-json\/wp\/v2\/pages\/1428\/revisions\/2132"}],"wp:attachment":[{"href":"https:\/\/ba-cup.com\/new\/wp-json\/wp\/v2\/media?parent=1428"}],"curies":[{"name":"wp","href":"https:\/\/api.w.org\/{rel}","templated":true}]}}