{"id":1454,"date":"2024-08-30T10:11:48","date_gmt":"2024-08-30T13:11:48","guid":{"rendered":"https:\/\/ba-cup.com\/new\/?page_id=1454"},"modified":"2025-07-01T07:52:12","modified_gmt":"2025-07-01T10:52:12","slug":"regulamento-buenos-aires","status":"publish","type":"page","link":"https:\/\/ba-cup.com\/new\/pt\/regulamento-buenos-aires\/","title":{"rendered":"Regulamento Buenos Aires"},"content":{"rendered":"<div class=\"wpb-content-wrapper\"><p>[vc_row css_animation=\u00bb\u00bb row_type=\u00bbrow\u00bb use_row_as_full_screen_section=\u00bbno\u00bb type=\u00bbgrid\u00bb angled_section=\u00bbno\u00bb text_align=\u00bbleft\u00bb background_image_as_pattern=\u00bbwithout_pattern\u00bb z_index=\u00bb\u00bb][vc_column][vc_empty_space][\/vc_column][\/vc_row][vc_row css_animation=\u00bb\u00bb row_type=\u00bbrow\u00bb use_row_as_full_screen_section=\u00bbno\u00bb type=\u00bbgrid\u00bb angled_section=\u00bbno\u00bb text_align=\u00bbleft\u00bb background_image_as_pattern=\u00bbwithout_pattern\u00bb z_index=\u00bb\u00bb css=\u00bb.vc_custom_1546545190729{background-color: #ed7413 !important;}\u00bb][vc_column][vc_row_inner row_type=\u00bbrow\u00bb type=\u00bbgrid\u00bb text_align=\u00bbcenter\u00bb css_animation=\u00bb\u00bb][vc_column_inner width=\u00bb1\/4&#8243; css=\u00bb.vc_custom_1546545459438{padding-top: 34px !important;padding-right: 11px !important;padding-bottom: 34px !important;padding-left: 11px !important;}\u00bb][\/vc_column_inner][vc_column_inner width=\u00bb1\/2&#8243;][vc_empty_space][vc_column_text]<\/p>\n<h4 style=\"text-align: center;\"><span style=\"color: #ffffff;\">O CORA\u00c7\u00c3O DO FUTEBOL BATE EM BUENOS AIRES. ESTA \u00c9 A SUA CHANCE DE JOGAR NO TORNEIO MAIS INTERNACIONAL DA AM\u00c9RICA COM JOGADORES DE MAIS DE 20 NACIONALIDADES.<\/span><\/h4>\n<h4 style=\"text-align: center;\"><span style=\"color: #ffffff;\">\u201cACREDITAMOS EM REUNIR JOGADORES DE TODO O MUNDO PARA UNIR SEU AMOR POR ESTE JOGO MARAVILHOSO.\u201d<\/span><\/h4>\n<p>[\/vc_column_text][vc_empty_space][\/vc_column_inner][vc_column_inner width=\u00bb1\/4&#8243;][\/vc_column_inner][\/vc_row_inner][\/vc_column][\/vc_row][vc_row css_animation=\u00bb\u00bb row_type=\u00bbrow\u00bb use_row_as_full_screen_section=\u00bbno\u00bb type=\u00bbgrid\u00bb angled_section=\u00bbno\u00bb text_align=\u00bbcenter\u00bb background_image_as_pattern=\u00bbwithout_pattern\u00bb css=\u00bb.vc_custom_1656946885217{background-color: #5ac421 !important;}\u00bb z_index=\u00bb\u00bb][vc_column][vc_row_inner row_type=\u00bbrow\u00bb type=\u00bbgrid\u00bb text_align=\u00bbleft\u00bb css_animation=\u00bb\u00bb][vc_column_inner][vc_empty_space height=\u00bb12px\u00bb][vc_column_text]<\/p>\n<h3><span style=\"color: #ffffff;\">BAIXE O REGULAMENTO<\/span><\/h3>\n<p>[\/vc_column_text][vc_empty_space height=\u00bb12px\u00bb]<a  itemprop=\"url\" href=\"https:\/\/ba-cup.com\/new\/wp-content\/uploads\/2025\/07\/Regulamento-F7-F9-Buenos-Aires-Jul-25.pdf\" target=\"_blank\" data-hover-background-color=\"#dd9933\" data-hover-border-color=\"#dd9933\" class=\"qbutton  medium center default\" style=\"color: #ffffff; border-color: #d8d522; background-color:#d8d522;\">REGULAMENTO F7 | F9<\/a>[vc_empty_space height=\u00bb12px\u00bb]<a  itemprop=\"url\" href=\"https:\/\/ba-cup.com\/new\/wp-content\/uploads\/2025\/07\/Regulamento-F11-Buenos-Aires-JUL-25.pdf\" target=\"_blank\" data-hover-background-color=\"#dd9933\" data-hover-border-color=\"#dd9933\" class=\"qbutton  medium center default\" style=\"color: #ffffff; border-color: #d8d522; background-color:#d8d522;\">REGULAMENTO F11<\/a>[vc_empty_space height=\u00bb12px\u00bb]<a  itemprop=\"url\" href=\"https:\/\/ba-cup.com\/new\/wp-content\/uploads\/2025\/07\/Regras-de-Disciplina-POR.pdf\" target=\"_blank\" data-hover-background-color=\"#23ddd1\" data-hover-border-color=\"#23ddd1\" class=\"qbutton  medium center default\" style=\"color: #ffffff; border-color: #1e73be; background-color:#1e73be;\">REGRAS DE DISCIPLINA<\/a>[\/vc_column_inner][\/vc_row_inner][vc_empty_space][\/vc_column][\/vc_row][vc_row css_animation=\u00bb\u00bb row_type=\u00bbrow\u00bb use_row_as_full_screen_section=\u00bbno\u00bb type=\u00bbgrid\u00bb angled_section=\u00bbno\u00bb text_align=\u00bbleft\u00bb background_image_as_pattern=\u00bbwithout_pattern\u00bb css=\u00bb.vc_custom_1546546008223{background-color: #f9f9f9 !important;}\u00bb z_index=\u00bb\u00bb][vc_column width=\u00bb1\/4&#8243;][vc_empty_space height=\u00bb12px\u00bb][vc_column_text]<\/p>\n<h3><span style=\"color: #ff6600;\">N\u00daMERO DE JOGADORES POR EQUIPE<\/span><\/h3>\n<p>Existe um n\u00famero m\u00e1ximo de inscri\u00e7\u00f5es de jogadores por cada equipe, como a seguir:<\/p>\n<p><strong>Futebol 11<\/strong> \u2013 poder\u00e3o ser inscritos at\u00e9 20 atletas, por cada categoria.<\/p>\n<p><strong>Futebol 9<\/strong> \u2013 poder\u00e3o ser inscritos at\u00e9 18 atletas, por cada categoria.<\/p>\n<p><strong>Futebol 7<\/strong> \u2013 poder\u00e3o ser inscritos at\u00e9 15 atletas, por cada categoria.<\/p>\n<p>No entanto ser\u00e1 poss\u00edvel realizar as seguintes substitui\u00e7\u00f5es por partida:<\/p>\n<p><strong>Futebol 11<\/strong> \u2013 s\u00e3o permitidas at\u00e9 07 trocas, sendo que um jogador que saiu n\u00e3o poder\u00e1 voltar ao campo.<\/p>\n<p><strong>Futebol 9<\/strong> \u2013 as substitui\u00e7\u00f5es s\u00e3o ilimitadas, ou seja, os jogadores podem sair e voltar ao campo.<\/p>\n<p><strong>Futebol 7<\/strong> \u2013 as substitui\u00e7\u00f5es s\u00e3o ilimitadas, ou seja, os jogadores podem sair e voltar ao campo.[\/vc_column_text][\/vc_column][vc_column width=\u00bb1\/4&#8243;][vc_empty_space height=\u00bb12px\u00bb][vc_column_text]<\/p>\n<h3><span style=\"color: #ff6600;\">DOCUMENTA\u00c7\u00c3O OBRIGAT\u00d3RIA A SER APRESENTADA<\/span><\/h3>\n<p>Todos os jogadores necessitam comprovar sua idade e identidade, mediante passaporte, visto ou documento nacional, v\u00e1lidos. Este controle \u00e9 realizado com o carregamento de dados no aplicativo da BA Cup. Al\u00e9m da identifica\u00e7\u00e3o dever\u00e1 ser apresentado um certificado de aptid\u00e3o m\u00e9dica (realizado n\u00e3o mais que 03 meses antes do torneio), emitido por um profissional m\u00e9dico.[\/vc_column_text][\/vc_column][vc_column width=\u00bb1\/4&#8243;][vc_empty_space height=\u00bb12px\u00bb][vc_column_text]<\/p>\n<h3><span style=\"color: #ff6600;\">N\u00daMERO DE EQUIPES NO TORNEIO<\/span><\/h3>\n<p>Ainda que nossa inten\u00e7\u00e3o seja receber cada clube ou institui\u00e7\u00e3o que queira jogar no torneio, por motivos de limita\u00e7\u00f5es de espa\u00e7o, as primeiras equipes que pagarem suas inscri\u00e7\u00f5es ter\u00e3o prioridade em termos de confirma\u00e7\u00e3o. A BA Cup tem um n\u00famero m\u00e1ximo de inscri\u00e7\u00f5es para equipes argentinas locais, em cada torneio.[\/vc_column_text][\/vc_column][vc_column width=\u00bb1\/4&#8243;][vc_empty_space height=\u00bb12px\u00bb][vc_column_text]<\/p>\n<h3><span style=\"color: #ff6600;\">JOGADORES LIVRES \/ REFOR\u00c7OS<\/span><\/h3>\n<p>Cada equipe poder\u00e1 ter duas exce\u00e7\u00f5es de jogadores No m\u00e1ximo um ano a mais que o limite da categoria (exceto nas categorias de futebol 7 infantil e nas categorias femininas, que n\u00e3o possuem as mesmas).<\/p>\n<p>Qualquer jogador pode participar em duas categorias, sempre que (1) se encontre dentro dos limites de idade, e (2) esteja registrado em ambas as equipes, nas quais ir\u00e1 participar. Os jogadores n\u00e3o poder\u00e3o jogar em mais de uma equipe estando dentro da mesma categoria.Os atletas de categoria feminina poder\u00e3o jogar nas equipes masculinas, em categorias inferiores a Sub-16. Todos os jogadores e jogadoras dever\u00e3o possuir e apresentar documentos de identifica\u00e7\u00e3o v\u00e1lidos.[\/vc_column_text][\/vc_column][\/vc_row][vc_row css_animation=\u00bb\u00bb row_type=\u00bbrow\u00bb use_row_as_full_screen_section=\u00bbno\u00bb type=\u00bbgrid\u00bb angled_section=\u00bbno\u00bb text_align=\u00bbleft\u00bb background_image_as_pattern=\u00bbwithout_pattern\u00bb css=\u00bb.vc_custom_1656948607363{background-color: #f9f9f9 !important;}\u00bb z_index=\u00bb\u00bb][vc_column][vc_empty_space][vc_column_text]<\/p>\n<h3><span style=\"color: #ff6600;\">REGRAS DE JOGO E COMPOSI\u00c7\u00c3O DO TORNEIO<\/span><\/h3>\n<p>1. A BA Cup ser\u00e1 jogada de acordo com as se\u00e7\u00f5es aplic\u00e1veis as regras da FIFA.<\/p>\n<p>2. Cada categoria estar\u00e1 composta por grupos de 04, 05 ou 06 equipes, cada uma.<\/p>\n<p>3. Cada equipe jogar\u00e1 contra todas as equipes do seu grupo.[\/vc_column_text][vc_column_text]Se duas ou mais equipes tiverem a mesma quantidade de pontos ao jogar todas as partidas desta fase, a ordem de posi\u00e7\u00e3o ser\u00e1 decidida da seguinte forma:<\/p>\n<ul>\n<li>Diferen\u00e7a de gols<\/li>\n<li>Maior n\u00famero de gols realizado<\/li>\n<li>Resultado da partida entre ambas as equipes com o mesmo ponto<\/li>\n<li>Menor n\u00famero de gols sofridos<\/li>\n<li>P\u00eanaltis de acordo com as regras da FIFA<\/li>\n<\/ul>\n<p>[\/vc_column_text][\/vc_column][\/vc_row][vc_row css_animation=\u00bb\u00bb row_type=\u00bbrow\u00bb use_row_as_full_screen_section=\u00bbno\u00bb type=\u00bbfull_width\u00bb angled_section=\u00bbno\u00bb text_align=\u00bbleft\u00bb background_image_as_pattern=\u00bbwithout_pattern\u00bb css=\u00bb.vc_custom_1546546067092{background-color: #f9f9f9 !important;}\u00bb z_index=\u00bb\u00bb][vc_column][vc_empty_space][\/vc_column][\/vc_row][vc_row css_animation=\u00bb\u00bb row_type=\u00bbrow\u00bb use_row_as_full_screen_section=\u00bbno\u00bb type=\u00bbgrid\u00bb angled_section=\u00bbno\u00bb text_align=\u00bbleft\u00bb background_image_as_pattern=\u00bbwithout_pattern\u00bb background_image=\u00bb17903&#8243; css=\u00bb.vc_custom_1656949018353{background-color: #dd9933 !important;}\u00bb z_index=\u00bb\u00bb][vc_column][vc_empty_space height=\u00bb22px\u00bb][vc_column_text]<\/p>\n<h3><span style=\"color: #ffffff;\">SEMIFINAL Y FINAL<\/span><\/h3>\n<p>[\/vc_column_text][vc_empty_space height=\u00bb22px\u00bb][qode_elements_holder number_of_columns=\u00bbthree_columns\u00bb alignment_one_column=\u00bbleft\u00bb][qode_elements_holder_item vertical_alignment=\u00bbtop\u00bb horizontal_alignment=\u00bbleft\u00bb advanced_animations=\u00bbno\u00bb item_padding=\u00bb0px 0px 0px 20px\u00bb]<div class=\"image_with_text\"><img decoding=\"async\" itemprop=\"image\" src=\"https:\/\/ba-cup.com\/new\/wp-content\/uploads\/2024\/08\/CANCHA-1.png\" alt=\"SEMIFINAL\" \/><h3 style=\"color:#ffffff;\" class=\"image_with_text_title\">SEMIFINAL<\/h3><span style=\"margin: 6px 0px;\" class=\"separator transparent\"><\/span><span style=\"color: #ffffff;\">A equipe vencedora do grupo \u201cA\u201d disputar\u00e1 com a equipe que chegou ao segundo lugar do grupo \u201cB\u201d.<\/span><\/p>\n<p><span style=\"color: #ffffff;\">A equipe vencedora do grupo \u201cB\u201d disputar\u00e1 com a equipe que chegou ao segundo lugar do grupo \u201cA\u201d.<\/span><\/p>\n<p><span style=\"color: #ffffff;\">Em caso de empate entre as duas equipes, a disputa ser\u00e1 definida por p\u00eanaltis, sendo cinco cobran\u00e7as de p\u00eanaltis para cada equipe. Caso a disputa siga empatada, a partida seguir\u00e1 por defini\u00e7\u00e3o de p\u00eanaltis modalidade morte s\u00fabita.<\/span><\/div>[vc_empty_space height=\u00bb22px\u00bb][\/qode_elements_holder_item][qode_elements_holder_item vertical_alignment=\u00bbtop\u00bb horizontal_alignment=\u00bbleft\u00bb advanced_animations=\u00bbno\u00bb item_padding=\u00bb0px 0px 0px 20px\u00bb]<div class=\"image_with_text\"><img decoding=\"async\" itemprop=\"image\" src=\"https:\/\/ba-cup.com\/new\/wp-content\/uploads\/2024\/08\/FINAL.png\" alt=\"FINAL\" \/><h3 style=\"color:#ffffff;\" class=\"image_with_text_title\">FINAL<\/h3><span style=\"margin: 6px 0px;\" class=\"separator transparent\"><\/span><span style=\"color: #ffffff;\">Em caso de empate entre as duas equipes, a disputa ser\u00e1 definida por p\u00eanaltis, sendo cinco cobran\u00e7as de p\u00eanaltis para cada equipe. Caso a disputa siga empatada, a partida seguir\u00e1 por defini\u00e7\u00e3o de p\u00eanaltis modalidade morte s\u00fabita.<\/span><\/div>[vc_empty_space height=\u00bb22px\u00bb][\/qode_elements_holder_item][qode_elements_holder_item vertical_alignment=\u00bbtop\u00bb horizontal_alignment=\u00bbleft\u00bb advanced_animations=\u00bbno\u00bb item_padding=\u00bb0px 0px 0px 20px\u00bb]<div class=\"image_with_text\"><img decoding=\"async\" itemprop=\"image\" src=\"https:\/\/ba-cup.com\/new\/wp-content\/uploads\/2024\/08\/PUNTOS.png\" alt=\"PONTOS POR PARTIDA\" \/><h3 style=\"color:#ffffff;\" class=\"image_with_text_title\">PONTOS POR PARTIDA<\/h3><span style=\"margin: 6px 0px;\" class=\"separator transparent\"><\/span><\/p>\n<ul>\n<li><span style=\"color: #ffffff;\">VIT\u00d3RIA: 3 PONTOS<\/span><\/li>\n<\/ul>\n<ul>\n<li><span style=\"color: #ffffff;\">EMPATE: 1 PONTO<\/span><\/li>\n<\/ul>\n<ul>\n<li><span style=\"color: #ffffff;\">DERROTA: 0 PONTOS<\/span><\/li>\n<\/ul>\n<p><\/div>[vc_empty_space height=\u00bb22px\u00bb][\/qode_elements_holder_item][\/qode_elements_holder][vc_empty_space height=\u00bb22px\u00bb][qode_elements_holder number_of_columns=\u00bbthree_columns\u00bb][qode_elements_holder_item vertical_alignment=\u00bbtop\u00bb horizontal_alignment=\u00bbleft\u00bb advanced_animations=\u00bbno\u00bb item_padding=\u00bb0px 0px 0px 20px\u00bb]<div class=\"image_with_text\"><img decoding=\"async\" itemprop=\"image\" src=\"https:\/\/ba-cup.com\/new\/wp-content\/uploads\/2024\/08\/pito.png\" alt=\"DURA\u00c7\u00c3O DE INTERVALO OU DESCANSO\" \/><h3 style=\"color:#ffffff;\" class=\"image_with_text_title\">DURA\u00c7\u00c3O DE INTERVALO OU DESCANSO<\/h3><span style=\"margin: 6px 0px;\" class=\"separator transparent\"><\/span><span style=\"color: #ffffff;\">Todas as categorias ter\u00e3o 05 minutos de intervalo ou descanso, dados entre o fim do primeiro tempo e o in\u00edcio do segundo tempo da partida. Ser\u00e1 o mesmo tempo de intervalo tanto para partidas da primeira fase, como partidas da segunda fase.<\/span><\/div>[vc_empty_space height=\u00bb22px\u00bb][\/qode_elements_holder_item][qode_elements_holder_item vertical_alignment=\u00bbtop\u00bb horizontal_alignment=\u00bbleft\u00bb advanced_animations=\u00bbno\u00bb item_padding=\u00bb0px 0px 0px 20px\u00bb]<div class=\"image_with_text\"><img decoding=\"async\" itemprop=\"image\" src=\"https:\/\/ba-cup.com\/new\/wp-content\/uploads\/2024\/08\/camiseta.png\" alt=\"N\u00c3O COMPARECIMENTO OU ATRASO\" \/><h3 style=\"color:#ffffff;\" class=\"image_with_text_title\">N\u00c3O COMPARECIMENTO OU ATRASO<\/h3><span style=\"margin: 6px 0px;\" class=\"separator transparent\"><\/span><span style=\"color: #ffffff;\">O n\u00e3o comparecimento ou atraso de uma equipe ser\u00e1 considerado como partida ganha de 3-0 para a as categorias de futebol 11 e 5-0 para as categorias de futebol 7 e futebol 9 para equipe que se apresentou em campo, em perfeitas condi\u00e7\u00f5es e hor\u00e1rio estipulados para a disputa.<\/span><\/p>\n<p><span style=\"color: #ffffff;\">O tempo m\u00e1ximo de toler\u00e2ncia ser\u00e1 de 10 minutos.<\/span><\/p>\n<p><span style=\"color: #ffffff;\">A BA Cup poder\u00e1 realizar altera\u00e7\u00f5es na tabela de jogos dependendo da log\u00edstica do torneio, quantidade de equipes inscritas e\/ou condi\u00e7\u00f5es clim\u00e1ticas.<\/span><\/div>[vc_empty_space height=\u00bb22px\u00bb][\/qode_elements_holder_item][\/qode_elements_holder][vc_empty_space][\/vc_column][\/vc_row][vc_row css_animation=\u00bb\u00bb row_type=\u00bbrow\u00bb use_row_as_full_screen_section=\u00bbno\u00bb type=\u00bbfull_width\u00bb angled_section=\u00bbno\u00bb text_align=\u00bbleft\u00bb background_image_as_pattern=\u00bbwithout_pattern\u00bb z_index=\u00bb\u00bb css=\u00bb.vc_custom_1656949365998{background-color: #f9f9f9 !important;}\u00bb][vc_column][vc_row_inner row_type=\u00bbrow\u00bb type=\u00bbfull_width\u00bb text_align=\u00bbleft\u00bb css_animation=\u00bb\u00bb side_padding=\u00bb2&#8243; padding_top=\u00bb60&#8243; padding_bottom=\u00bb60&#8243;][vc_column_inner width=\u00bb1\/4&#8243;][vc_column_text css=\u00bb.vc_custom_1718127877181{padding-top: 39px !important;padding-right: 45px !important;padding-bottom: 39px !important;padding-left: 45px !important;background-color: #eeee22 !important;}\u00bb]<\/p>\n<h3 style=\"text-align: center;\"><span style=\"color: #003300;\">OS CART\u00d5ES AMARELOS N\u00c3O S\u00c3O ACUMULADOS DE UMA PARTIDA PARA OUTRA<\/span><\/h3>\n<p>[\/vc_column_text][\/vc_column_inner][vc_column_inner width=\u00bb1\/4&#8243;][vc_column_text css=\u00bb.vc_custom_1718127889198{padding-top: 39px !important;padding-right: 45px !important;padding-bottom: 39px !important;padding-left: 45px !important;background-color: #fc2323 !important;}\u00bb]<\/p>\n<h3 style=\"text-align: center;\"><span style=\"color: #ffffff;\">CART\u00d5ES VERMELHOS OBRIGAM A UMA PARTIDA SUSPENSA.<\/span><\/h3>\n<p>[\/vc_column_text][\/vc_column_inner][vc_column_inner width=\u00bb1\/4&#8243;][vc_column_text css=\u00bb.vc_custom_1718127901381{padding-top: 39px !important;padding-right: 45px !important;padding-bottom: 39px !important;padding-left: 45px !important;background-color: #1e73be !important;}\u00bb]<\/p>\n<h3 style=\"text-align: center;\"><span style=\"color: #ffffff;\">SUSPENS\u00d5ES EST\u00c3O SUJEITAS A CONSIDERA\u00c7\u00c3O E ENTENDIMENTO DOS JU\u00cdZES DEPENDENDO DO TIPO DE FALTA.<\/span><\/h3>\n<p>[\/vc_column_text][\/vc_column_inner][vc_column_inner width=\u00bb1\/4&#8243;][vc_column_text css=\u00bb.vc_custom_1718127911796{padding-top: 39px !important;padding-right: 45px !important;padding-bottom: 39px !important;padding-left: 45px !important;background-color: #38b542 !important;border-radius: 4px !important;}\u00bb]<\/p>\n<h3 style=\"text-align: center;\"><span style=\"color: #ffffff;\">A POL\u00cdTICA DO TORNEIO \u00c9 RESTRITA E EXIGENTE QUANTO A IDEIA DE JOGO LIMPO<\/span><\/h3>\n<p>[\/vc_column_text][\/vc_column_inner][\/vc_row_inner][\/vc_column][\/vc_row][vc_row css_animation=\u00bb\u00bb row_type=\u00bbrow\u00bb use_row_as_full_screen_section=\u00bbno\u00bb type=\u00bbgrid\u00bb angled_section=\u00bbno\u00bb text_align=\u00bbleft\u00bb background_image_as_pattern=\u00bbwithout_pattern\u00bb css=\u00bb.vc_custom_1546523687409{background-color: #59d600 !important;}\u00bb z_index=\u00bb\u00bb][vc_column][vc_empty_space height=\u00bb42px\u00bb][vc_column_text]<\/p>\n<h3><span style=\"color: #ffffff;\"><b>NORMAS DE COMPORTAMENTO<\/b><\/span><\/h3>\n<p>[\/vc_column_text][vc_column_text]<span style=\"color: #ffffff;\">Sabemos que o futebol desperta estados de alegria, tristeza, nervosismo, tens\u00e3o e euforia. Expressar estas emo\u00e7\u00f5es fazem parte da magia desse esporte maravilhoso, sempre e quando, essas manifesta\u00e7\u00f5es sejam realizadas com respeito e sem a inten\u00e7\u00e3o de ofender e\/ou agredir ningu\u00e9m.<\/span><\/p>\n<p><span style=\"color: #ffffff;\">A organiza\u00e7\u00e3o da BA Cup entende que os respons\u00e1veis por cada equipe concordam em manter esta ordem de conviv\u00eancia, e que n\u00e3o \u00e9 poss\u00edvel nenhum comportamento diferente do mencionado anteriormente.<\/span>[\/vc_column_text][vc_column_text]<span style=\"color: #ffffff;\">Portanto, caso o corpo de \u00e1rbitros e\/ou espectadores do torneio cheguem a detectar algum comportamento n\u00e3o adequado, o diretor t\u00e9cnico da equipe ser\u00e1 informado, e o mesmo ser\u00e1 respons\u00e1vel de que esse comportamento n\u00e3o se repita, caso contr\u00e1rio, a equipe participante sofrer\u00e1 san\u00e7\u00f5es como perda de pontos, e at\u00e9 desqualifica\u00e7\u00e3o do torneio, caso os diretores do torneio assim o decidam.<\/span>[\/vc_column_text][vc_empty_space height=\u00bb42px\u00bb][\/vc_column][\/vc_row][vc_row css_animation=\u00bb\u00bb row_type=\u00bbrow\u00bb use_row_as_full_screen_section=\u00bbno\u00bb type=\u00bbgrid\u00bb angled_section=\u00bbno\u00bb text_align=\u00bbleft\u00bb background_image_as_pattern=\u00bbwithout_pattern\u00bb z_index=\u00bb\u00bb padding_top=\u00bb40&#8243;][vc_column][vc_empty_space height=\u00bb22px\u00bb][vc_column_text]<\/p>\n<h3><span style=\"color: #ff6600;\">REQUISITOS OBRIGAT\u00d3RIOS<\/span><\/h3>\n<p>[\/vc_column_text][vc_column_text]<\/p>\n<div class=\"wpb_text_column wpb_content_element vc_custom_1471463520815\">\n<div class=\"wpb_wrapper\">\n<div class=\"wpb_text_column wpb_content_element vc_custom_1471463520815\">\n<div class=\"wpb_wrapper\">\n<h2><b>1.<\/b><\/h2>\n<p>Como o torneio \u00e9 realizado em gramados sint\u00e9tico porem os atletas podem escolher pelo tipo de cal\u00e7ado a utilizar (cano alto ou baixo).<\/p>\n<h2>2.<\/h2>\n<p>Cada equipe dever\u00e1 trazer dois tipos de camisas, ou um tipo de camisa e coletes esportivos.<\/p>\n<h2><b>3.<\/b><\/h2>\n<p>Todos os atletas dever\u00e3o jogar com caneleiras.<\/p>\n<h2><b>4.<\/b><\/h2>\n<p>Os participantes dever\u00e3o ter seu pr\u00f3prio seguro m\u00e9dico. Caso n\u00e3o o tenha, favor ler informa\u00e7\u00e3o mais abaixo sobre seguros.<\/p>\n<h2><b>5.<\/b><\/h2>\n<p>Fotoc\u00f3pia do passaporte, visto ou documento nacional v\u00e1lidos, a ser entregue \u00e0 BA Cup.<\/p>\n<div class=\"wpb_text_column wpb_content_element vc_custom_1507840650634\">\n<div class=\"wpb_wrapper\">\n<h2><b>6.<\/b><\/h2>\n<p>Casos Fortuitos ou For\u00e7a Maior: A BA Cup n\u00e3o assume responsabilidade alguma caso n\u00e3o seja poss\u00edvel, por causa fortuita ou for\u00e7a maior, o cumprimento de de qualquer das obriga\u00e7\u00f5es estabelecidas.<br \/>\nS\u00e3o consideradas causas fortuitas ou for\u00e7a maior: terremotos, furac\u00f5es, outros sinistros, n\u00e3o cumprimento das companhias a\u00e9reas em seus itiner\u00e1rios de viagem, atos ou consequ\u00eancia de vandalismo, terrorismo e como\u00e7\u00e3o social, greves, elei\u00e7\u00f5es, e\/ou demais feitos imprevis\u00edveis devidamente justificados, bem como problemas migrat\u00f3rios que impe\u00e7am entrada\/sa\u00edda para\/desde o pa\u00eds da delega\u00e7\u00e3o e\/ou pessoas, prejudicando assim o uso dos servi\u00e7os contratados.<\/p>\n<\/div>\n<\/div>\n<div class=\"wpb_text_column wpb_content_element vc_custom_1507840907670\">\n<div class=\"wpb_wrapper\">\n<h2><b>7.<\/b><\/h2>\n<p>Reclama\u00e7\u00f5es e reembolsos por fraude: A BA Cup e\/ou organizadores dos eventos n\u00e3o realizar\u00e3o devolu\u00e7\u00e3o alguma de valores pagos, seja tanto por motivos anteriormente mencionados, tanto como para qualquer outro caso que n\u00e3o haja sido mencionado nos tais itens, tenha a inten\u00e7\u00e3o de fraude ou n\u00e3o, por parte do titular do cart\u00e3o ou qualquer membro da delega\u00e7\u00e3o.<\/p>\n<\/div>\n<\/div>\n<\/div>\n<\/div>\n<\/div>\n<\/div>\n<p>[\/vc_column_text][\/vc_column][\/vc_row][vc_row css_animation=\u00bb\u00bb row_type=\u00bbrow\u00bb use_row_as_full_screen_section=\u00bbno\u00bb type=\u00bbfull_width\u00bb angled_section=\u00bbno\u00bb text_align=\u00bbleft\u00bb background_image_as_pattern=\u00bbwithout_pattern\u00bb css=\u00bb.vc_custom_1725023660946{background-color: #fff8f2 !important;}\u00bb z_index=\u00bb\u00bb][vc_column][vc_empty_space height=\u00bb22px\u00bb][vc_row_inner row_type=\u00bbrow\u00bb type=\u00bbgrid\u00bb text_align=\u00bbleft\u00bb css_animation=\u00bb\u00bb][vc_column_inner width=\u00bb1\/2&#8243; css=\u00bb.vc_custom_1546552999739{margin-right: 10px !important;background-color: #fff8f2 !important;}\u00bb][vc_single_image image=\u00bb1438&#8243; img_size=\u00bbfull\u00bb qode_css_animation=\u00bb\u00bb][vc_column_text]<\/p>\n<h3><span style=\"color: #000000;\"><b>OS CAL\u00c7ADOS PERMITIDOS S\u00c3O:<\/b><\/span><\/h3>\n<p>1. T\u00eanis de sola de borracha ou pl\u00e1stico e confeccionados em material sint\u00e9tico, pl\u00e1stico e\/ou couro (chuteiras de futsal ou futebol de 5).<\/p>\n<p>2. Chuteiras ou cal\u00e7ados de futebol com travas de borracha ou pl\u00e1stico (chuteiras de futebol de grama natural)[\/vc_column_text][vc_empty_space height=\u00bb30px\u00bb][vc_single_image image=\u00bb1432&#8243; img_size=\u00bbfull\u00bb qode_css_animation=\u00bb\u00bb][vc_empty_space height=\u00bb22px\u00bb][vc_column_text]<\/p>\n<h3><span style=\"color: #333300;\"><b>TIPO DE CAL\u00c7ADO POR CADA TIPO DE GRAMADO: <\/b><\/span><\/h3>\n<p>O torneio ser\u00e1 feito em 6 campos de gramado sint\u00e9tico FIFA. O tipo de calcado ser\u00e1 escolha do jogador.[\/vc_column_text][\/vc_column_inner][vc_column_inner width=\u00bb1\/2&#8243; css=\u00bb.vc_custom_1656950033373{background-color: #fff8f2 !important;}\u00bb][\/vc_column_inner][\/vc_row_inner][vc_empty_space height=\u00bb22px\u00bb][\/vc_column][\/vc_row][vc_column css=\u00bb.vc_custom_1442874544871{margin-top: 0px !important;padding-top: 15px !important;padding-left: 0px !important;}\u00bb][\/vc_column]<\/p>\n<\/div>","protected":false},"excerpt":{"rendered":"<p>[vc_row css_animation=\u00bb\u00bb row_type=\u00bbrow\u00bb use_row_as_full_screen_section=\u00bbno\u00bb type=\u00bbgrid\u00bb angled_section=\u00bbno\u00bb text_align=\u00bbleft\u00bb background_image_as_pattern=\u00bbwithout_pattern\u00bb z_index=\u00bb\u00bb][vc_column][vc_empty_space][\/vc_column][\/vc_row][vc_row css_animation=\u00bb\u00bb row_type=\u00bbrow\u00bb use_row_as_full_screen_section=\u00bbno\u00bb type=\u00bbgrid\u00bb angled_section=\u00bbno\u00bb text_align=\u00bbleft\u00bb background_image_as_pattern=\u00bbwithout_pattern\u00bb z_index=\u00bb\u00bb css=\u00bb.vc_custom_1546545190729{background-color: #ed7413 !important;}\u00bb][vc_column][vc_row_inner row_type=\u00bbrow\u00bb type=\u00bbgrid\u00bb text_align=\u00bbcenter\u00bb css_animation=\u00bb\u00bb][vc_column_inner width=\u00bb1\/4&#8243; css=\u00bb.vc_custom_1546545459438{padding-top: 34px !important;padding-right: 11px !important;padding-bottom:&#8230;<\/p>\n","protected":false},"author":2,"featured_media":0,"parent":0,"menu_order":0,"comment_status":"closed","ping_status":"closed","template":"full_width.php","meta":{"footnotes":""},"class_list":["post-1454","page","type-page","status-publish","hentry"],"_links":{"self":[{"href":"https:\/\/ba-cup.com\/new\/wp-json\/wp\/v2\/pages\/1454","targetHints":{"allow":["GET"]}}],"collection":[{"href":"https:\/\/ba-cup.com\/new\/wp-json\/wp\/v2\/pages"}],"about":[{"href":"https:\/\/ba-cup.com\/new\/wp-json\/wp\/v2\/types\/page"}],"author":[{"embeddable":true,"href":"https:\/\/ba-cup.com\/new\/wp-json\/wp\/v2\/users\/2"}],"replies":[{"embeddable":true,"href":"https:\/\/ba-cup.com\/new\/wp-json\/wp\/v2\/comments?post=1454"}],"version-history":[{"count":11,"href":"https:\/\/ba-cup.com\/new\/wp-json\/wp\/v2\/pages\/1454\/revisions"}],"predecessor-version":[{"id":2134,"href":"https:\/\/ba-cup.com\/new\/wp-json\/wp\/v2\/pages\/1454\/revisions\/2134"}],"wp:attachment":[{"href":"https:\/\/ba-cup.com\/new\/wp-json\/wp\/v2\/media?parent=1454"}],"curies":[{"name":"wp","href":"https:\/\/api.w.org\/{rel}","templated":true}]}}