{"id":1465,"date":"2024-08-30T11:05:03","date_gmt":"2024-08-30T14:05:03","guid":{"rendered":"https:\/\/ba-cup.com\/new\/?page_id=1465"},"modified":"2024-09-06T15:39:50","modified_gmt":"2024-09-06T18:39:50","slug":"club-gebapt-translation","status":"publish","type":"page","link":"https:\/\/ba-cup.com\/new\/pt\/club-gebapt-translation\/","title":{"rendered":"Club GEBA(pt translation)"},"content":{"rendered":"<div class=\"wpb-content-wrapper\"><p>[vc_row css_animation=\u00bb\u00bb row_type=\u00bbrow\u00bb use_row_as_full_screen_section=\u00bbno\u00bb type=\u00bbgrid\u00bb angled_section=\u00bbno\u00bb text_align=\u00bbleft\u00bb background_image_as_pattern=\u00bbwithout_pattern\u00bb css=\u00bb.vc_custom_1509629631170{padding-top: 140px !important;padding-bottom: 55px !important;}\u00bb][vc_column offset=\u00bbvc_col-lg-8 vc_col-md-8 vc_col-xs-12&#8243;][vc_single_image image=\u00bb1548&#8243; img_size=\u00bbfull\u00bb qode_css_animation=\u00bb\u00bb][vc_empty_space height=\u00bb50px\u00bb][\/vc_column][vc_column offset=\u00bbvc_col-lg-4 vc_col-md-4 vc_col-xs-12&#8243;][vc_column_text]<\/p>\n<h3><span style=\"color: #ff6600;\">Onde \u00e9 realizada a <\/span><\/h3>\n<h3><span style=\"color: #ff6600;\">BA Cup Buenos Aires?<\/span><\/h3>\n<p>[\/vc_column_text][vc_empty_space height=\u00bb10px\u00bb][vc_column_text]<\/p>\n<h3>Todos os anos, a BA Cup Argentina acontece no renomado clube GEBA (Gimnasia y Esgrima de Buenos Aires)<\/h3>\n<p>[\/vc_column_text][vc_empty_space height=\u00bb25px\u00bb][vc_column_text]Nos \u00faltimos 10 anos, este clube recebeu milhares de times da Copa BA Cup de todo o mundo.<\/p>\n<p>O GEBA foi fundado em 11 de novembro de 1880 e \u00e9 considerado uma das institui\u00e7\u00f5es esportivas mais hist\u00f3ricas da Argentina.[\/vc_column_text][vc_empty_space height=\u00bb35px\u00bb][vc_empty_space height=\u00bb10px\u00bb][\/vc_column][\/vc_row][vc_row css_animation=\u00bb\u00bb row_type=\u00bbrow\u00bb use_row_as_full_screen_section=\u00bbno\u00bb type=\u00bbgrid\u00bb angled_section=\u00bbno\u00bb text_align=\u00bbleft\u00bb background_image_as_pattern=\u00bbwithout_pattern\u00bb css=\u00bb.vc_custom_1724885079626{padding-bottom: 0px !important;}\u00bb z_index=\u00bb\u00bb][vc_column offset=\u00bbvc_col-lg-6 vc_col-md-6 vc_col-xs-12&#8243;][vc_column_text]<\/p>\n<h3><span style=\"color: #ff6600;\">Localizado no pitoresco bairro de Palermo.<\/span><\/h3>\n<p>[\/vc_column_text][vc_empty_space height=\u00bb10px\u00bb][vc_column_text]O complexo esportivo \u00e9 facilmente acess\u00edvel a partir dos nossos hot\u00e9is centralmente localizados.[\/vc_column_text][vc_empty_space height=\u00bb20px\u00bb][vc_column_text]O clube possui 5 campos de grama sint\u00e9tica de grande tamanho que podem ser adaptadas para campos de 11vs11, 9vs9 e 7vs7. O GEBA oferece amplos vesti\u00e1rios, caf\u00e9s e restaurantes para atender \u00e0s necessidades das equipes.[\/vc_column_text][vc_empty_space height=\u00bb40px\u00bb][\/vc_column][vc_column offset=\u00bbvc_col-lg-6 vc_col-md-6 vc_col-xs-12&#8243;][vc_single_image image=\u00bb1388&#8243; img_size=\u00bbfull\u00bb qode_css_animation=\u00bb\u00bb][vc_empty_space height=\u00bb40px\u00bb][\/vc_column][\/vc_row][vc_row css_animation=\u00bb\u00bb row_type=\u00bbrow\u00bb use_row_as_full_screen_section=\u00bbno\u00bb type=\u00bbfull_width\u00bb angled_section=\u00bbno\u00bb text_align=\u00bbleft\u00bb background_image_as_pattern=\u00bbwithout_pattern\u00bb][vc_column width=\u00bb1\/4&#8243;][\/vc_column][vc_column width=\u00bb1\/2&#8243;][\/vc_column][vc_column width=\u00bb1\/4&#8243;][\/vc_column][\/vc_row][vc_row css_animation=\u00bb\u00bb row_type=\u00bbrow\u00bb use_row_as_full_screen_section=\u00bbno\u00bb type=\u00bbfull_width\u00bb angled_section=\u00bbno\u00bb text_align=\u00bbcenter\u00bb video=\u00bbshow_video\u00bb video_overlay=\u00bbshow_video_overlay\u00bb background_image_as_pattern=\u00bbwithout_pattern\u00bb background_image=\u00bb1390&#8243; z_index=\u00bb\u00bb video_mp4=\u00bbhttps:\/\/ba-cup.com\/new\/wp-content\/uploads\/2024\/08\/geba-1.mp4&#8243; css=\u00bb.vc_custom_1725021396204{margin-top: 0px !important;}\u00bb video_overlay_image=\u00bb1403&#8243;][vc_column][vc_empty_space height=\u00bb122px\u00bb][vc_row_inner row_type=\u00bbrow\u00bb type=\u00bbfull_width\u00bb text_align=\u00bbleft\u00bb css_animation=\u00bb\u00bb][vc_column_inner width=\u00bb1\/4&#8243;][\/vc_column_inner][vc_column_inner width=\u00bb1\/2&#8243;][vc_column_text]<\/p>\n<h2 style=\"text-align: center;\"><span style=\"color: #ffffff;\"><span style=\"color: #ff6600;\">O mais not\u00e1vel \u00e9 o grande \u00abCastelo\u00bb<\/span> ou estrutura semelhante a um castelo no centro do clube<\/span><\/h2>\n<p>[\/vc_column_text][\/vc_column_inner][vc_column_inner width=\u00bb1\/4&#8243;][\/vc_column_inner][\/vc_row_inner][vc_row_inner row_type=\u00bbrow\u00bb type=\u00bbgrid\u00bb text_align=\u00bbleft\u00bb css_animation=\u00bb\u00bb css=\u00bb.vc_custom_1724885038088{margin-top: 0px !important;}\u00bb][vc_column_inner width=\u00bb1\/4&#8243;][vc_empty_space][vc_column_text]<\/p>\n<h4 style=\"text-align: center;\"><span style=\"color: #ffffff;\">A estrutura preserva detalhes da \u00e9poca<\/span><\/h4>\n<p>[\/vc_column_text][\/vc_column_inner][vc_column_inner width=\u00bb1\/4&#8243;][vc_empty_space][vc_column_text]<\/p>\n<h4 style=\"text-align: center;\"><span style=\"color: #ffffff;\">Soalhos de mosaicos pretos e brancos<\/span><\/h4>\n<p>[\/vc_column_text][\/vc_column_inner][vc_column_inner width=\u00bb1\/4&#8243;][vc_empty_space][vc_column_text]<\/p>\n<h4 style=\"text-align: center;\"><span style=\"color: #ffffff;\">Enfeites de madeira petiribi, l\u00e2mpada de ferro forjado<\/span><\/h4>\n<p>[\/vc_column_text][\/vc_column_inner][vc_column_inner width=\u00bb1\/4&#8243;][vc_empty_space][vc_column_text]<\/p>\n<h3 style=\"text-align: center;\"><span style=\"color: #ffffff;\">Pinturas de her\u00f3is que adornam suas paredes<\/span><\/h3>\n<p>[\/vc_column_text][\/vc_column_inner][\/vc_row_inner][vc_empty_space height=\u00bb22px\u00bb][vc_empty_space height=\u00bb22px\u00bb][vc_empty_space height=\u00bb22px\u00bb][vc_row_inner row_type=\u00bbrow\u00bb type=\u00bbgrid\u00bb text_align=\u00bbleft\u00bb css_animation=\u00bb\u00bb][vc_column_inner width=\u00bb1\/6&#8243;][\/vc_column_inner][vc_column_inner width=\u00bb2\/3&#8243;][vc_column_text]<\/p>\n<h4 style=\"text-align: center;\"><span style=\"color: #ffffff;\">O castelo inspirado no Pal\u00e1cio de Versalhes, constru\u00eddo em 1930, abriga o refeit\u00f3rio principal do clube, onde os times almo\u00e7am todos os dias.<\/span><\/h4>\n<p>[\/vc_column_text][\/vc_column_inner][vc_column_inner width=\u00bb1\/6&#8243;][\/vc_column_inner][\/vc_row_inner][vc_empty_space height=\u00bb122px\u00bb][\/vc_column][\/vc_row]<\/p>\n<\/div>","protected":false},"excerpt":{"rendered":"<p>[vc_row css_animation=\u00bb\u00bb row_type=\u00bbrow\u00bb use_row_as_full_screen_section=\u00bbno\u00bb type=\u00bbgrid\u00bb angled_section=\u00bbno\u00bb text_align=\u00bbleft\u00bb background_image_as_pattern=\u00bbwithout_pattern\u00bb css=\u00bb.vc_custom_1509629631170{padding-top: 140px !important;padding-bottom: 55px !important;}\u00bb][vc_column offset=\u00bbvc_col-lg-8 vc_col-md-8 vc_col-xs-12&#8243;][vc_single_image image=\u00bb1548&#8243; img_size=\u00bbfull\u00bb qode_css_animation=\u00bb\u00bb][vc_empty_space height=\u00bb50px\u00bb][\/vc_column][vc_column offset=\u00bbvc_col-lg-4 vc_col-md-4 vc_col-xs-12&#8243;][vc_column_text] Onde \u00e9 realizada a BA Cup Buenos&#8230;<\/p>\n","protected":false},"author":2,"featured_media":0,"parent":0,"menu_order":0,"comment_status":"closed","ping_status":"closed","template":"full_width.php","meta":{"footnotes":""},"class_list":["post-1465","page","type-page","status-publish","hentry"],"_links":{"self":[{"href":"https:\/\/ba-cup.com\/new\/wp-json\/wp\/v2\/pages\/1465","targetHints":{"allow":["GET"]}}],"collection":[{"href":"https:\/\/ba-cup.com\/new\/wp-json\/wp\/v2\/pages"}],"about":[{"href":"https:\/\/ba-cup.com\/new\/wp-json\/wp\/v2\/types\/page"}],"author":[{"embeddable":true,"href":"https:\/\/ba-cup.com\/new\/wp-json\/wp\/v2\/users\/2"}],"replies":[{"embeddable":true,"href":"https:\/\/ba-cup.com\/new\/wp-json\/wp\/v2\/comments?post=1465"}],"version-history":[{"count":6,"href":"https:\/\/ba-cup.com\/new\/wp-json\/wp\/v2\/pages\/1465\/revisions"}],"predecessor-version":[{"id":1553,"href":"https:\/\/ba-cup.com\/new\/wp-json\/wp\/v2\/pages\/1465\/revisions\/1553"}],"wp:attachment":[{"href":"https:\/\/ba-cup.com\/new\/wp-json\/wp\/v2\/media?parent=1465"}],"curies":[{"name":"wp","href":"https:\/\/api.w.org\/{rel}","templated":true}]}}