{"id":1484,"date":"2024-09-04T13:20:18","date_gmt":"2024-09-04T16:20:18","guid":{"rendered":"https:\/\/ba-cup.com\/new\/?page_id=1484"},"modified":"2024-09-04T13:54:53","modified_gmt":"2024-09-04T16:54:53","slug":"tips","status":"publish","type":"page","link":"https:\/\/ba-cup.com\/new\/tips\/","title":{"rendered":"Tips"},"content":{"rendered":"<div class=\"wpb-content-wrapper\"><p>[vc_row css_animation=\u00bb\u00bb row_type=\u00bbrow\u00bb use_row_as_full_screen_section=\u00bbno\u00bb type=\u00bbfull_width\u00bb angled_section=\u00bbno\u00bb text_align=\u00bbleft\u00bb background_image_as_pattern=\u00bbwithout_pattern\u00bb][vc_column][vc_single_image image=\u00bb773&#8243; img_size=\u00bbfull\u00bb qode_css_animation=\u00bb\u00bb][\/vc_column][\/vc_row][vc_row css_animation=\u00bb\u00bb row_type=\u00bbrow\u00bb use_row_as_full_screen_section=\u00bbno\u00bb type=\u00bbfull_width\u00bb angled_section=\u00bbno\u00bb text_align=\u00bbleft\u00bb background_image_as_pattern=\u00bbwithout_pattern\u00bb][vc_column width=\u00bb1\/4&#8243;][\/vc_column][vc_column width=\u00bb1\/2&#8243; css=\u00bb.vc_custom_1725468513100{padding-right: 30px !important;padding-left: 30px !important;}\u00bb][vc_empty_space][vc_column_text]<\/p>\n<h2>\u00a1Info importante <span style=\"color: #00ccff;\">para todas las Copas!\u00a0<\/span><\/h2>\n<p>[\/vc_column_text][vc_empty_space][vc_column_text]<\/p>\n<h4><span style=\"color: #ff6600;\"><b>Recordatorio de requisitos obligatorios: <\/b><\/span><\/h4>\n<ul>\n<li>Camisetas \u2013 traer 2 juegos o un juego y pecheras<\/li>\n<li>Se juega en campos de c\u00e9sped sint\u00e9tico. El tipo de calzado a utilizar es a elecci\u00f3n del jugador. Botines con tapones o botines sin tapones tipo de f\u00fatbol 5.<\/li>\n<li>Espinilleras o canilleras<\/li>\n<li>Pelotas \/ Balones: todos los equipos deben traer los balones para realizar sus pr\u00e1cticas y movimientos precompetitivos (BA CUP s\u00f3lo provee balones durante los partidos del torneo)<\/li>\n<li>Pasaporte o Documento de Identificaci\u00f3n<\/li>\n<li>Completar la lista de inscripci\u00f3n en la plataforma www.ba-cup.net<\/li>\n<li>Fotos subidas a la plataforma www.ba-cup.net.<\/li>\n<li>Leer Reglas de juego, cronograma de la copa y toda informaci\u00f3n que tiene disponible en la aplicaci\u00f3n de BA Cup.<\/li>\n<li>Pulsera de Identificaci\u00f3n \u2013 Brindamos una pulsera a cada uno de los participantes que contrataron el paquete de servicios de hospedaje BA Cup.<span class=\"Apple-converted-space\">\u00a0 <\/span>Para poder usar el transporte, almorzar y cenar, se requiere el uso la pulsera durante todo el torneo. \u00c9sta, tiene una duraci\u00f3n de 1 semana y no debe ser retirada o cortada de la mu\u00f1eca durante este per\u00edodo.<\/li>\n<\/ul>\n<p>[\/vc_column_text][vc_empty_space][vc_column_text]<\/p>\n<h4><span style=\"color: #ff6600;\"><strong>Sugerencias importantes a tener en cuenta: <\/strong><\/span><\/h4>\n<ul>\n<li>Traer Bandera de su club y\/o pa\u00eds<\/li>\n<li>Cambio de ropa durante el d\u00eda.<\/li>\n<li>Toalla para ducharse en los vestuarios<\/li>\n<li>Ropa (buzos y pantalones) y campera abrigada dependiendo de la fecha.<\/li>\n<li>C\u00e1mara fotogr\u00e1fica<\/li>\n<li>Adaptadores el\u00e9ctricos<\/li>\n<li>Cuaderno, lapicera, etc. para los seminarios<\/li>\n<li>Protector solar<\/li>\n<\/ul>\n<p>[\/vc_column_text][\/vc_column][vc_column width=\u00bb1\/4&#8243;][\/vc_column][\/vc_row][vc_row css_animation=\u00bb\u00bb row_type=\u00bbrow\u00bb use_row_as_full_screen_section=\u00bbno\u00bb type=\u00bbgrid\u00bb angled_section=\u00bbno\u00bb text_align=\u00bbleft\u00bb background_image_as_pattern=\u00bbwithout_pattern\u00bb z_index=\u00bb\u00bb][vc_column][vc_empty_space][\/vc_column][\/vc_row]<\/p>\n<\/div>","protected":false},"excerpt":{"rendered":"<p>[vc_row css_animation=\u00bb\u00bb row_type=\u00bbrow\u00bb use_row_as_full_screen_section=\u00bbno\u00bb type=\u00bbfull_width\u00bb angled_section=\u00bbno\u00bb text_align=\u00bbleft\u00bb background_image_as_pattern=\u00bbwithout_pattern\u00bb][vc_column][vc_single_image image=\u00bb773&#8243; img_size=\u00bbfull\u00bb qode_css_animation=\u00bb\u00bb][\/vc_column][\/vc_row][vc_row css_animation=\u00bb\u00bb row_type=\u00bbrow\u00bb use_row_as_full_screen_section=\u00bbno\u00bb type=\u00bbfull_width\u00bb angled_section=\u00bbno\u00bb text_align=\u00bbleft\u00bb background_image_as_pattern=\u00bbwithout_pattern\u00bb][vc_column width=\u00bb1\/4&#8243;][\/vc_column][vc_column width=\u00bb1\/2&#8243; css=\u00bb.vc_custom_1725468513100{padding-right: 30px !important;padding-left: 30px !important;}\u00bb][vc_empty_space][vc_column_text] \u00a1Info importante para todas las&#8230;<\/p>\n","protected":false},"author":2,"featured_media":0,"parent":0,"menu_order":0,"comment_status":"closed","ping_status":"closed","template":"full_width.php","meta":{"footnotes":""},"class_list":["post-1484","page","type-page","status-publish","hentry"],"_links":{"self":[{"href":"https:\/\/ba-cup.com\/new\/wp-json\/wp\/v2\/pages\/1484","targetHints":{"allow":["GET"]}}],"collection":[{"href":"https:\/\/ba-cup.com\/new\/wp-json\/wp\/v2\/pages"}],"about":[{"href":"https:\/\/ba-cup.com\/new\/wp-json\/wp\/v2\/types\/page"}],"author":[{"embeddable":true,"href":"https:\/\/ba-cup.com\/new\/wp-json\/wp\/v2\/users\/2"}],"replies":[{"embeddable":true,"href":"https:\/\/ba-cup.com\/new\/wp-json\/wp\/v2\/comments?post=1484"}],"version-history":[{"count":13,"href":"https:\/\/ba-cup.com\/new\/wp-json\/wp\/v2\/pages\/1484\/revisions"}],"predecessor-version":[{"id":1501,"href":"https:\/\/ba-cup.com\/new\/wp-json\/wp\/v2\/pages\/1484\/revisions\/1501"}],"wp:attachment":[{"href":"https:\/\/ba-cup.com\/new\/wp-json\/wp\/v2\/media?parent=1484"}],"curies":[{"name":"wp","href":"https:\/\/api.w.org\/{rel}","templated":true}]}}