{"id":1503,"date":"2024-09-04T13:57:30","date_gmt":"2024-09-04T16:57:30","guid":{"rendered":"https:\/\/ba-cup.com\/new\/?page_id=1503"},"modified":"2024-09-04T13:58:37","modified_gmt":"2024-09-04T16:58:37","slug":"tipspt-translation","status":"publish","type":"page","link":"https:\/\/ba-cup.com\/new\/pt\/tipspt-translation\/","title":{"rendered":"Tips(pt translation)"},"content":{"rendered":"<p>[vc_row css_animation=\u00bb\u00bb row_type=\u00bbrow\u00bb use_row_as_full_screen_section=\u00bbno\u00bb type=\u00bbfull_width\u00bb angled_section=\u00bbno\u00bb text_align=\u00bbleft\u00bb background_image_as_pattern=\u00bbwithout_pattern\u00bb][vc_column][vc_single_image image=\u00bb773&#8243; img_size=\u00bbfull\u00bb qode_css_animation=\u00bb\u00bb][\/vc_column][\/vc_row][vc_row css_animation=\u00bb\u00bb row_type=\u00bbrow\u00bb use_row_as_full_screen_section=\u00bbno\u00bb type=\u00bbfull_width\u00bb angled_section=\u00bbno\u00bb text_align=\u00bbleft\u00bb background_image_as_pattern=\u00bbwithout_pattern\u00bb][vc_column width=\u00bb1\/4&#8243;][\/vc_column][vc_column width=\u00bb1\/2&#8243; css=\u00bb.vc_custom_1725468513100{padding-right: 30px !important;padding-left: 30px !important;}\u00bb][vc_empty_space][vc_column_text]<\/p>\n<h2>\u00a1Lembrete <span style=\"color: #00ccff;\">para todas as Copas!\u00a0<\/span><\/h2>\n<p>[\/vc_column_text][vc_empty_space][vc_column_text]<\/p>\n<h4><span style=\"color: #ff6600;\"><b>Requisitos obrigat\u00f3rios: <\/b><\/span><\/h4>\n<ul>\n<li>Camisas \u2013 trazer 02 conjuntos ou 01 conjunto e coletes. \u20282. Cal\u00e7ado: est\u00e1 na escolha do jogador.3. Caneleiras.<\/li>\n<li>Bolas \u2013 todas as equipes devem trazer para realizar suas pr\u00e1ticas e movimentos pr\u00e9-competitivos (a BA Cup s\u00f3 disponibiliza bolas durante as partidas do torneio)\u2028.<\/li>\n<li>Passaporte ou Documento de Identifica\u00e7\u00e3o v\u00e1lida, com uma fotoc\u00f3pia.<\/li>\n<li>A lista de inscri\u00e7\u00e3o, as regras e contrata\u00e7\u00e3o de pacotes BA Cup assinadas a traves do nosso sistema online. .<\/li>\n<li>Pulseira de Identifica\u00e7\u00e3o \u2013 damos uma pulseira aos participantes que contrataram o pacote de servi\u00e7os BA Cup. Para poder usar o transporte, almo\u00e7ar e jantar, \u00e9 necess\u00e1rio o uso dessa pulseira durante todo o torneio.<\/li>\n<\/ul>\n<p>[\/vc_column_text][vc_empty_space][vc_column_text]<\/p>\n<h4><span style=\"color: #ff6600;\"><strong>Lembrete de recomenda\u00e7\u00f5es: <\/strong><\/span><\/h4>\n<ul>\n<li>Trazer bandeira\/lembrancinhas de sua equipe e\/ou pa\u00eds para o desfile e tamb\u00e9m para trocar com outros jogadores durante as partidas.\u2028 2. Trazer roupa para trocas durante o dia.<\/li>\n<li>Toalha para tomar banho nos vesti\u00e1rios.<\/li>\n<li>Roupa agasalhada, casaco imperme\u00e1vel, casaco corta-vento.<\/li>\n<li>C\u00e2mera fotogr\u00e1fica.<\/li>\n<li>Adaptadores el\u00e9tricos (para tomadas).<\/li>\n<li>Caderno, caneta, etc, para os semin\u00e1rios.<\/li>\n<li>Protetor solar.<\/li>\n<\/ul>\n<p>[\/vc_column_text][\/vc_column][vc_column width=\u00bb1\/4&#8243;][\/vc_column][\/vc_row][vc_row css_animation=\u00bb\u00bb row_type=\u00bbrow\u00bb use_row_as_full_screen_section=\u00bbno\u00bb type=\u00bbgrid\u00bb angled_section=\u00bbno\u00bb text_align=\u00bbleft\u00bb background_image_as_pattern=\u00bbwithout_pattern\u00bb z_index=\u00bb\u00bb][vc_column][vc_empty_space][\/vc_column][\/vc_row]<\/p>\n","protected":false},"excerpt":{"rendered":"<p>[vc_row css_animation=\u00bb\u00bb row_type=\u00bbrow\u00bb use_row_as_full_screen_section=\u00bbno\u00bb type=\u00bbfull_width\u00bb angled_section=\u00bbno\u00bb text_align=\u00bbleft\u00bb background_image_as_pattern=\u00bbwithout_pattern\u00bb][vc_column][vc_single_image image=\u00bb773&#8243; img_size=\u00bbfull\u00bb qode_css_animation=\u00bb\u00bb][\/vc_column][\/vc_row][vc_row css_animation=\u00bb\u00bb row_type=\u00bbrow\u00bb use_row_as_full_screen_section=\u00bbno\u00bb type=\u00bbfull_width\u00bb angled_section=\u00bbno\u00bb text_align=\u00bbleft\u00bb background_image_as_pattern=\u00bbwithout_pattern\u00bb][vc_column width=\u00bb1\/4&#8243;][\/vc_column][vc_column width=\u00bb1\/2&#8243; css=\u00bb.vc_custom_1725468513100{padding-right: 30px !important;padding-left: 30px !important;}\u00bb][vc_empty_space][vc_column_text] \u00a1Lembrete para todas as Copas!\u00a0&#8230;<\/p>\n","protected":false},"author":2,"featured_media":0,"parent":0,"menu_order":0,"comment_status":"closed","ping_status":"closed","template":"full_width.php","meta":{"footnotes":""},"class_list":["post-1503","page","type-page","status-publish","hentry"],"_links":{"self":[{"href":"https:\/\/ba-cup.com\/new\/wp-json\/wp\/v2\/pages\/1503","targetHints":{"allow":["GET"]}}],"collection":[{"href":"https:\/\/ba-cup.com\/new\/wp-json\/wp\/v2\/pages"}],"about":[{"href":"https:\/\/ba-cup.com\/new\/wp-json\/wp\/v2\/types\/page"}],"author":[{"embeddable":true,"href":"https:\/\/ba-cup.com\/new\/wp-json\/wp\/v2\/users\/2"}],"replies":[{"embeddable":true,"href":"https:\/\/ba-cup.com\/new\/wp-json\/wp\/v2\/comments?post=1503"}],"version-history":[{"count":3,"href":"https:\/\/ba-cup.com\/new\/wp-json\/wp\/v2\/pages\/1503\/revisions"}],"predecessor-version":[{"id":1506,"href":"https:\/\/ba-cup.com\/new\/wp-json\/wp\/v2\/pages\/1503\/revisions\/1506"}],"wp:attachment":[{"href":"https:\/\/ba-cup.com\/new\/wp-json\/wp\/v2\/media?parent=1503"}],"curies":[{"name":"wp","href":"https:\/\/api.w.org\/{rel}","templated":true}]}}