{"id":1872,"date":"2025-01-24T15:39:43","date_gmt":"2025-01-24T18:39:43","guid":{"rendered":"https:\/\/ba-cup.com\/new\/?page_id=1872"},"modified":"2025-01-24T15:42:49","modified_gmt":"2025-01-24T18:42:49","slug":"android_pt","status":"publish","type":"page","link":"https:\/\/ba-cup.com\/new\/pt\/android_pt\/","title":{"rendered":"android(pt translation)"},"content":{"rendered":"<div class=\"wpb-content-wrapper\"><p>[vc_row css_animation=\u00bb\u00bb row_type=\u00bbrow\u00bb use_row_as_full_screen_section=\u00bbno\u00bb type=\u00bbfull_width\u00bb angled_section=\u00bbno\u00bb text_align=\u00bbleft\u00bb background_image_as_pattern=\u00bbwithout_pattern\u00bb][vc_column][vc_single_image image=\u00bb787&#8243; img_size=\u00bbfull\u00bb qode_css_animation=\u00bb\u00bb][\/vc_column][\/vc_row][vc_row css_animation=\u00bb\u00bb row_type=\u00bbrow\u00bb use_row_as_full_screen_section=\u00bbno\u00bb type=\u00bbfull_width\u00bb angled_section=\u00bbno\u00bb text_align=\u00bbleft\u00bb background_image_as_pattern=\u00bbwithout_pattern\u00bb][vc_column][vc_empty_space][vc_row_inner row_type=\u00bbrow\u00bb type=\u00bbgrid\u00bb text_align=\u00bbleft\u00bb css_animation=\u00bb\u00bb][vc_column_inner width=\u00bb1\/2&#8243;][vc_column_text]<\/p>\n<h3>Como Instalar o Aplicativo BA Cup<\/h3>\n<p>[\/vc_column_text][vc_column_text]Na maioria dos casos, o Android tem a op\u00e7\u00e3o de instalar aplicativos de fontes desconhecidas desativada. Isso inclui todos os aplicativos que n\u00e3o s\u00e3o instalados atrav\u00e9s do Google Play. Para ativ\u00e1-la, v\u00e1 para as <strong>Configura\u00e7\u00f5es<\/strong> do Android e, em seguida, toque em <strong>Seguran\u00e7a<\/strong>.<\/p>\n<p>Dentro do menu de Seguran\u00e7a, ative o interruptor ao lado de <strong>Fontes desconhecidas<\/strong>. O Google exibir\u00e1 um aviso sobre os poss\u00edveis riscos de instalar aplicativos de fontes desconhecidas. Toque em <strong>OK<\/strong> para confirmar e habilitar a op\u00e7\u00e3o.[\/vc_column_text][vc_empty_space][\/vc_column_inner][vc_column_inner width=\u00bb1\/2&#8243;][vc_single_image image=\u00bb926&#8243; img_size=\u00bbmedium\u00bb alignment=\u00bbcenter\u00bb qode_css_animation=\u00bb\u00bb][\/vc_column_inner][\/vc_row_inner][vc_empty_space][vc_row_inner row_type=\u00bbrow\u00bb type=\u00bbgrid\u00bb text_align=\u00bbleft\u00bb css_animation=\u00bb\u00bb][vc_column_inner width=\u00bb1\/2&#8243;][vc_column_text]Agora, fa\u00e7a o download do APK da BA Cup para acessar todas as informa\u00e7\u00f5es sobre o torneio.<br \/>\nQuando o aplicativo for baixado, voc\u00ea ver\u00e1 uma notifica\u00e7\u00e3o. Abra o painel de notifica\u00e7\u00f5es e toque no nome do APK baixado.<\/p>\n<p>Se a op\u00e7\u00e3o \u00abFontes desconhecidas\u00bb estiver ativada, aparecer\u00e1 uma tela de informa\u00e7\u00f5es mostrando as permiss\u00f5es que o aplicativo acessar\u00e1 no seu dispositivo. Toque em <strong>Instalar<\/strong> para continuar com a instala\u00e7\u00e3o. Caso a op\u00e7\u00e3o n\u00e3o esteja ativada, voc\u00ea ver\u00e1 uma mensagem de erro e, em alguns casos, ser\u00e1 redirecionado automaticamente para as configura\u00e7\u00f5es de seguran\u00e7a para ativ\u00e1-la.[\/vc_column_text][vc_empty_space]<a  itemprop=\"url\" href=\"https:\/\/ba-cup.com\/bacup.apk\" target=\"_self\"  class=\"qbutton  medium center default\" style=\"\">BAIXAR ARQUIVO APK<\/a>[vc_empty_space][\/vc_column_inner][vc_column_inner width=\u00bb1\/2&#8243;][vc_single_image image=\u00bb929&#8243; img_size=\u00bbmedium\u00bb alignment=\u00bbcenter\u00bb qode_css_animation=\u00bb\u00bb][\/vc_column_inner][\/vc_row_inner][vc_empty_space][\/vc_column][\/vc_row]<\/p>\n<\/div>","protected":false},"excerpt":{"rendered":"<p>[vc_row css_animation=\u00bb\u00bb row_type=\u00bbrow\u00bb use_row_as_full_screen_section=\u00bbno\u00bb type=\u00bbfull_width\u00bb angled_section=\u00bbno\u00bb text_align=\u00bbleft\u00bb background_image_as_pattern=\u00bbwithout_pattern\u00bb][vc_column][vc_single_image image=\u00bb787&#8243; img_size=\u00bbfull\u00bb qode_css_animation=\u00bb\u00bb][\/vc_column][\/vc_row][vc_row css_animation=\u00bb\u00bb row_type=\u00bbrow\u00bb use_row_as_full_screen_section=\u00bbno\u00bb type=\u00bbfull_width\u00bb angled_section=\u00bbno\u00bb text_align=\u00bbleft\u00bb background_image_as_pattern=\u00bbwithout_pattern\u00bb][vc_column][vc_empty_space][vc_row_inner row_type=\u00bbrow\u00bb type=\u00bbgrid\u00bb text_align=\u00bbleft\u00bb css_animation=\u00bb\u00bb][vc_column_inner width=\u00bb1\/2&#8243;][vc_column_text] Como Instalar o Aplicativo BA Cup [\/vc_column_text][vc_column_text]Na&#8230;<\/p>\n","protected":false},"author":2,"featured_media":0,"parent":0,"menu_order":0,"comment_status":"closed","ping_status":"closed","template":"full_width.php","meta":{"footnotes":""},"class_list":["post-1872","page","type-page","status-publish","hentry"],"_links":{"self":[{"href":"https:\/\/ba-cup.com\/new\/wp-json\/wp\/v2\/pages\/1872","targetHints":{"allow":["GET"]}}],"collection":[{"href":"https:\/\/ba-cup.com\/new\/wp-json\/wp\/v2\/pages"}],"about":[{"href":"https:\/\/ba-cup.com\/new\/wp-json\/wp\/v2\/types\/page"}],"author":[{"embeddable":true,"href":"https:\/\/ba-cup.com\/new\/wp-json\/wp\/v2\/users\/2"}],"replies":[{"embeddable":true,"href":"https:\/\/ba-cup.com\/new\/wp-json\/wp\/v2\/comments?post=1872"}],"version-history":[{"count":3,"href":"https:\/\/ba-cup.com\/new\/wp-json\/wp\/v2\/pages\/1872\/revisions"}],"predecessor-version":[{"id":1876,"href":"https:\/\/ba-cup.com\/new\/wp-json\/wp\/v2\/pages\/1872\/revisions\/1876"}],"wp:attachment":[{"href":"https:\/\/ba-cup.com\/new\/wp-json\/wp\/v2\/media?parent=1872"}],"curies":[{"name":"wp","href":"https:\/\/api.w.org\/{rel}","templated":true}]}}