{"id":794,"date":"2024-08-16T13:29:00","date_gmt":"2024-08-16T13:29:00","guid":{"rendered":"https:\/\/ba-cup.com\/new\/?page_id=794"},"modified":"2026-04-16T13:02:04","modified_gmt":"2026-04-16T16:02:04","slug":"francia","status":"publish","type":"page","link":"https:\/\/ba-cup.com\/new\/francia\/","title":{"rendered":"Francia"},"content":{"rendered":"<div class=\"wpb-content-wrapper\"><p>[vc_row css_animation=\u00bb\u00bb row_type=\u00bbrow\u00bb use_row_as_full_screen_section=\u00bbno\u00bb type=\u00bbfull_width\u00bb angled_section=\u00bbno\u00bb text_align=\u00bbleft\u00bb background_image_as_pattern=\u00bbwithout_pattern\u00bb css=\u00bb.vc_custom_1509370335068{padding-top: 90px !important;}\u00bb][vc_column width=\u00bb1\/2&#8243;][vc_single_image image=\u00bb800&#8243; img_size=\u00bbfull\u00bb qode_css_animation=\u00bb\u00bb][\/vc_column][vc_column width=\u00bb1\/2&#8243;][\/vc_column][\/vc_row][vc_row css_animation=\u00bb\u00bb row_type=\u00bbrow\u00bb use_row_as_full_screen_section=\u00bbno\u00bb type=\u00bbgrid\u00bb angled_section=\u00bbno\u00bb text_align=\u00bbleft\u00bb background_image_as_pattern=\u00bbwithout_pattern\u00bb css=\u00bb.vc_custom_1509370394256{padding-bottom: 50px !important;}\u00bb][vc_column css=\u00bb.vc_custom_1509370304637{margin-top: -10% !important;}\u00bb][qode_elements_holder number_of_columns=\u00bbone_column\u00bb][qode_elements_holder_item advanced_animations=\u00bbno\u00bb item_padding=\u00bb0 35% 0 0&#8243; item_padding_1024_1280=\u00bb0 22% 0 0&#8243; item_padding_768_1024=\u00bb0 19% 0 0&#8243; item_padding_600_768=\u00bb0 0 0 0&#8243; item_padding_480_600=\u00bb0 0 0 0&#8243; item_padding_480=\u00bb0 0 0 0&#8243;][vc_empty_space height=\u00bb50px\u00bb][vc_column_text]<\/p>\n<h2><span style=\"color: #ff0000;\">Juega la copa Paris.<\/span> <span style=\"color: #333399;\">Vive la experiencia del f\u00fatbol europeo.<\/span><\/h2>\n<p>[\/vc_column_text][\/qode_elements_holder_item][\/qode_elements_holder][\/vc_column][\/vc_row][vc_row css_animation=\u00bb\u00bb row_type=\u00bbrow\u00bb use_row_as_full_screen_section=\u00bbno\u00bb type=\u00bbgrid\u00bb angled_section=\u00bbno\u00bb text_align=\u00bbleft\u00bb background_image_as_pattern=\u00bbwithout_pattern\u00bb css=\u00bb.vc_custom_1508320369750{padding-top: 15px !important;padding-bottom: 90px !important;}\u00bb][vc_column offset=\u00bbvc_col-lg-4 vc_col-md-4 vc_col-xs-12&#8243;][vc_single_image image=\u00bb798&#8243; img_size=\u00bbfull\u00bb qode_css_animation=\u00bb\u00bb][vc_empty_space height=\u00bb22px\u00bb][vc_column_text]<\/p>\n<h3><span style=\"color: #333399;\">JUEGA EN MAYO 2026<\/span><\/h3>\n<p>[\/vc_column_text][vc_column_text]<\/p>\n<div class=\"page\" title=\"Page 1\">\n<div class=\"layoutArea\">\n<div class=\"column\">\n<h3><span style=\"color: #333399;\">21 al 26 de Mayo<\/span><\/h3>\n<\/div>\n<\/div>\n<\/div>\n<p>[\/vc_column_text][vc_empty_space height=\u00bb22px\u00bb][vc_column_text]<\/p>\n<div class=\"page\" title=\"Page 1\">\n<div class=\"layoutArea\">\n<div class=\"column\">\n<p>Ven a Pari\u0301s a jugar la copa BA Cup en Par\u00eds. Experimenta jugar en el f\u00fatbol europeo.<\/p>\n<\/div>\n<\/div>\n<\/div>\n<p>[\/vc_column_text][vc_empty_space height=\u00bb22px\u00bb]<a  itemprop=\"url\" href=\"https:\/\/ba-cup.com\/new\/registro-paris\/\" target=\"_self\" data-hover-background-color=\"#1aadb2\" data-hover-color=\"#ffffff\" class=\"qbutton  big_large center default\" style=\"color: #ffffff; background-color:#23c8db;\">INSCRIBETE<\/a>[vc_empty_space height=\u00bb40px\u00bb][\/vc_column][vc_column offset=\u00bbvc_col-lg-4 vc_col-md-4 vc_col-xs-12&#8243;][vc_single_image image=\u00bb799&#8243; img_size=\u00bbfull\u00bb qode_css_animation=\u00bb\u00bb][vc_empty_space height=\u00bb22px\u00bb][vc_column_text]<\/p>\n<h3><span style=\"color: #333399;\">VISITA EL PSG<\/span><\/h3>\n<p>[\/vc_column_text][vc_empty_space height=\u00bb22px\u00bb][vc_column_text]<span style=\"color: #666666;\">Juega 2 copas en una semana. Vive la m\u00e1xima experiencia del f\u00fatbol en Paris. Juega en el PSG -Paris Saint Germain.<\/span>[\/vc_column_text][vc_empty_space height=\u00bb22px\u00bb][vc_empty_space height=\u00bb40px\u00bb][\/vc_column][vc_column offset=\u00bbvc_col-lg-4 vc_col-md-4 vc_col-xs-12&#8243;][vc_single_image image=\u00bb2212&#8243; img_size=\u00bbfull\u00bb alignment=\u00bbcenter\u00bb qode_css_animation=\u00bb\u00bb][vc_empty_space height=\u00bb20px\u00bb][\/vc_column][\/vc_row][vc_row css_animation=\u00bb\u00bb row_type=\u00bbrow\u00bb use_row_as_full_screen_section=\u00bbno\u00bb type=\u00bbgrid\u00bb angled_section=\u00bbno\u00bb text_align=\u00bbleft\u00bb background_image_as_pattern=\u00bbwithout_pattern\u00bb css=\u00bb.vc_custom_1726664544728{padding-bottom: 60px !important;}\u00bb z_index=\u00bb\u00bb][vc_column offset=\u00bbvc_col-lg-4 vc_col-md-4 vc_col-xs-12&#8243;]<div class=\"qode_video_box\">\n\t<a itemprop=\"image\" class=\"qode_video_image\" href=\"https:\/\/www.youtube.com\/watch?v=y5DGNMvV3FE\" data-rel=\"prettyPhoto\">\n\t\t\t\t\t<img loading=\"lazy\" decoding=\"async\" width=\"600\" height=\"780\" src=\"https:\/\/ba-cup.com\/new\/wp-content\/uploads\/2024\/08\/copa-paris.jpg\" class=\"attachment-full size-full\" alt=\"\" srcset=\"https:\/\/ba-cup.com\/new\/wp-content\/uploads\/2024\/08\/copa-paris.jpg 600w, https:\/\/ba-cup.com\/new\/wp-content\/uploads\/2024\/08\/copa-paris-231x300.jpg 231w\" sizes=\"auto, (max-width: 600px) 100vw, 600px\" \/>\t\t\t<span class=\"qode_video_box_button_holder\">\n\t\t\t\t<span class=\"qode_video_box_button\">\n\t\t\t\t\t<span class=\"qode_video_box_button_arrow\">\n\t\t\t\t\t<\/span>\n\t\t\t\t<\/span>\n\t\t\t<\/span>\n\t\t\t<\/a>\n<\/div>[vc_empty_space height=\u00bb40px\u00bb][\/vc_column][vc_column offset=\u00bbvc_col-lg-8 vc_col-md-8 vc_col-xs-12&#8243; css=\u00bb.vc_custom_1723735780679{padding-left: 55px !important;}\u00bb][vc_empty_space height=\u00bb40px\u00bb][vc_column_text]<\/p>\n<h2><span style=\"color: #00ccff;\"><span style=\"caret-color: #e03131;\"><span style=\"color: #333399;\">Todos quieren levantar <span style=\"color: #ff0000;\">la copa en PARIS.<\/span><\/span><\/span><\/span><\/h2>\n<p>[\/vc_column_text][vc_empty_space height=\u00bb25px\u00bb][vc_column_text]<\/p>\n<div class=\"page\" title=\"Page 2\">\n<div class=\"layoutArea\">\n<div class=\"column\">\n<div class=\"page\" title=\"Page 2\">\n<div class=\"layoutArea\">\n<div class=\"column\">\n<h4>BA Cup Pari\u0301s te brinda la oportunidad de jugar contra equipos de todos los continentes, permitie\u0301ndote ganar experiencia y roce internacional.<\/h4>\n<h4>Adema\u0301s de ofrecerte una copa de primer nivel, Pari\u0301s es la Capital mundial de la cultura donde puedes navegar el Ri\u0301o Sena, conocer la mi\u0301tica catedral de Notre Dame, subir a la torre Eiffel y disfrutar la vista panora\u0301mica de la famosa Ciudad de la Luz. BA Cup Pari\u0301s combina la pasio\u0301n del fu\u0301tbol, la cultura, y la diversio\u0301n en esta experiencia inolvidable.<\/h4>\n<h4>Te esperamos. A\u0300 biento\u0302t!<\/h4>\n<\/div>\n<\/div>\n<\/div>\n<\/div>\n<\/div>\n<\/div>\n<p>[\/vc_column_text][\/vc_column][\/vc_row][vc_row css_animation=\u00bb\u00bb row_type=\u00bbrow\u00bb use_row_as_full_screen_section=\u00bbno\u00bb type=\u00bbgrid\u00bb angled_section=\u00bbno\u00bb text_align=\u00bbleft\u00bb background_image_as_pattern=\u00bbwithout_pattern\u00bb z_index=\u00bb\u00bb][vc_column][vc_row_inner row_type=\u00bbrow\u00bb type=\u00bbfull_width\u00bb text_align=\u00bbcenter\u00bb css_animation=\u00bb\u00bb][vc_column_inner width=\u00bb1\/3&#8243;]<div class='service_table_holder'><ul class='service_table_inner'><li class='service_table_title_holder background_color_type' style='background-color: #1e73be;'><div class='service_table_title_inner'><div class='service_table_title_inner2'><h3 class='service_title' style='color: #ffffff;'>CATEGOR\u00cdAS<\/h3><\/div><\/div><\/li><li class='service_table_content' style=''><\/p>\n<ul>\n<li>2019-2020 \u00a08vs8<\/li>\n<li>2017-2018 \u00a08vs8<\/li>\n<li>2015-2016 \u00a08vs8<\/li>\n<li>2013-2014 \u00a011vs11<\/li>\n<li>2011-2012 \u00a011vs11<\/li>\n<li>08-09-10 \u00a011vs11<\/li>\n<\/ul>\n<p><\/li><\/ul><\/div>[vc_empty_space][\/vc_column_inner][vc_column_inner width=\u00bb1\/3&#8243;][vc_single_image image=\u00bb1784&#8243; img_size=\u00bbfull\u00bb qode_css_animation=\u00bb\u00bb][\/vc_column_inner][vc_column_inner width=\u00bb1\/3&#8243;][vc_single_image image=\u00bb2319&#8243; img_size=\u00bbfull\u00bb css=\u00bb\u00bb qode_css_animation=\u00bb\u00bb][\/vc_column_inner][\/vc_row_inner][\/vc_column][\/vc_row][vc_row css_animation=\u00bb\u00bb row_type=\u00bbrow\u00bb use_row_as_full_screen_section=\u00bbno\u00bb type=\u00bbfull_width\u00bb angled_section=\u00bbno\u00bb text_align=\u00bbleft\u00bb video=\u00bbshow_video\u00bb background_image_as_pattern=\u00bbwithout_pattern\u00bb background_image=\u00bb796&#8243; z_index=\u00bb\u00bb video_mp4=\u00bbhttps:\/\/ba-cup.com\/new\/wp-content\/uploads\/2024\/08\/francia.mp4&#8243;][vc_column][vc_row_inner row_type=\u00bbrow\u00bb type=\u00bbfull_width\u00bb text_align=\u00bbcenter\u00bb css_animation=\u00bb\u00bb css=\u00bb.vc_custom_1726664869091{padding-top: 10% !important;padding-bottom: 10% !important;}\u00bb side_padding=\u00bb2&#8243;][vc_column_inner width=\u00bb1\/2&#8243; css=\u00bb.vc_custom_1508831572827{padding-right: 31% !important;}\u00bb offset=\u00bbvc_col-lg-3 vc_col-md-3 vc_col-xs-12&#8243;]<div class=\"q_counter_holder  left\" style=\"\" data-digit=\"6\"><span class=\"counter  zero\" style=\"color: #ffffff;font-size: 70px;font-weight: 700;\">6<\/span><p class=\"counter_text\" style=\"font-size: 25px;font-weight: 700;text-transform: none;color: #ffffff;\">D\u00edas todo incluido en Paris<\/p><\/div>[vc_empty_space height=\u00bb30px\u00bb][\/vc_column_inner][vc_column_inner width=\u00bb1\/2&#8243; css=\u00bb.vc_custom_1508831577749{padding-right: 31% !important;}\u00bb offset=\u00bbvc_col-lg-3 vc_col-md-3 vc_col-xs-12&#8243;]<div class=\"q_counter_holder  left\" style=\"\" data-digit=\"4\"><span class=\"counter  zero\" style=\"color: #ffffff;font-size: 70px;font-weight: 700;\">4<\/span><p class=\"counter_text\" style=\"font-size: 25px;font-weight: 700;text-transform: none;color: #ffffff;\">Partidos asegurados con los mejores equipos<\/p><\/div>[vc_empty_space height=\u00bb30px\u00bb][\/vc_column_inner][vc_column_inner width=\u00bb1\/2&#8243; css=\u00bb.vc_custom_1508831582810{padding-right: 31% !important;}\u00bb offset=\u00bbvc_col-lg-3 vc_col-md-3 vc_col-xs-12&#8243;]<div class=\"q_counter_holder  left\" style=\"\" data-digit=\"+500\"><span class=\"counter  zero\" style=\"color: #ffffff;font-size: 70px;font-weight: 700;\">+500<\/span><p class=\"counter_text\" style=\"font-size: 25px;font-weight: 700;text-transform: none;color: #ffffff;\">Jugadores de todas las categorias<\/p><\/div>[vc_empty_space height=\u00bb30px\u00bb][\/vc_column_inner][vc_column_inner width=\u00bb1\/2&#8243; css=\u00bb.vc_custom_1508831587024{padding-right: 31% !important;}\u00bb offset=\u00bbvc_col-lg-3 vc_col-md-3 vc_col-xs-12&#8243;]<div class=\"q_counter_holder  left\" style=\"\" data-digit=\"5\"><span class=\"counter  zero\" style=\"color: #ffffff;font-size: 70px;font-weight: 700;\">5<\/span><p class=\"counter_text\" style=\"font-size: 25px;font-weight: 700;text-transform: none;color: #ffffff;\">Tours y visitas por Paris<\/p><\/div>[vc_empty_space height=\u00bb30px\u00bb][\/vc_column_inner][\/vc_row_inner][\/vc_column][\/vc_row][vc_row css_animation=\u00bb\u00bb row_type=\u00bbrow\u00bb use_row_as_full_screen_section=\u00bbno\u00bb type=\u00bbfull_width\u00bb angled_section=\u00bbno\u00bb text_align=\u00bbleft\u00bb background_image_as_pattern=\u00bbwithout_pattern\u00bb][vc_column width=\u00bb1\/2&#8243;][vc_empty_space height=\u00bb22px\u00bb][vc_empty_space height=\u00bb22px\u00bb][\/vc_column][vc_column width=\u00bb1\/2&#8243;][\/vc_column][\/vc_row][vc_row css_animation=\u00bb\u00bb row_type=\u00bbrow\u00bb use_row_as_full_screen_section=\u00bbno\u00bb type=\u00bbfull_width\u00bb angled_section=\u00bbno\u00bb text_align=\u00bbleft\u00bb background_image_as_pattern=\u00bbwithout_pattern\u00bb][vc_column width=\u00bb1\/2&#8243;][vc_single_image image=\u00bb813&#8243; img_size=\u00bbfull\u00bb qode_css_animation=\u00bb\u00bb][\/vc_column][vc_column width=\u00bb1\/2&#8243;][\/vc_column][\/vc_row][vc_row css_animation=\u00bb\u00bb row_type=\u00bbrow\u00bb use_row_as_full_screen_section=\u00bbno\u00bb type=\u00bbgrid\u00bb angled_section=\u00bbno\u00bb text_align=\u00bbleft\u00bb background_image_as_pattern=\u00bbwithout_pattern\u00bb css=\u00bb.vc_custom_1508329908284{padding-bottom: 45px !important;}\u00bb][vc_column css=\u00bb.vc_custom_1724710429142{margin-top: -3% !important;}\u00bb offset=\u00bbvc_col-lg-6 vc_col-md-6 vc_col-xs-12&#8243;][vc_column_text]<\/p>\n<h2><span style=\"color: #000000;\"><span style=\"caret-color: #e03131;\"><span style=\"color: #333399;\">Vive la experiencia del<\/span> <span style=\"color: #ff0000;\">PSG DAY<\/span> <span style=\"color: #333399;\">BA Cup.\u00a0<\/span><\/span><\/span><\/h2>\n<p>[\/vc_column_text][\/vc_column][vc_column width=\u00bb1\/2&#8243;][\/vc_column][\/vc_row][vc_row css_animation=\u00bb\u00bb row_type=\u00bbrow\u00bb use_row_as_full_screen_section=\u00bbno\u00bb type=\u00bbgrid\u00bb angled_section=\u00bbno\u00bb text_align=\u00bbleft\u00bb background_image_as_pattern=\u00bbwithout_pattern\u00bb z_index=\u00bb\u00bb][vc_column width=\u00bb1\/2&#8243;][vc_single_image image=\u00bb803&#8243; img_size=\u00bbfull\u00bb qode_css_animation=\u00bb\u00bb][vc_empty_space][\/vc_column][vc_column width=\u00bb1\/2&#8243;][vc_column_text]<\/p>\n<h3><span style=\"color: #333399;\">Descubre la magia del f\u00fatbol en el coraz\u00f3n de Par\u00eds: una experiencia inolvidable en el Urban Soccer, el lugar de entrenamiento oficial de las escuelas del PSG.<\/span><\/h3>\n<p>[\/vc_column_text][vc_empty_space][vc_column_text]<\/p>\n<div class=\"page\" title=\"Page 2\">\n<div class=\"layoutArea\">\n<div class=\"column\">\n<div class=\"page\" title=\"Page 5\">\n<div class=\"section\">\n<div class=\"layoutArea\">\n<div class=\"column\">\n<p>Este viaje no es solo una oportunidad para mejorar tu juego, sino para experimentar el verdadero esp\u00edritu del f\u00fatbol franc\u00e9s. En el Urban Soccer, te sumergir\u00e1s en la atm\u00f3sfera vibrante de uno de los clubes m\u00e1s ic\u00f3nicos del mundo, el Paris Saint-Germain (PSG). No solo estar\u00e1s en un lugar de renombre, sino que participar\u00e1s en la Copa de F\u00fatbol R\u00e1pido BA Cup PSG, compitiendo cara a cara contra academias parisinas que representan lo mejor del talento juvenil de la ciudad.<\/p>\n<\/div>\n<\/div>\n<\/div>\n<\/div>\n<\/div>\n<\/div>\n<\/div>\n<p>[\/vc_column_text][\/vc_column][\/vc_row][vc_row css_animation=\u00bb\u00bb row_type=\u00bbrow\u00bb use_row_as_full_screen_section=\u00bbno\u00bb type=\u00bbfull_width\u00bb angled_section=\u00bbno\u00bb text_align=\u00bbleft\u00bb background_image_as_pattern=\u00bbwithout_pattern\u00bb][vc_column][vc_empty_space][\/vc_column][\/vc_row][vc_row css_animation=\u00bb\u00bb row_type=\u00bbrow\u00bb use_row_as_full_screen_section=\u00bbno\u00bb type=\u00bbfull_width\u00bb angled_section=\u00bbno\u00bb text_align=\u00bbcenter\u00bb video=\u00bbshow_video\u00bb background_image_as_pattern=\u00bbwithout_pattern\u00bb background_image=\u00bb818&#8243; z_index=\u00bb\u00bb video_mp4=\u00bbhttps:\/\/ba-cup.com\/new\/wp-content\/uploads\/2024\/08\/francia_psg.mp4&#8243;][vc_column width=\u00bb1\/4&#8243;][\/vc_column][vc_column width=\u00bb1\/2&#8243; css=\u00bb.vc_custom_1724249195602{padding-top: 10% !important;padding-bottom: 10% !important;}\u00bb][vc_empty_space][vc_column_text]<\/p>\n<h2 style=\"text-align: center;\"><span style=\"color: #ffffff;\">La emocionante oportunidad de jugar en el f\u00fatbol europeo<\/span><\/h2>\n<p>[\/vc_column_text][vc_empty_space]<a  itemprop=\"url\" href=\"https:\/\/ba-cup.com\/new\/registro-paris\/\" target=\"_self\" data-hover-background-color=\"#1aadb2\" data-hover-color=\"#ffffff\" class=\"qbutton  big_large center default\" style=\"color: #ffffff; background-color:#23c8db;\">INSCRIBETE<\/a>[vc_empty_space][vc_empty_space][\/vc_column][vc_column width=\u00bb1\/4&#8243;][\/vc_column][\/vc_row][vc_row css_animation=\u00bb\u00bb row_type=\u00bbrow\u00bb use_row_as_full_screen_section=\u00bbno\u00bb type=\u00bbgrid\u00bb angled_section=\u00bbno\u00bb text_align=\u00bbleft\u00bb background_image_as_pattern=\u00bbwithout_pattern\u00bb background_color=\u00bb#f2f2f2&#8243; css=\u00bb.vc_custom_1508398670843{padding-top: 145px !important;padding-bottom: 145px !important;}\u00bb][vc_column][vc_column_text]<\/p>\n<h2><span style=\"color: #333399;\">As\u00ed ser\u00e1n tus d\u00edas en la copa de Par\u00eds:<\/span><\/h2>\n<p>[\/vc_column_text][vc_empty_space height=\u00bb12px\u00bb][vc_empty_space height=\u00bb12px\u00bb][qode_content_slider direction_nav=\u00bbyes\u00bb control_nav=\u00bbno\u00bb control_nav_justify=\u00bbno\u00bb][qode_content_slider_item][qode_elements_holder number_of_columns=\u00bbtwo_columns\u00bb columns_proportion=\u00bb66_33&#8243;][qode_elements_holder_item advanced_animations=\u00bbno\u00bb][vc_single_image image=\u00bb804&#8243; img_size=\u00bbfull\u00bb qode_css_animation=\u00bb\u00bb][\/qode_elements_holder_item][qode_elements_holder_item advanced_animations=\u00bbno\u00bb background_image=\u00bb734&#8243; item_padding=\u00bb75px 40px 160px 65px\u00bb item_padding_1280_1440=\u00bb74px 40px 160px 65px\u00bb item_padding_1024_1280=\u00bb50px 40px 121px 40px\u00bb item_padding_768_1024=\u00bb30px 30px 21px 30px\u00bb item_padding_600_768=\u00bb100px 120px 100px 50px\u00bb item_padding_480_600=\u00bb100px 40px 100px 65px\u00bb item_padding_480=\u00bb30px 30px 80px 30px\u00bb][vc_column_text]<\/p>\n<h3><span style=\"color: #ff0000;\">D\u00eda 1:<\/span><\/h3>\n<h3>Reuni\u00f3n de t\u00e9cnicos. Control de edad y acreditaciones. Conocemos el emblem\u00e1tico metro parisino y hacemos un Walking tour hasta el Arco del Triunfo.<\/h3>\n<p>[\/vc_column_text][vc_empty_space height=\u00bb34px\u00bb][\/qode_elements_holder_item][\/qode_elements_holder][\/qode_content_slider_item][qode_content_slider_item][qode_elements_holder number_of_columns=\u00bbtwo_columns\u00bb columns_proportion=\u00bb66_33&#8243;][qode_elements_holder_item advanced_animations=\u00bbno\u00bb][vc_single_image image=\u00bb803&#8243; img_size=\u00bbfull\u00bb qode_css_animation=\u00bb\u00bb][\/qode_elements_holder_item][qode_elements_holder_item advanced_animations=\u00bbno\u00bb background_image=\u00bb735&#8243; item_padding=\u00bb75px 35px 160px 65px\u00bb item_padding_1280_1440=\u00bb75px 40px 160px 65px\u00bb item_padding_1024_1280=\u00bb50px 40px 121px 40px\u00bb item_padding_768_1024=\u00bb30px 30px 21px 30px\u00bb item_padding_600_768=\u00bb100px 120px 100px 50px\u00bb item_padding_480_600=\u00bb100px 40px 100px 65px\u00bb item_padding_480=\u00bb30px 30px 160px 30px\u00bb][vc_column_text]<\/p>\n<h3><span style=\"color: #ff0000;\">D\u00eda 2:<\/span><\/h3>\n<h3>Visitamos el estadio, museo del PSG y el Par\u00eds Saint Germain Megastore.<br \/>\nVamos a Urban Soccer, lugar de entrenamiento de las escuelas oficiales del PSG. Jugamos vs academias parisinas la copa de f\u00fatbol r\u00e1pido BA Cup PSG.<\/h3>\n<p>[\/vc_column_text][vc_empty_space height=\u00bb34px\u00bb][\/qode_elements_holder_item][\/qode_elements_holder][\/qode_content_slider_item][qode_content_slider_item][qode_elements_holder number_of_columns=\u00bbtwo_columns\u00bb columns_proportion=\u00bb66_33&#8243;][qode_elements_holder_item advanced_animations=\u00bbno\u00bb][vc_single_image image=\u00bb855&#8243; img_size=\u00bbfull\u00bb qode_css_animation=\u00bb\u00bb][\/qode_elements_holder_item][qode_elements_holder_item advanced_animations=\u00bbno\u00bb background_image=\u00bb736&#8243; item_padding=\u00bb75px 35px 160px 65px\u00bb item_padding_1280_1440=\u00bb75px 40px 160px 65px\u00bb item_padding_1024_1280=\u00bb50px 40px 121px 40px\u00bb item_padding_768_1024=\u00bb30px 30px 21px 30px\u00bb item_padding_600_768=\u00bb100px 120px 100px 50px\u00bb item_padding_480_600=\u00bb100px 40px 100px 65px\u00bb item_padding_480=\u00bb30px 30px 160px 30px\u00bb][vc_column_text]<\/p>\n<h3><span style=\"color: #ff0000;\">D\u00eda 3:<\/span><\/h3>\n<h3>\u00a1Ahora si! estamos listos para nuestro primer d\u00eda de competencia de la BA Cup Paris. Los participantes tendr\u00e1n la oportunidad de jugar la copa en el Club Deportivo Meaux, legendario club formador de estrellas francesas, ubicado en el pintoresco pueblo de Meaux en las campi\u00f1as francesas.<\/h3>\n<p>[\/vc_column_text][vc_empty_space height=\u00bb34px\u00bb][\/qode_elements_holder_item][\/qode_elements_holder][\/qode_content_slider_item][qode_content_slider_item][qode_elements_holder number_of_columns=\u00bbtwo_columns\u00bb columns_proportion=\u00bb66_33&#8243;][qode_elements_holder_item advanced_animations=\u00bbno\u00bb][vc_single_image image=\u00bb807&#8243; img_size=\u00bbfull\u00bb qode_css_animation=\u00bb\u00bb][\/qode_elements_holder_item][qode_elements_holder_item advanced_animations=\u00bbno\u00bb background_image=\u00bb737&#8243; item_padding=\u00bb75px 35px 160px 65px\u00bb item_padding_1280_1440=\u00bb75px 40px 160px 65px\u00bb item_padding_1024_1280=\u00bb50px 40px 121px 40px\u00bb item_padding_768_1024=\u00bb30px 30px 21px 30px\u00bb item_padding_600_768=\u00bb100px 120px 100px 50px\u00bb item_padding_480_600=\u00bb100px 40px 100px 65px\u00bb item_padding_480=\u00bb30px 30px 160px 30px\u00bb][vc_column_text]<\/p>\n<h3><span style=\"color: #ff0000;\">D\u00eda 4:<\/span><\/h3>\n<h3>Conquista Europa levantando la copa BA Cup en Paris!<\/h3>\n<p>[\/vc_column_text][vc_empty_space height=\u00bb34px\u00bb][\/qode_elements_holder_item][\/qode_elements_holder][\/qode_content_slider_item][qode_content_slider_item][qode_elements_holder number_of_columns=\u00bbtwo_columns\u00bb columns_proportion=\u00bb66_33&#8243;][qode_elements_holder_item advanced_animations=\u00bbno\u00bb][vc_single_image image=\u00bb809&#8243; img_size=\u00bbfull\u00bb qode_css_animation=\u00bb\u00bb][\/qode_elements_holder_item][qode_elements_holder_item advanced_animations=\u00bbno\u00bb background_image=\u00bb738&#8243; item_padding=\u00bb75px 35px 160px 65px\u00bb item_padding_1280_1440=\u00bb75px 40px 160px 65px\u00bb item_padding_1024_1280=\u00bb50px 40px 121px 40px\u00bb item_padding_768_1024=\u00bb30px 30px 21px 30px\u00bb item_padding_600_768=\u00bb100px 120px 100px 50px\u00bb item_padding_480_600=\u00bb100px 40px 100px 65px\u00bb item_padding_480=\u00bb30px 30px 160px 30px\u00bb][vc_column_text]<\/p>\n<h3><span style=\"color: #ff0000;\">D\u00eda 5:<\/span><\/h3>\n<h3>D\u00eda libre para seguir disfrutando de Par\u00eds. Traslado al aeropuerto. Vuelo de regreso a su pa\u00eds con recuerdos inolvidables.<\/h3>\n<p>[\/vc_column_text][vc_empty_space height=\u00bb34px\u00bb][\/qode_elements_holder_item][\/qode_elements_holder][\/qode_content_slider_item][\/qode_content_slider][\/vc_column][\/vc_row][vc_row css_animation=\u00bb\u00bb row_type=\u00bbrow\u00bb use_row_as_full_screen_section=\u00bbno\u00bb type=\u00bbfull_width\u00bb angled_section=\u00bbno\u00bb text_align=\u00bbleft\u00bb background_image_as_pattern=\u00bbwithout_pattern\u00bb background_image=\u00bb681&#8243; z_index=\u00bb\u00bb][vc_column]<div class=\"qode-advanced-call-to-action\" style=\"height:168px\">\n\t<a class=\"advanced-cta-link\" href=\"https:\/\/ba-cup.com\/new\/registro-paris\/\" target=\"_self\"><\/a>\n\t<div class=\"qode-advanced-cta-content\">\t\t\n\t    <span class=\"qode-advanced-cta-text-holder\" style=\"color:#ffffff;font-size:25px\">\n\t\t    Registrate ahora\t    <\/span>\n\t    <span class=\"qode-advanced-cta-icon-holder\" style=\"color:#ffffff;font-size:38px;font-weight:600;height:45px;width:45px\">\n\t\t    <span class=\"qode-advanced-cta-icon-holder-table\">\n\t\t    \t<span class=\"qode-advanced-cta-icon-holder-cell\" >\n\t\t\t    \t<span aria-hidden=\"true\" class=\"qode_icon_font_elegant arrow_right qode-advanced-cta-icon\" ><\/span>\t\t\t    <\/span>\n\t\t    <\/span>\n\t\t    \t    <\/span>\n\t<\/div>\n\t\t\t<div class=\"qode-advanced-cta-background-holder\">\n\t\t\t<span class=\"qode-advanced-cta-background-1 qode-type1-gradient-left-to-right\"><\/span>\n\t\t\t<span class=\"qode-advanced-cta-background-2 qode-type1-gradient-left-to-right\"><\/span>\n\t\t\t<span class=\"qode-advanced-cta-background-3\"><\/span>\n\t\t<\/div>\n\t<\/div>[\/vc_column][\/vc_row]<\/p>\n<\/div>","protected":false},"excerpt":{"rendered":"<p>[vc_row css_animation=\u00bb\u00bb row_type=\u00bbrow\u00bb use_row_as_full_screen_section=\u00bbno\u00bb type=\u00bbfull_width\u00bb angled_section=\u00bbno\u00bb text_align=\u00bbleft\u00bb background_image_as_pattern=\u00bbwithout_pattern\u00bb css=\u00bb.vc_custom_1509370335068{padding-top: 90px !important;}\u00bb][vc_column width=\u00bb1\/2&#8243;][vc_single_image image=\u00bb800&#8243; img_size=\u00bbfull\u00bb qode_css_animation=\u00bb\u00bb][\/vc_column][vc_column width=\u00bb1\/2&#8243;][\/vc_column][\/vc_row][vc_row css_animation=\u00bb\u00bb row_type=\u00bbrow\u00bb use_row_as_full_screen_section=\u00bbno\u00bb type=\u00bbgrid\u00bb angled_section=\u00bbno\u00bb text_align=\u00bbleft\u00bb background_image_as_pattern=\u00bbwithout_pattern\u00bb css=\u00bb.vc_custom_1509370394256{padding-bottom: 50px !important;}\u00bb][vc_column css=\u00bb.vc_custom_1509370304637{margin-top: -10% !important;}\u00bb][qode_elements_holder number_of_columns=\u00bbone_column\u00bb][qode_elements_holder_item&#8230;<\/p>\n","protected":false},"author":2,"featured_media":0,"parent":0,"menu_order":0,"comment_status":"closed","ping_status":"closed","template":"full_width.php","meta":{"footnotes":""},"class_list":["post-794","page","type-page","status-publish","hentry"],"_links":{"self":[{"href":"https:\/\/ba-cup.com\/new\/wp-json\/wp\/v2\/pages\/794","targetHints":{"allow":["GET"]}}],"collection":[{"href":"https:\/\/ba-cup.com\/new\/wp-json\/wp\/v2\/pages"}],"about":[{"href":"https:\/\/ba-cup.com\/new\/wp-json\/wp\/v2\/types\/page"}],"author":[{"embeddable":true,"href":"https:\/\/ba-cup.com\/new\/wp-json\/wp\/v2\/users\/2"}],"replies":[{"embeddable":true,"href":"https:\/\/ba-cup.com\/new\/wp-json\/wp\/v2\/comments?post=794"}],"version-history":[{"count":32,"href":"https:\/\/ba-cup.com\/new\/wp-json\/wp\/v2\/pages\/794\/revisions"}],"predecessor-version":[{"id":2320,"href":"https:\/\/ba-cup.com\/new\/wp-json\/wp\/v2\/pages\/794\/revisions\/2320"}],"wp:attachment":[{"href":"https:\/\/ba-cup.com\/new\/wp-json\/wp\/v2\/media?parent=794"}],"curies":[{"name":"wp","href":"https:\/\/api.w.org\/{rel}","templated":true}]}}