{"id":923,"date":"2024-08-19T15:05:36","date_gmt":"2024-08-19T15:05:36","guid":{"rendered":"https:\/\/ba-cup.com\/new\/?page_id=923"},"modified":"2025-01-24T15:35:55","modified_gmt":"2025-01-24T18:35:55","slug":"android","status":"publish","type":"page","link":"https:\/\/ba-cup.com\/new\/android\/","title":{"rendered":"android"},"content":{"rendered":"<div class=\"wpb-content-wrapper\"><p>[vc_row css_animation=\u00bb\u00bb row_type=\u00bbrow\u00bb use_row_as_full_screen_section=\u00bbno\u00bb type=\u00bbfull_width\u00bb angled_section=\u00bbno\u00bb text_align=\u00bbleft\u00bb background_image_as_pattern=\u00bbwithout_pattern\u00bb][vc_column][vc_single_image image=\u00bb787&#8243; img_size=\u00bbfull\u00bb qode_css_animation=\u00bb\u00bb][\/vc_column][\/vc_row][vc_row css_animation=\u00bb\u00bb row_type=\u00bbrow\u00bb use_row_as_full_screen_section=\u00bbno\u00bb type=\u00bbfull_width\u00bb angled_section=\u00bbno\u00bb text_align=\u00bbleft\u00bb background_image_as_pattern=\u00bbwithout_pattern\u00bb][vc_column][vc_empty_space][vc_row_inner row_type=\u00bbrow\u00bb type=\u00bbgrid\u00bb text_align=\u00bbleft\u00bb css_animation=\u00bb\u00bb][vc_column_inner width=\u00bb1\/2&#8243;][vc_column_text]<\/p>\n<h3>C\u00f3mo instalar la APP de BA Cup<\/h3>\n<p>[\/vc_column_text][vc_column_text]En la mayor\u00eda de los casos Android tiene deshabilitada por ejemplo la opci\u00f3n de instalar aplicaciones de or\u00edgenes desconocidos, que son todas las que no se instalan a trav\u00e9s de Google Play. Para ello ve a los <em>Ajustes<\/em> de Android, y una vez en ellos *pulsa sobre la opci\u00f3n *Seguridad***.<\/p>\n<p>Una vez dentro, <strong>pulsa sobre el interruptor que tienes al lado de la opci\u00f3n <em>Or\u00edgenes desconocidos<\/em><\/strong> para activarla. Google te avisar\u00e1 de que quedar\u00e1s expuesto a ataques que se puedan realizar como te hemos explicado a trav\u00e9s de estas aplicaciones, y pulsando <em>Aceptar<\/em> en este aviso ya tendr\u00e1s habilitada la opci\u00f3n*.[\/vc_column_text][vc_empty_space][\/vc_column_inner][vc_column_inner width=\u00bb1\/2&#8243;][vc_single_image image=\u00bb926&#8243; img_size=\u00bbmedium\u00bb alignment=\u00bbcenter\u00bb qode_css_animation=\u00bb\u00bb][\/vc_column_inner][\/vc_row_inner][vc_empty_space][vc_row_inner row_type=\u00bbrow\u00bb type=\u00bbgrid\u00bb text_align=\u00bbleft\u00bb css_animation=\u00bb\u00bb][vc_column_inner width=\u00bb1\/2&#8243;][vc_column_text]Ahora procede a descargar la aplicaci\u00f3n APK de BA Cup para tener toda la info de la copa.<\/p>\n<p>Cuando hayas bajado la aplicaci\u00f3n tendr\u00e1s una notificaci\u00f3n, y s\u00f3lo tendr\u00e1s que abrir el panel de notificaciones y <strong>pulsar sobre el nombre de la apk descargada<\/strong>.<\/p>\n<p>Si tienes habilitados los or\u00edgenes desconocidos te aparecer\u00e1 la tabla de informaci\u00f3n con todos los elementos de tu m\u00f3vil a los que va a acceder la app, y <strong>s\u00f3lo tendr\u00e1s que pulsar en <em>Instalar<\/em><\/strong> para proceder a instalarla. Si no lo tienes habilitados te dir\u00e1 que no puedes hacerlo, y en algunos casos te llevar\u00e1 directamente a la configuraci\u00f3n de seguridad para que la habilites.[\/vc_column_text][vc_empty_space]<a  itemprop=\"url\" href=\"https:\/\/ba-cup.com\/bacup.apk\" target=\"_self\"  class=\"qbutton  medium center default\" style=\"\">DESCARGAR APK<\/a>[vc_empty_space][\/vc_column_inner][vc_column_inner width=\u00bb1\/2&#8243;][vc_single_image image=\u00bb929&#8243; img_size=\u00bbmedium\u00bb alignment=\u00bbcenter\u00bb qode_css_animation=\u00bb\u00bb][\/vc_column_inner][\/vc_row_inner][vc_empty_space][\/vc_column][\/vc_row]<\/p>\n<\/div>","protected":false},"excerpt":{"rendered":"<p>[vc_row css_animation=\u00bb\u00bb row_type=\u00bbrow\u00bb use_row_as_full_screen_section=\u00bbno\u00bb type=\u00bbfull_width\u00bb angled_section=\u00bbno\u00bb text_align=\u00bbleft\u00bb background_image_as_pattern=\u00bbwithout_pattern\u00bb][vc_column][vc_single_image image=\u00bb787&#8243; img_size=\u00bbfull\u00bb qode_css_animation=\u00bb\u00bb][\/vc_column][\/vc_row][vc_row css_animation=\u00bb\u00bb row_type=\u00bbrow\u00bb use_row_as_full_screen_section=\u00bbno\u00bb type=\u00bbfull_width\u00bb angled_section=\u00bbno\u00bb text_align=\u00bbleft\u00bb background_image_as_pattern=\u00bbwithout_pattern\u00bb][vc_column][vc_empty_space][vc_row_inner row_type=\u00bbrow\u00bb type=\u00bbgrid\u00bb text_align=\u00bbleft\u00bb css_animation=\u00bb\u00bb][vc_column_inner width=\u00bb1\/2&#8243;][vc_column_text] C\u00f3mo instalar la APP de BA Cup&#8230;<\/p>\n","protected":false},"author":2,"featured_media":0,"parent":0,"menu_order":0,"comment_status":"closed","ping_status":"closed","template":"full_width.php","meta":{"footnotes":""},"class_list":["post-923","page","type-page","status-publish","hentry"],"_links":{"self":[{"href":"https:\/\/ba-cup.com\/new\/wp-json\/wp\/v2\/pages\/923","targetHints":{"allow":["GET"]}}],"collection":[{"href":"https:\/\/ba-cup.com\/new\/wp-json\/wp\/v2\/pages"}],"about":[{"href":"https:\/\/ba-cup.com\/new\/wp-json\/wp\/v2\/types\/page"}],"author":[{"embeddable":true,"href":"https:\/\/ba-cup.com\/new\/wp-json\/wp\/v2\/users\/2"}],"replies":[{"embeddable":true,"href":"https:\/\/ba-cup.com\/new\/wp-json\/wp\/v2\/comments?post=923"}],"version-history":[{"count":11,"href":"https:\/\/ba-cup.com\/new\/wp-json\/wp\/v2\/pages\/923\/revisions"}],"predecessor-version":[{"id":1754,"href":"https:\/\/ba-cup.com\/new\/wp-json\/wp\/v2\/pages\/923\/revisions\/1754"}],"wp:attachment":[{"href":"https:\/\/ba-cup.com\/new\/wp-json\/wp\/v2\/media?parent=923"}],"curies":[{"name":"wp","href":"https:\/\/api.w.org\/{rel}","templated":true}]}}