{"id":992,"date":"2024-08-20T18:13:11","date_gmt":"2024-08-20T18:13:11","guid":{"rendered":"https:\/\/ba-cup.com\/new\/?page_id=992"},"modified":"2024-08-20T21:50:57","modified_gmt":"2024-08-20T21:50:57","slug":"pago","status":"publish","type":"page","link":"https:\/\/ba-cup.com\/new\/pago\/","title":{"rendered":"pago"},"content":{"rendered":"<div class=\"wpb-content-wrapper\"><p>[vc_row css_animation=\u00bb\u00bb row_type=\u00bbrow\u00bb use_row_as_full_screen_section=\u00bbno\u00bb type=\u00bbfull_width\u00bb angled_section=\u00bbno\u00bb text_align=\u00bbleft\u00bb background_image_as_pattern=\u00bbwithout_pattern\u00bb][vc_column][vc_single_image image=\u00bb760&#8243; img_size=\u00bbfull\u00bb qode_css_animation=\u00bb\u00bb][\/vc_column][\/vc_row][vc_row css_animation=\u00bb\u00bb row_type=\u00bbrow\u00bb use_row_as_full_screen_section=\u00bbno\u00bb type=\u00bbfull_width\u00bb angled_section=\u00bbno\u00bb text_align=\u00bbleft\u00bb background_image_as_pattern=\u00bbwithout_pattern\u00bb css=\u00bb.vc_custom_1724190567036{background-color: #51ce2f !important;}\u00bb z_index=\u00bb\u00bb][vc_column][vc_empty_space][vc_row_inner row_type=\u00bbrow\u00bb type=\u00bbgrid\u00bb text_align=\u00bbcenter\u00bb css_animation=\u00bb\u00bb][vc_column_inner width=\u00bb1\/6&#8243;][\/vc_column_inner][vc_column_inner width=\u00bb2\/3&#8243;][vc_column_text]<\/p>\n<h3><span style=\"color: #ffffff;\">Usted esta por realizar un pago con tarjeta de cr\u00e9dito.<\/span><\/h3>\n<p>[\/vc_column_text][vc_empty_space]<a  itemprop=\"url\" href=\"https:\/\/www.fundagol.org\/donar\" target=\"_self\"  class=\"qbutton  medium center default  qode-button-shadow\" style=\"border-radius: 5px;-moz-border-radius: 5px;-webkit-border-radius: 5px; background-color:#319e2c;\">PAGAR ACEPTANDO TERMINOS<i class=\"qode_icon_font_awesome fa fa-credit-card qode_button_icon_element\"><\/i><\/a>[vc_empty_space][\/vc_column_inner][vc_column_inner width=\u00bb1\/6&#8243;][\/vc_column_inner][\/vc_row_inner][vc_empty_space][\/vc_column][\/vc_row][vc_row css_animation=\u00bb\u00bb row_type=\u00bbrow\u00bb use_row_as_full_screen_section=\u00bbno\u00bb type=\u00bbfull_width\u00bb angled_section=\u00bbno\u00bb text_align=\u00bbleft\u00bb background_image_as_pattern=\u00bbwithout_pattern\u00bb][vc_column][vc_row_inner row_type=\u00bbrow\u00bb type=\u00bbfull_width\u00bb text_align=\u00bbcenter\u00bb css_animation=\u00bb\u00bb side_padding=\u00bb2&#8243;][vc_column_inner][vc_empty_space]<div class=\"qode-accordion-holder clearfix qode-toggle qode-initial \">\n\t<h4 class=\"clearfix qode-title-holder\">\n<span class=\"qode-tab-title\">\n\t\t\t<span class=\"qode-tab-title-icon\">\n\t\t\t<i class=\"qode_icon_font_awesome fa fa-check \" ><\/i>\t\t<\/span>\n\t    <span class=\"qode-tab-title-inner\">\n        VER TERMINOS Y CONDICIONES    <\/span>\n<\/span>\n<span class=\"qode-accordion-mark\">\n    <span class=\"qode-accordion-mark-icon\">\n        <span class=\"icon_plus\"><\/span>\n        <span class=\"icon_minus-06\"><\/span>\n    <\/span>\n<\/span>\n<\/h4>\n<div  class=\"qode-accordion-content qode-acc-title-with-icon\" >\n    <div class=\"qode-accordion-content-inner\">\n        [vc_column_text]<\/p>\n<p style=\"text-align: left;\"><strong>Fundaci\u00f3n Gol:<\/strong> International Soccer Cultural Exchange Foundation Tel: +1 (650) 873-5064 www.fundagol.org<\/p>\n<hr \/>\n<p style=\"text-align: justify;\"><strong>T\u00c9RMINOS Y CONDICIONES DE COMPRA:<\/strong><br \/>\nEntre la organizaci\u00f3n Fundaci\u00f3n Gol con sede en California, Estados Unidos de Norte Am\u00e9rica y el titular de la tarjeta de cr\u00e9dito o d\u00e9bito, o titular de la cuenta bancaria de la que realiza la transferencia, celebran el siguiente contrato de prestaci\u00f3n de servicios de turismo deportivo en el marco de la copa internacional BA Cup y otros servicios \/ eventos oficiales de Fundaci\u00f3n Gol, bajo los siguientes t\u00e9rminos y condiciones: \u2013 Fundaci\u00f3n Gol se compromete en brindar los servicios oficiales preestablecidos del torneo BA Cup y otros servicios \/ eventos oficiales de Fundaci\u00f3n Gol, seg\u00fan contrato de servicios enviados y aceptados por el responsable del grupo. \u2013 Para los pagos con tarjeta de cr\u00e9dito o d\u00e9bito, no se sumar\u00e1 ning\u00fan cargo administrativo. En caso de transferencia bancaria el contratante de los servicios a Fundaci\u00f3n Gol deber\u00e1 pagar los gastos de transferencias del banco emisor de las mismas. \u2013 Fundaci\u00f3n Gol se obliga a cumplir con lo anteriormente, siempre y cuando se cumplan los t\u00e9rminos y fechas preestablecidas de pago. Por lo tanto, no responder\u00e1 por los cambios que se pudieran ocasionarse en caso del no pago oportuno. \u2013 El titular de la tarjeta con la que se realiza el pago ser\u00e1 tambi\u00e9n responsable del comportamiento y sus consecuencias de todos los viajeros a quienes se le aplica este pago. Ver Reglas de Comportamiento en el sitio web del torneo www.ba-cup.com o solicitarlas por correo electr\u00f3nico. \u2013 Caso Fortuito o de Fuerza Mayor: Fundaci\u00f3n Gol no asume responsabilidad alguna por si (caso fortuito o de fuerza mayor) no se pudiera cumplir con cualquiera de las obligaciones en materia del presente contrato. Se consideran actos tales como: terremotos, huracanes, otros siniestros, incumplimiento de las aerol\u00edneas en los itinerarios de viaje, actos y consecuencias de vandalismo, terrorismo y conmoci\u00f3n social, huelgas, paros y \/ o dem\u00e1s hechos imprevisibles debidamente justificados, como as\u00ed mismo problemas migratorios que impidieran ingresar\/salir al\/del pa\u00eds a la delegaci\u00f3n y\/o persona\/as, no pudiendo tomar los servicios contratados. \u2013 Desistimiento del viaje: Para los equipos que solicitaran los reintegros de gastos de alojamiento, transportaci\u00f3n y alimentos, s\u00f3lo se realizar\u00e1n si recibimos su aviso por escrito de la no participaci\u00f3n con 90 d\u00edas previo de la fecha de salida del viaje. \u2013 La inscripci\u00f3n del jugador no es reembolsable. En caso de que alg\u00fan pasajero, decidiera desistir del viaje sin 90 d\u00edas de aviso previo, Fundaci\u00f3n Gol no realizar\u00e1 devoluci\u00f3n alguna del dinero abonado por ning\u00fan motivo. Sin embargo, este s\u00ed podr\u00e1 ser usado por otra persona en su reemplazo, dentro de la misma delegaci\u00f3n y para la misma edici\u00f3n del torneo o evento, siempre y cuando este cambio sea solicitado con un aviso previo de al menos 30 d\u00edas antes \ufffcdel comienzo del viaje. \u2013 Problemas Migratorios: Fundaci\u00f3n Gol y u organizadores de los eventos no realizar\u00e1 devoluci\u00f3n alguna del dinero abonado en el caso de no poder ingresar el pa\u00eds, por falta de cumplimiento con los requisitos tanto de entrada y salida con menores\/adultos al pa\u00eds de destino como as\u00ed tambi\u00e9n los mismos requisitos solicitados por su pa\u00eds. Es responsabilidad del contratante del servicio (titular de la tarjeta de cr\u00e9dito\/d\u00e9bito) y del grupo con cual viajar\u00e1 de tomar contacto con el consulado y\/u organismo del gobierno m\u00e1s pr\u00f3ximo a su ciudad para estar informados de todos los requisitos obligatorios. Estos requerimientos legales que se pudieran solicitar son de responsabilidad \u00fanica de los padres y encargados de cada delegaci\u00f3n, no correspondiendo a nuestra organizaci\u00f3n ni a BA Cup ni a otro torneo o servicio contratado a Fundaci\u00f3n Gol. \u2013 Reclamos y reembolsos por fraude: Fundaci\u00f3n Gol y u organizadores de los eventos no realizar\u00e1 devoluci\u00f3n alguna del dinero abonado, ya sea tanto por los motivos de los puntos anteriormente mencionados como as\u00ed tambi\u00e9n en cualquier otro caso que no haya sido mencionado en tales \u00edtems, tenga la intenci\u00f3n de fraude o no, por parte del titular de la tarjeta o cualquier miembro de la delegaci\u00f3n. Realizando el pago en efectivo, con tarjeta de d\u00e9bito \/ cr\u00e9dito o transferencia bancaria, est\u00e1 aceptando los t\u00e9rminos y condiciones presentados en este documento.<\/p>\n<p>[\/vc_column_text]    <\/div>\n<\/div><\/div>[\/vc_column_inner][\/vc_row_inner][vc_empty_space][\/vc_column][\/vc_row]<\/p>\n<\/div>","protected":false},"excerpt":{"rendered":"<p>[vc_row css_animation=\u00bb\u00bb row_type=\u00bbrow\u00bb use_row_as_full_screen_section=\u00bbno\u00bb type=\u00bbfull_width\u00bb angled_section=\u00bbno\u00bb text_align=\u00bbleft\u00bb background_image_as_pattern=\u00bbwithout_pattern\u00bb][vc_column][vc_single_image image=\u00bb760&#8243; img_size=\u00bbfull\u00bb qode_css_animation=\u00bb\u00bb][\/vc_column][\/vc_row][vc_row css_animation=\u00bb\u00bb row_type=\u00bbrow\u00bb use_row_as_full_screen_section=\u00bbno\u00bb type=\u00bbfull_width\u00bb angled_section=\u00bbno\u00bb text_align=\u00bbleft\u00bb background_image_as_pattern=\u00bbwithout_pattern\u00bb css=\u00bb.vc_custom_1724190567036{background-color: #51ce2f !important;}\u00bb z_index=\u00bb\u00bb][vc_column][vc_empty_space][vc_row_inner row_type=\u00bbrow\u00bb type=\u00bbgrid\u00bb text_align=\u00bbcenter\u00bb css_animation=\u00bb\u00bb][vc_column_inner width=\u00bb1\/6&#8243;][\/vc_column_inner][vc_column_inner width=\u00bb2\/3&#8243;][vc_column_text] Usted esta&#8230;<\/p>\n","protected":false},"author":2,"featured_media":0,"parent":0,"menu_order":0,"comment_status":"closed","ping_status":"closed","template":"full_width.php","meta":{"footnotes":""},"class_list":["post-992","page","type-page","status-publish","hentry"],"_links":{"self":[{"href":"https:\/\/ba-cup.com\/new\/wp-json\/wp\/v2\/pages\/992","targetHints":{"allow":["GET"]}}],"collection":[{"href":"https:\/\/ba-cup.com\/new\/wp-json\/wp\/v2\/pages"}],"about":[{"href":"https:\/\/ba-cup.com\/new\/wp-json\/wp\/v2\/types\/page"}],"author":[{"embeddable":true,"href":"https:\/\/ba-cup.com\/new\/wp-json\/wp\/v2\/users\/2"}],"replies":[{"embeddable":true,"href":"https:\/\/ba-cup.com\/new\/wp-json\/wp\/v2\/comments?post=992"}],"version-history":[{"count":24,"href":"https:\/\/ba-cup.com\/new\/wp-json\/wp\/v2\/pages\/992\/revisions"}],"predecessor-version":[{"id":1045,"href":"https:\/\/ba-cup.com\/new\/wp-json\/wp\/v2\/pages\/992\/revisions\/1045"}],"wp:attachment":[{"href":"https:\/\/ba-cup.com\/new\/wp-json\/wp\/v2\/media?parent=992"}],"curies":[{"name":"wp","href":"https:\/\/api.w.org\/{rel}","templated":true}]}}